{"id":1249,"date":"2024-02-06T06:41:30","date_gmt":"2024-02-06T06:41:30","guid":{"rendered":"https:\/\/aps-eb.de\/?post_type=product&#038;p=1249"},"modified":"2025-12-20T10:28:33","modified_gmt":"2025-12-20T10:28:33","slug":"kinetic-combat-shirt-long-sleeve-olivegruen","status":"publish","type":"product","link":"https:\/\/www.aps-eb.de\/es\/categorie\/kinetic-combat-shirt-long-sleeve-olivegruen\/","title":{"rendered":"Camisa de combate Kinetic\u00ae - Manga Larga - Olive Green"},"content":{"rendered":"<h4>Camisa de combate Kinetic\u00ae - Manga Larga - Olive Green<\/h4>\n<ul class=\"a-unordered-list a-vertical a-spacing-mini\">\n<li>Cuerpo, yugo y pliegues laterales: 5.2 onzas de punto de piqu\u00e9 doble de 100 % poli\u00e9steres<\/li>\n<li>Cuello y mangas: 4.5 oz 65 % Poli\u00e9ster \/ 32 % Algod\u00f3n \/ 3 % Elastano NexStretch Ripstop<\/li>\n<li>La protecci\u00f3n de tela de tefl\u00f3n en el cuello y las mangas repele las manchas y los l\u00edquidos<\/li>\n<li>1\/4-zip frontal con cuello de pie<\/li>\n<li>Cuerpo de punto libre de fricci\u00f3n y resistente a las pastillas<\/li>\n<li>Antimicrobianos\/inhibidores del olor<\/li>\n<li>Secado r\u00e1pido<\/li>\n<li>Bolsillos de manga con cremallera con bucles para identificaci\u00f3n e insignias<\/li>\n<li>Codos reforzados<\/li>\n<li>Pu\u00f1os ajustables con cierre de velcro<\/li>\n<li>Retroceso extendido<\/li>\n<li>Importado<\/li>\n<\/ul>\n<p>\u00a1Productos originales de EE.UU.!<br \/>\nLa camisa es muy grande, en caso de duda pedir un n\u00famero m\u00e1s peque\u00f1o!!<\/p>\n<p>La camisa de combate cin\u00e9tica ha sido especialmente dise\u00f1ada para satisfacer las necesidades de las fuerzas del orden y los oficiales militares en t\u00e9rminos de funci\u00f3n y comodidad bajo armadura corporal pesada y golpea la marca. El cuerpo de la camisa se compone de los mejores 100 resistentes al desgarro de nuestra industria % Poli\u00e9ster con propiedades absorbentes de humedad, de secado r\u00e1pido y antimicrobianas para mantenerte fresco y fresco durante todo el d\u00eda. Las mangas y el cuello est\u00e1n hechos de nuestro tejido ripstop NexStretch, una combinaci\u00f3n de poli\u00e9ster, algod\u00f3n y spandex que proporciona una libertad de movimiento \u00f3ptima. Esta camisa est\u00e1 equipada con pr\u00e1cticos bolsillos de almacenamiento, compartimentos para bol\u00edgrafos y bolsillos de bucle para identificaci\u00f3n e insignias. Las mangas ragl\u00e1n con refuerzos en el antebrazo proporcionan una libertad de movimiento excepcional, mientras que los ribetes reforzados en los codos contribuyen a la durabilidad. El cuello de pie y la cremallera 1\/4 en la parte delantera est\u00e1n forrados con una malla suave y transpirable para evitar la abrasi\u00f3n y aumentar la comodidad.<\/p>","protected":false},"excerpt":{"rendered":"<h4>Camisa de combate Kinetic\u00ae - Manga Larga - Olive Green<\/h4>","protected":false},"featured_media":1262,"comment_status":"open","ping_status":"closed","template":"","meta":{"_rtcl_gb_attr":"","ngg_post_thumbnail":0},"product_brand":[],"product_cat":[332],"product_tag":[87,144,145,85],"class_list":{"0":"post-1249","1":"product","2":"type-product","3":"status-publish","4":"has-post-thumbnail","6":"product_cat-shirts","7":"product_tag-combat-shirt","8":"product_tag-kinetic","9":"product_tag-kinetic-combat-shirt-long-sleeve-olivegruen","10":"product_tag-us-army","11":"pa_groesse-l","12":"pa_groesse-m","13":"pa_groesse-s","14":"pa_groesse-xl","15":"pa_groesse-xs","16":"pa_groesse-xxl","18":"first","19":"instock","20":"taxable","21":"shipping-taxable","22":"purchasable","23":"product-type-variable","24":"has-default-attributes"},"bundled_by":[],"bundle_stock_status":"instock","bundle_stock_quantity":null,"bundle_virtual":false,"bundle_layout":"","bundle_add_to_cart_form_location":"","bundle_editable_in_cart":false,"bundle_sold_individually_context":"","bundle_item_grouping":"","bundle_min_size":"","bundle_max_size":"","bundle_price":[],"bundled_items":[],"bundle_sell_ids":[],"jetpack_sharing_enabled":true,"_links":{"self":[{"href":"https:\/\/www.aps-eb.de\/es\/wp-json\/wp\/v2\/product\/1249","targetHints":{"allow":["GET"]}}],"collection":[{"href":"https:\/\/www.aps-eb.de\/es\/wp-json\/wp\/v2\/product"}],"about":[{"href":"https:\/\/www.aps-eb.de\/es\/wp-json\/wp\/v2\/types\/product"}],"replies":[{"embeddable":true,"href":"https:\/\/www.aps-eb.de\/es\/wp-json\/wp\/v2\/comments?post=1249"}],"wp:featuredmedia":[{"embeddable":true,"href":"https:\/\/www.aps-eb.de\/es\/wp-json\/wp\/v2\/media\/1262"}],"wp:attachment":[{"href":"https:\/\/www.aps-eb.de\/es\/wp-json\/wp\/v2\/media?parent=1249"}],"wp:term":[{"taxonomy":"product_brand","embeddable":true,"href":"https:\/\/www.aps-eb.de\/es\/wp-json\/wp\/v2\/product_brand?post=1249"},{"taxonomy":"product_cat","embeddable":true,"href":"https:\/\/www.aps-eb.de\/es\/wp-json\/wp\/v2\/product_cat?post=1249"},{"taxonomy":"product_tag","embeddable":true,"href":"https:\/\/www.aps-eb.de\/es\/wp-json\/wp\/v2\/product_tag?post=1249"}],"curies":[{"name":"wp","href":"https:\/\/api.w.org\/{rel}","templated":true}]}}