{"id":1339,"date":"2024-02-07T12:51:23","date_gmt":"2024-02-07T12:51:23","guid":{"rendered":"https:\/\/aps-eb.de\/?post_type=product&#038;p=1339"},"modified":"2026-04-29T12:12:02","modified_gmt":"2026-04-29T12:12:02","slug":"poly-cotton-twill-flight-suit-fliegerkombi-air-force-tan","status":"publish","type":"product","link":"https:\/\/www.aps-eb.de\/es\/categorie\/poly-cotton-twill-flight-suit-fliegerkombi-air-force-tan\/","title":{"rendered":"Traje de vuelo de sarga de algod\u00f3n polivin\u00edlico - Air Force Tan"},"content":{"rendered":"<h4>Color: Tan de la Fuerza A\u00e9rea - NUEVO<\/h4>\n<ul>\n<li>Costuras recortadas continuamente para una mayor durabilidad<\/li>\n<li>Cremallera de 2 v\u00edas en la parte delantera<\/li>\n<li>Hombros reforzados para evitar el desgaste<\/li>\n<li>La espalda bi-swing mejora la libertad de movimiento, hombros reforzados para evitar el desgaste<\/li>\n<li>Cintur\u00f3n de cadera ajustable con cierre de velcro<\/li>\n<li>Seis bolsillos principales con bolsillos adicionales para accesorios<\/li>\n<li>Velcro ajustable en los pu\u00f1os<\/li>\n<li>Aberturas de las piernas con cremallera<\/li>\n<\/ul>","protected":false},"excerpt":{"rendered":"<p class=\"text-lg mt-4 mb-3 md:text-28 font-bold text-bluepropper font-Opensans\">Traje de vuelo de sarga de algod\u00f3n polivin\u00edlico - Air Force Tan<\/p>","protected":false},"featured_media":636,"comment_status":"open","ping_status":"closed","template":"","meta":{"_rtcl_gb_attr":"","ngg_post_thumbnail":0},"product_brand":[],"product_cat":[328],"product_tag":[83],"class_list":{"0":"post-1339","1":"product","2":"type-product","3":"status-publish","4":"has-post-thumbnail","6":"product_cat-fliegerkombis","7":"product_tag-fliegerkombi","9":"first","10":"instock","11":"taxable","12":"shipping-taxable","13":"purchasable","14":"product-type-variable","15":"has-default-attributes"},"bundled_by":[],"bundle_stock_status":"instock","bundle_stock_quantity":15,"bundle_virtual":false,"bundle_layout":"","bundle_add_to_cart_form_location":"","bundle_editable_in_cart":false,"bundle_sold_individually_context":"","bundle_item_grouping":"","bundle_min_size":"","bundle_max_size":"","bundle_price":[],"bundled_items":[],"bundle_sell_ids":[],"jetpack_sharing_enabled":true,"_links":{"self":[{"href":"https:\/\/www.aps-eb.de\/es\/wp-json\/wp\/v2\/product\/1339","targetHints":{"allow":["GET"]}}],"collection":[{"href":"https:\/\/www.aps-eb.de\/es\/wp-json\/wp\/v2\/product"}],"about":[{"href":"https:\/\/www.aps-eb.de\/es\/wp-json\/wp\/v2\/types\/product"}],"replies":[{"embeddable":true,"href":"https:\/\/www.aps-eb.de\/es\/wp-json\/wp\/v2\/comments?post=1339"}],"wp:featuredmedia":[{"embeddable":true,"href":"https:\/\/www.aps-eb.de\/es\/wp-json\/wp\/v2\/media\/636"}],"wp:attachment":[{"href":"https:\/\/www.aps-eb.de\/es\/wp-json\/wp\/v2\/media?parent=1339"}],"wp:term":[{"taxonomy":"product_brand","embeddable":true,"href":"https:\/\/www.aps-eb.de\/es\/wp-json\/wp\/v2\/product_brand?post=1339"},{"taxonomy":"product_cat","embeddable":true,"href":"https:\/\/www.aps-eb.de\/es\/wp-json\/wp\/v2\/product_cat?post=1339"},{"taxonomy":"product_tag","embeddable":true,"href":"https:\/\/www.aps-eb.de\/es\/wp-json\/wp\/v2\/product_tag?post=1339"}],"curies":[{"name":"wp","href":"https:\/\/api.w.org\/{rel}","templated":true}]}}