{"id":1494,"date":"2024-03-07T06:04:05","date_gmt":"2024-03-07T06:04:05","guid":{"rendered":"https:\/\/aps-eb.de\/?post_type=product&#038;p=1494"},"modified":"2025-10-05T08:59:12","modified_gmt":"2025-10-05T08:59:12","slug":"us-army-gen-iii-polartec-fleece-jacke","status":"publish","type":"product","link":"https:\/\/www.aps-eb.de\/es\/categorie\/us-army-gen-iii-polartec-fleece-jacke\/","title":{"rendered":"US-Army Gen III Polartec\u00ae Chaqueta de lana"},"content":{"rendered":"<h4>US-Army Gen III Polartec\u00ae Chaqueta de lana<\/h4>\n<ul>\n<li>100 % Polartec\u00ae Thermal Pro\u00ae polar<\/li>\n<li>El tejido Polartec\u00ae Thermal Pro\u00ae es 30 veces m\u00e1s duradero que el vell\u00f3n convencional<\/li>\n<li>Refuerzos de nylon en cuello, hombros y codos<\/li>\n<li>Los paneles laterales hechos de vell\u00f3n de malla el\u00e1stica garantizan comodidad y transpirabilidad<\/li>\n<li>Cosido a la especificaci\u00f3n militar GL\/PD-06-03<\/li>\n<li>Color y resistencia al encogimiento<\/li>\n<li>Bolsos del calentador de la mano<\/li>\n<li>Dos bolsillos internos en el pecho<\/li>\n<li>Mangas ragl\u00e1n para una mejor libertad de movimiento<\/li>\n<li>Pu\u00f1os el\u00e1sticos<\/li>\n<li>Importaci\u00f3n de EE.UU.<\/li>\n<\/ul>\n<p>La chaqueta polar Gen III Polartec\u00ae est\u00e1 dise\u00f1ada para su uso con el sistema de ropa de clima fr\u00edo extendido y est\u00e1 lista para su uso activo. Est\u00e1 cosido de acuerdo con las especificaciones militares actuales. Esta chaqueta tambi\u00e9n es ideal para acampar, caminar y trabajar al aire libre, manteni\u00e9ndote caliente incluso en temperaturas m\u00e1s fr\u00edas gracias al tejido Polartec\u00ae Thermal Pro\u00ae de alta calidad, que es 30 veces m\u00e1s duradero que el vell\u00f3n convencional.<\/p>","protected":false},"excerpt":{"rendered":"<h4>US-Army Gen III Polartec\u00ae Chaqueta de lana<\/h4>","protected":false},"featured_media":1496,"comment_status":"open","ping_status":"closed","template":"","meta":{"_rtcl_gb_attr":"","ngg_post_thumbnail":0},"product_brand":[],"product_cat":[329],"product_tag":[160,164,85],"class_list":{"0":"post-1494","1":"product","2":"type-product","3":"status-publish","4":"has-post-thumbnail","6":"product_cat-jacken","7":"product_tag-fleece-jacke","8":"product_tag-polartec","9":"product_tag-us-army","11":"first","12":"instock","13":"taxable","14":"shipping-taxable","15":"purchasable","16":"product-type-variable","17":"has-default-attributes"},"bundled_by":[],"bundle_stock_status":"instock","bundle_stock_quantity":null,"bundle_virtual":false,"bundle_layout":"","bundle_add_to_cart_form_location":"","bundle_editable_in_cart":false,"bundle_sold_individually_context":"","bundle_item_grouping":"","bundle_min_size":"","bundle_max_size":"","bundle_price":[],"bundled_items":[],"bundle_sell_ids":[],"jetpack_sharing_enabled":true,"_links":{"self":[{"href":"https:\/\/www.aps-eb.de\/es\/wp-json\/wp\/v2\/product\/1494","targetHints":{"allow":["GET"]}}],"collection":[{"href":"https:\/\/www.aps-eb.de\/es\/wp-json\/wp\/v2\/product"}],"about":[{"href":"https:\/\/www.aps-eb.de\/es\/wp-json\/wp\/v2\/types\/product"}],"replies":[{"embeddable":true,"href":"https:\/\/www.aps-eb.de\/es\/wp-json\/wp\/v2\/comments?post=1494"}],"wp:featuredmedia":[{"embeddable":true,"href":"https:\/\/www.aps-eb.de\/es\/wp-json\/wp\/v2\/media\/1496"}],"wp:attachment":[{"href":"https:\/\/www.aps-eb.de\/es\/wp-json\/wp\/v2\/media?parent=1494"}],"wp:term":[{"taxonomy":"product_brand","embeddable":true,"href":"https:\/\/www.aps-eb.de\/es\/wp-json\/wp\/v2\/product_brand?post=1494"},{"taxonomy":"product_cat","embeddable":true,"href":"https:\/\/www.aps-eb.de\/es\/wp-json\/wp\/v2\/product_cat?post=1494"},{"taxonomy":"product_tag","embeddable":true,"href":"https:\/\/www.aps-eb.de\/es\/wp-json\/wp\/v2\/product_tag?post=1494"}],"curies":[{"name":"wp","href":"https:\/\/api.w.org\/{rel}","templated":true}]}}