{"id":1754,"date":"2024-05-14T05:25:04","date_gmt":"2024-05-14T05:25:04","guid":{"rendered":"https:\/\/aps-eb.de\/?post_type=product&#038;p=1754"},"modified":"2025-09-26T09:44:09","modified_gmt":"2025-09-26T09:44:09","slug":"bremsbelag-cleveland-066-10500","status":"publish","type":"product","link":"https:\/\/www.aps-eb.de\/es\/categorie\/bremsbelag-cleveland-066-10500\/","title":{"rendered":"Pastilla de freno Cleveland 066-10500"},"content":{"rendered":"<h1 class=\"product-info-title\">Pastilla de freno Cleveland 066-10500<\/h1>\n<p>Pastilla de freno semimet\u00e1lica\/org\u00e1nica (abrasiva)<\/p>\n<p>Pastillas de freno met\u00e1licas y semimet\u00e1licas<br \/>\nHay dos tipos de pastillas de freno disponibles: semimet\u00e1lico\/org\u00e1nico (abrasivo) y met\u00e1lico (adhesivo). El n\u00famero de pieza del conjunto de frenos especificado por el OEM determina qu\u00e9 tipo de forro debe utilizarse.<\/p>\n<p>Los forros semimet\u00e1licos est\u00e1n formados por fibras Kevlar integradas en el material, que garantizan la m\u00e1xima potencia de frenado y una larga vida \u00fatil del forro. La temperatura de funcionamiento \u00f3ptima de las pastillas de freno semimet\u00e1licas es de 600-900 \u00b0F.<\/p>\n<p>El componente principal de las pastillas de freno met\u00e1licas es el hierro. En un sistema de adhesi\u00f3n, una capa delgada de material de la pastilla de freno se transfiere al disco cuando entra y se adhiere a \u00e9l. El rango \u00f3ptimo de temperatura de funcionamiento de las pastillas de freno met\u00e1licas es de 950-1200 \u00b0F.<\/p>\n<p>Los revestimientos se pueden utilizar con todos los discos OEM o PMA.<\/p>","protected":false},"excerpt":{"rendered":"<h1 class=\"product-info-title\">Pastilla de freno Cleveland 066-10500<\/h1>","protected":false},"featured_media":1736,"comment_status":"open","ping_status":"closed","template":"","meta":{"_rtcl_gb_attr":"","ngg_post_thumbnail":0},"product_brand":[],"product_cat":[19],"product_tag":[74,72],"class_list":{"0":"post-1754","1":"product","2":"type-product","3":"status-publish","4":"has-post-thumbnail","6":"product_cat-bremskomponenten","7":"product_tag-066-30026","8":"product_tag-cleevland","10":"first","11":"instock","12":"taxable","13":"shipping-taxable","14":"purchasable","15":"product-type-simple"},"bundled_by":[],"bundle_stock_status":"instock","bundle_stock_quantity":10,"bundle_virtual":false,"bundle_layout":"","bundle_add_to_cart_form_location":"","bundle_editable_in_cart":false,"bundle_sold_individually_context":"","bundle_item_grouping":"","bundle_min_size":"","bundle_max_size":"","bundle_price":[],"bundled_items":[],"bundle_sell_ids":[],"jetpack_sharing_enabled":true,"_links":{"self":[{"href":"https:\/\/www.aps-eb.de\/es\/wp-json\/wp\/v2\/product\/1754","targetHints":{"allow":["GET"]}}],"collection":[{"href":"https:\/\/www.aps-eb.de\/es\/wp-json\/wp\/v2\/product"}],"about":[{"href":"https:\/\/www.aps-eb.de\/es\/wp-json\/wp\/v2\/types\/product"}],"replies":[{"embeddable":true,"href":"https:\/\/www.aps-eb.de\/es\/wp-json\/wp\/v2\/comments?post=1754"}],"wp:featuredmedia":[{"embeddable":true,"href":"https:\/\/www.aps-eb.de\/es\/wp-json\/wp\/v2\/media\/1736"}],"wp:attachment":[{"href":"https:\/\/www.aps-eb.de\/es\/wp-json\/wp\/v2\/media?parent=1754"}],"wp:term":[{"taxonomy":"product_brand","embeddable":true,"href":"https:\/\/www.aps-eb.de\/es\/wp-json\/wp\/v2\/product_brand?post=1754"},{"taxonomy":"product_cat","embeddable":true,"href":"https:\/\/www.aps-eb.de\/es\/wp-json\/wp\/v2\/product_cat?post=1754"},{"taxonomy":"product_tag","embeddable":true,"href":"https:\/\/www.aps-eb.de\/es\/wp-json\/wp\/v2\/product_tag?post=1754"}],"curies":[{"name":"wp","href":"https:\/\/api.w.org\/{rel}","templated":true}]}}