{"id":1875,"date":"2024-11-28T08:47:52","date_gmt":"2024-11-28T08:47:52","guid":{"rendered":"https:\/\/aps-eb.de\/?post_type=product&#038;p=1875"},"modified":"2025-10-05T09:14:48","modified_gmt":"2025-10-05T09:14:48","slug":"taktische-tragetasche-2","status":"publish","type":"product","link":"https:\/\/www.aps-eb.de\/es\/categorie\/taktische-tragetasche-2\/","title":{"rendered":"Bolso de transporte t\u00e1ctico"},"content":{"rendered":"<h4 id=\"tw-target-text\" class=\"tw-data-text tw-text-large tw-ta\" dir=\"ltr\" data-placeholder=\"Translation\">Bolso de transporte t\u00e1ctico<\/h4>\n<ul>\n<li>100 % nylon<\/li>\n<li>Correas compatibles con MOLLE para dise\u00f1o individual<\/li>\n<li>Bolsillo delantero con cremallera y bolsillo interior de velcro<\/li>\n<li>Forro de contraste para una mejor visibilidad<\/li>\n<li>Asas de goma duraderas en ambos lados Correa de hombro ajustable acolchada<\/li>\n<li>Panel de velcro externo para parches<\/li>\n<li>T\u00fanel de zapatos<\/li>\n<li>suelo reforzado<\/li>\n<li>Probado y aprobado por los miembros de NTOA<\/li>\n<li>Importado<\/li>\n<\/ul>\n<p>Materiales robustos y suficiente espacio de almacenamiento para que est\u00e9 listo para cualquier viaje o misi\u00f3n. El Tactical Duffle est\u00e1 hecho de nylon Cordura duradero y un fondo reforzado para mayor estabilidad. La correa de hombro acolchada y las asas de goma hacen que esta bolsa sea f\u00e1cil de llevar incluso cuando est\u00e1 cargada con todos los elementos esenciales. Mantenga sus zapatos o botas separadas de otros art\u00edculos en el t\u00fanel lateral de zapatos, que se expande hacia adentro, y personal\u00edcelo con espacio de almacenamiento adicional con correas compatibles con MOLLE y paneles de bolsillo internos forrados con bucles.<\/p>","protected":false},"excerpt":{"rendered":"<h4 id=\"tw-target-text\" class=\"tw-data-text tw-text-large tw-ta\" dir=\"ltr\" data-placeholder=\"Translation\">Bolso de transporte t\u00e1ctico<\/h4>","protected":false},"featured_media":1880,"comment_status":"open","ping_status":"closed","template":"","meta":{"_rtcl_gb_attr":"","ngg_post_thumbnail":0},"product_brand":[],"product_cat":[330],"product_tag":[134,133,132,85],"class_list":{"0":"post-1875","1":"product","2":"type-product","3":"status-publish","4":"has-post-thumbnail","6":"product_cat-taschen-backpacks","7":"product_tag-kartentasche","8":"product_tag-pilotentasche","9":"product_tag-tragetasche","10":"product_tag-us-army","11":"pa_farbe-coyote","12":"pa_farbe-schwarz","14":"first","15":"instock","16":"taxable","17":"shipping-taxable","18":"purchasable","19":"product-type-variable"},"bundled_by":[],"bundle_stock_status":"instock","bundle_stock_quantity":10,"bundle_virtual":false,"bundle_layout":"","bundle_add_to_cart_form_location":"","bundle_editable_in_cart":false,"bundle_sold_individually_context":"","bundle_item_grouping":"","bundle_min_size":"","bundle_max_size":"","bundle_price":[],"bundled_items":[],"bundle_sell_ids":[],"jetpack_sharing_enabled":true,"_links":{"self":[{"href":"https:\/\/www.aps-eb.de\/es\/wp-json\/wp\/v2\/product\/1875","targetHints":{"allow":["GET"]}}],"collection":[{"href":"https:\/\/www.aps-eb.de\/es\/wp-json\/wp\/v2\/product"}],"about":[{"href":"https:\/\/www.aps-eb.de\/es\/wp-json\/wp\/v2\/types\/product"}],"replies":[{"embeddable":true,"href":"https:\/\/www.aps-eb.de\/es\/wp-json\/wp\/v2\/comments?post=1875"}],"wp:featuredmedia":[{"embeddable":true,"href":"https:\/\/www.aps-eb.de\/es\/wp-json\/wp\/v2\/media\/1880"}],"wp:attachment":[{"href":"https:\/\/www.aps-eb.de\/es\/wp-json\/wp\/v2\/media?parent=1875"}],"wp:term":[{"taxonomy":"product_brand","embeddable":true,"href":"https:\/\/www.aps-eb.de\/es\/wp-json\/wp\/v2\/product_brand?post=1875"},{"taxonomy":"product_cat","embeddable":true,"href":"https:\/\/www.aps-eb.de\/es\/wp-json\/wp\/v2\/product_cat?post=1875"},{"taxonomy":"product_tag","embeddable":true,"href":"https:\/\/www.aps-eb.de\/es\/wp-json\/wp\/v2\/product_tag?post=1875"}],"curies":[{"name":"wp","href":"https:\/\/api.w.org\/{rel}","templated":true}]}}