{"id":2027,"date":"2025-02-12T08:58:12","date_gmt":"2025-02-12T08:58:12","guid":{"rendered":"https:\/\/aps-eb.de\/?post_type=product&#038;p=2027"},"modified":"2025-11-17T11:22:14","modified_gmt":"2025-11-17T11:22:14","slug":"m65-field-coat-m65-feldjacke","status":"publish","type":"product","link":"https:\/\/www.aps-eb.de\/es\/categorie\/m65-field-coat-m65-feldjacke\/","title":{"rendered":"Chaqueta de campo M65 - Chaqueta de campo M65"},"content":{"rendered":"<h4>Chaqueta de campo M65 - Chaqueta de campo M65<\/h4>\n<ul>\n<li>8.5 oz 50 % Nylon \/ 50 % Sat\u00e9n de algod\u00f3n<\/li>\n<li>Fabricado seg\u00fan especificaciones militares<\/li>\n<li>El tratamiento duradero repelente al agua (DWR) resiste la suciedad y la humedad<\/li>\n<li>Capa exterior totalmente forrada con forro acolchado extra\u00edble con tapeta de bot\u00f3n<\/li>\n<li>Capucha resistente en cuello estibable<\/li>\n<li>Dise\u00f1o de 4 bolsillos con botones de presi\u00f3n<\/li>\n<li>Solapa de tormenta con cremallera Vislon\u00ae<\/li>\n<li>Cintura y dobladillo ajustables con cord\u00f3n ajustable<\/li>\n<li>Secci\u00f3n de hombro de dos piezas para mayor rango de movimientoii<\/li>\n<li>Pu\u00f1os ajustables con cierre de velcro<\/li>\n<li>Importaci\u00f3n de EE.UU.<\/li>\n<\/ul>\n<p>Una vez que una prenda de primera clase para ropa exterior militar, la chaqueta de campo Propper\u00ae M65 se ha convertido en un icono y favorito del cliente! Las caracter\u00edsticas cl\u00e1sicas como las paletas, la capucha polvorienta, la solapa de tormenta y los cuatro bolsillos con solapa con botones de presi\u00f3n subrayan el estilo funcional y pr\u00e1ctico. Una mezcla 50\/50 de nylon y algod\u00f3n satinado y un forro acolchado extra\u00edble proporcionan una capa extra de calor en temperaturas fr\u00edas, mientras que un recubrimiento duradero repelente al agua (DWR) te mantiene seco y se ve muy bien. Perfecto como una chaqueta de campo en el viento y el clima o como una capa casual en la ciudad.<\/p>","protected":false},"excerpt":{"rendered":"<h4>Chaqueta de campo M65 - Chaqueta de campo M65<\/h4>","protected":false},"featured_media":2125,"comment_status":"open","ping_status":"closed","template":"","meta":{"_rtcl_gb_attr":"","ngg_post_thumbnail":0},"product_brand":[],"product_cat":[329],"product_tag":[168,167,166,163,161,147,85,162],"class_list":{"0":"post-2027","1":"product","2":"type-product","3":"status-publish","4":"has-post-thumbnail","6":"product_cat-jacken","7":"product_tag-armeejacke","8":"product_tag-feldjacke","9":"product_tag-m65","10":"product_tag-multicam","11":"product_tag-parka","12":"product_tag-propper","13":"product_tag-us-army","14":"product_tag-wasserdicht","15":"pa_farbe-black","16":"pa_farbe-lapd-navy","17":"pa_farbe-olive","18":"pa_farbe-woodland","20":"first","21":"instock","22":"taxable","23":"shipping-taxable","24":"purchasable","25":"product-type-variable","26":"has-default-attributes"},"bundled_by":[],"bundle_stock_status":"instock","bundle_stock_quantity":10,"bundle_virtual":false,"bundle_layout":"","bundle_add_to_cart_form_location":"","bundle_editable_in_cart":false,"bundle_sold_individually_context":"","bundle_item_grouping":"","bundle_min_size":"","bundle_max_size":"","bundle_price":[],"bundled_items":[],"bundle_sell_ids":[],"jetpack_sharing_enabled":true,"_links":{"self":[{"href":"https:\/\/www.aps-eb.de\/es\/wp-json\/wp\/v2\/product\/2027","targetHints":{"allow":["GET"]}}],"collection":[{"href":"https:\/\/www.aps-eb.de\/es\/wp-json\/wp\/v2\/product"}],"about":[{"href":"https:\/\/www.aps-eb.de\/es\/wp-json\/wp\/v2\/types\/product"}],"replies":[{"embeddable":true,"href":"https:\/\/www.aps-eb.de\/es\/wp-json\/wp\/v2\/comments?post=2027"}],"wp:featuredmedia":[{"embeddable":true,"href":"https:\/\/www.aps-eb.de\/es\/wp-json\/wp\/v2\/media\/2125"}],"wp:attachment":[{"href":"https:\/\/www.aps-eb.de\/es\/wp-json\/wp\/v2\/media?parent=2027"}],"wp:term":[{"taxonomy":"product_brand","embeddable":true,"href":"https:\/\/www.aps-eb.de\/es\/wp-json\/wp\/v2\/product_brand?post=2027"},{"taxonomy":"product_cat","embeddable":true,"href":"https:\/\/www.aps-eb.de\/es\/wp-json\/wp\/v2\/product_cat?post=2027"},{"taxonomy":"product_tag","embeddable":true,"href":"https:\/\/www.aps-eb.de\/es\/wp-json\/wp\/v2\/product_tag?post=2027"}],"curies":[{"name":"wp","href":"https:\/\/api.w.org\/{rel}","templated":true}]}}