{"id":2177,"date":"2025-02-14T14:29:57","date_gmt":"2025-02-14T14:29:57","guid":{"rendered":"https:\/\/aps-eb.de\/?post_type=product&#038;p=2177"},"modified":"2026-04-26T16:57:12","modified_gmt":"2026-04-26T16:57:12","slug":"total-oil-aero-d-100","status":"publish","type":"product","link":"https:\/\/www.aps-eb.de\/es\/categorie\/total-oil-aero-d-100\/","title":{"rendered":"Petr\u00f3leo total AERO D 100"},"content":{"rendered":"<h1 class=\"product-detail-name\">Petr\u00f3leo total AERO D 100<\/h1>\n<p>Aceite de un solo rango sin cenizas para lubricaci\u00f3n de motores de pist\u00f3n en condiciones severas con aditivo de protecci\u00f3n contra el desgaste LW 16703.<br \/>\nAERO XPD se utiliza para la lubricaci\u00f3n de motores de pist\u00f3n de aeronaves que funcionan en condiciones pesadas y muy pesadas y para los que se prescribe un aceite dispersante.<\/p>\n<p>Trimestre de EE.UU., 0.95 litros<\/p>","protected":false},"excerpt":{"rendered":"<h1 class=\"product-detail-name\">Petr\u00f3leo total AERO D 100<\/h1>","protected":false},"featured_media":2181,"comment_status":"open","ping_status":"closed","template":"","meta":{"_rtcl_gb_attr":"","ngg_post_thumbnail":0},"product_brand":[],"product_cat":[169],"product_tag":[170,70,69,28,111],"class_list":{"0":"post-2177","1":"product","2":"type-product","3":"status-publish","4":"has-post-thumbnail","6":"product_cat-oele","7":"product_tag-continental","8":"product_tag-lycomming","9":"product_tag-oelfilter","10":"product_tag-rotax","11":"product_tag-rotax-zuendkerze","13":"first","14":"instock","15":"taxable","16":"shipping-taxable","17":"purchasable","18":"product-type-variable","19":"has-default-attributes"},"bundled_by":[],"bundle_stock_status":"instock","bundle_stock_quantity":20,"bundle_virtual":false,"bundle_layout":"","bundle_add_to_cart_form_location":"","bundle_editable_in_cart":false,"bundle_sold_individually_context":"","bundle_item_grouping":"","bundle_min_size":"","bundle_max_size":"","bundle_price":[],"bundled_items":[],"bundle_sell_ids":[],"jetpack_sharing_enabled":true,"_links":{"self":[{"href":"https:\/\/www.aps-eb.de\/es\/wp-json\/wp\/v2\/product\/2177","targetHints":{"allow":["GET"]}}],"collection":[{"href":"https:\/\/www.aps-eb.de\/es\/wp-json\/wp\/v2\/product"}],"about":[{"href":"https:\/\/www.aps-eb.de\/es\/wp-json\/wp\/v2\/types\/product"}],"replies":[{"embeddable":true,"href":"https:\/\/www.aps-eb.de\/es\/wp-json\/wp\/v2\/comments?post=2177"}],"wp:featuredmedia":[{"embeddable":true,"href":"https:\/\/www.aps-eb.de\/es\/wp-json\/wp\/v2\/media\/2181"}],"wp:attachment":[{"href":"https:\/\/www.aps-eb.de\/es\/wp-json\/wp\/v2\/media?parent=2177"}],"wp:term":[{"taxonomy":"product_brand","embeddable":true,"href":"https:\/\/www.aps-eb.de\/es\/wp-json\/wp\/v2\/product_brand?post=2177"},{"taxonomy":"product_cat","embeddable":true,"href":"https:\/\/www.aps-eb.de\/es\/wp-json\/wp\/v2\/product_cat?post=2177"},{"taxonomy":"product_tag","embeddable":true,"href":"https:\/\/www.aps-eb.de\/es\/wp-json\/wp\/v2\/product_tag?post=2177"}],"curies":[{"name":"wp","href":"https:\/\/api.w.org\/{rel}","templated":true}]}}