{"id":2208,"date":"2025-03-06T09:33:22","date_gmt":"2025-03-06T09:33:22","guid":{"rendered":"https:\/\/aps-eb.de\/?post_type=product&#038;p=2208"},"modified":"2025-10-05T08:58:04","modified_gmt":"2025-10-05T08:58:04","slug":"tactical-vest-taktische-weste","status":"publish","type":"product","link":"https:\/\/www.aps-eb.de\/es\/categorie\/tactical-vest-taktische-weste\/","title":{"rendered":"Chaleco t\u00e1ctico"},"content":{"rendered":"<h1 class=\"text-lg mt-4 mb-3 md:text-28 font-bold text-bluepropper font-Opensans\">Chaleco t\u00e1ctico<\/h1>\n<p>Mantenga todo lo importante al alcance de la mano, sin quejarse. Ya sea que est\u00e9 compitiendo en un partido IDPA o simplemente disfrutando de la naturaleza, este chaleco est\u00e1 reforzado para una mayor durabilidad y versatilidad. El chaleco t\u00e1ctico Propper\u00ae te mantiene en movimiento.<\/p>\n<ul>\n<li>6,4 oz 65 % Poli\u00e9ster \/ 35 % Algod\u00f3n, ripstop ligero<\/li>\n<li>Dise\u00f1o de 16 bolsillos<\/li>\n<li>Bolsillos interiores con forro de bucle<\/li>\n<li>Compatible con MOLLE<\/li>\n<li>Panel trasero ventilado<\/li>\n<li>Campo de velcro para identificaci\u00f3n o parches de moral<\/li>\n<li>El bolsillo delantero izquierdo tiene particiones para el almacenamiento seguro de los cargadores de pistola<\/li>\n<li>Grandes bolsillos de malla detr\u00e1s de cada bolsillo interior<\/li>\n<li>Correas de ajuste de cadera con cierre de velcro<\/li>\n<li>Bolsillo de pluma en el pecho<\/li>\n<li>Probado y aprobado por los miembros de NTOA<\/li>\n<li>Cumple con IDPA para la cubierta del equipo<\/li>\n<li>Importaci\u00f3n de EE.UU.<\/li>\n<\/ul>","protected":false},"excerpt":{"rendered":"<h4>Chaleco t\u00e1ctico<\/h4>","protected":false},"featured_media":2256,"comment_status":"open","ping_status":"closed","template":"","meta":{"_rtcl_gb_attr":"","ngg_post_thumbnail":0},"product_brand":[],"product_cat":[329],"product_tag":[163,161,147,180,85,162,179],"class_list":{"0":"post-2208","1":"product","2":"type-product","3":"status-publish","4":"has-post-thumbnail","6":"product_cat-jacken","7":"product_tag-multicam","8":"product_tag-parka","9":"product_tag-propper","10":"product_tag-taktische-weste","11":"product_tag-us-army","12":"product_tag-wasserdicht","13":"product_tag-weste","14":"pa_farbe-black","15":"pa_farbe-khaki","17":"first","18":"instock","19":"taxable","20":"shipping-taxable","21":"purchasable","22":"product-type-variable","23":"has-default-attributes"},"bundled_by":[],"bundle_stock_status":"instock","bundle_stock_quantity":2,"bundle_virtual":false,"bundle_layout":"","bundle_add_to_cart_form_location":"","bundle_editable_in_cart":false,"bundle_sold_individually_context":"","bundle_item_grouping":"","bundle_min_size":"","bundle_max_size":"","bundle_price":[],"bundled_items":[],"bundle_sell_ids":[],"jetpack_sharing_enabled":true,"_links":{"self":[{"href":"https:\/\/www.aps-eb.de\/es\/wp-json\/wp\/v2\/product\/2208","targetHints":{"allow":["GET"]}}],"collection":[{"href":"https:\/\/www.aps-eb.de\/es\/wp-json\/wp\/v2\/product"}],"about":[{"href":"https:\/\/www.aps-eb.de\/es\/wp-json\/wp\/v2\/types\/product"}],"replies":[{"embeddable":true,"href":"https:\/\/www.aps-eb.de\/es\/wp-json\/wp\/v2\/comments?post=2208"}],"wp:featuredmedia":[{"embeddable":true,"href":"https:\/\/www.aps-eb.de\/es\/wp-json\/wp\/v2\/media\/2256"}],"wp:attachment":[{"href":"https:\/\/www.aps-eb.de\/es\/wp-json\/wp\/v2\/media?parent=2208"}],"wp:term":[{"taxonomy":"product_brand","embeddable":true,"href":"https:\/\/www.aps-eb.de\/es\/wp-json\/wp\/v2\/product_brand?post=2208"},{"taxonomy":"product_cat","embeddable":true,"href":"https:\/\/www.aps-eb.de\/es\/wp-json\/wp\/v2\/product_cat?post=2208"},{"taxonomy":"product_tag","embeddable":true,"href":"https:\/\/www.aps-eb.de\/es\/wp-json\/wp\/v2\/product_tag?post=2208"}],"curies":[{"name":"wp","href":"https:\/\/api.w.org\/{rel}","templated":true}]}}