{"id":2264,"date":"2025-03-09T13:15:32","date_gmt":"2025-03-09T13:15:32","guid":{"rendered":"https:\/\/aps-eb.de\/?post_type=product&#038;p=2264"},"modified":"2025-10-05T09:14:11","modified_gmt":"2025-10-05T09:14:11","slug":"us-marines-usmc-rucksack-assault-3-day-pack-army-coyote-brown","status":"publish","type":"product","link":"https:\/\/www.aps-eb.de\/es\/categorie\/us-marines-usmc-rucksack-assault-3-day-pack-army-coyote-brown\/","title":{"rendered":"US Marines USMC Mochila Asalto Pack 3 D\u00edas Ej\u00e9rcito Coyote Marr\u00f3n"},"content":{"rendered":"<h4 id=\"tw-target-text\" class=\"tw-data-text tw-text-large tw-ta\" dir=\"ltr\" data-placeholder=\"Translation\">US Marines USMC Mochila Asalto Pack 3 D\u00edas Ej\u00e9rcito Coyote Marr\u00f3n<\/h4>\n<ul>\n<li>NSN: 8465-01-600-7830<\/li>\n<li>Compatible con el sistema USMC Pack<\/li>\n<li>Compartimento principal de 20 x 14 x 5 pulgadas con bolsillo de malla con cremallera, dos bolsillos para botellas de campo, bolsa de almacenamiento grande con correa de compresi\u00f3n<\/li>\n<li>Compartimento lateral de 11 x 11 x 3 pulgadas con bolsillo de malla con cremallera<\/li>\n<li>Inserto de placa transportadora extra\u00edble (acceso a trav\u00e9s del compartimento principal)<\/li>\n<li>Panel de velcro para adjuntar parches de identificaci\u00f3n<\/li>\n<li>Correas de compresi\u00f3n cosidas \/ correas de sujeci\u00f3n de mochila<\/li>\n<li>Correas de hombro pulverizables, ajustables y acolchadas con bucles de correa para guiar el equipo y sujetadores de liberaci\u00f3n r\u00e1pida<\/li>\n<li>Correa de pecho ajustable y de liberaci\u00f3n r\u00e1pida<\/li>\n<li>Cintur\u00f3n de cintura plegable y ajustable<\/li>\n<li>Correas de PALS<\/li>\n<li>Tirador superior con dos aberturas de bebida seguras de gancho y lazo en la base<\/li>\n<li>Ojales de drenaje en la base de todos los compartimentos<\/li>\n<li>Importaci\u00f3n de EE.UU.<\/li>\n<\/ul>\n<p>El Propper USMC Assault Pack es una mochila vers\u00e1til y robusta que se integra perfectamente en el sistema USMC Pack. Con m\u00faltiples compartimentos, correas de compresi\u00f3n y correas acolchadas para los hombros, esta mochila ofrece un amplio espacio de almacenamiento y comodidad para cada misi\u00f3n.<\/p>","protected":false},"excerpt":{"rendered":"<h4 id=\"tw-target-text\" class=\"tw-data-text tw-text-large tw-ta\" dir=\"ltr\" data-placeholder=\"Translation\">US Marines USMC Mochila Asalto Pack 3 D\u00edas Ej\u00e9rcito Coyote Marr\u00f3n<\/h4>","protected":false},"featured_media":2270,"comment_status":"open","ping_status":"closed","template":"","meta":{"_rtcl_gb_attr":"","ngg_post_thumbnail":0},"product_brand":[],"product_cat":[330],"product_tag":[188,187,152,85,138],"class_list":{"0":"post-2264","1":"product","2":"type-product","3":"status-publish","4":"has-post-thumbnail","6":"product_cat-taschen-backpacks","7":"product_tag-assault","8":"product_tag-backpack","9":"product_tag-rucksack","10":"product_tag-us-army","11":"product_tag-usmc","13":"first","14":"instock","15":"taxable","16":"shipping-taxable","17":"purchasable","18":"product-type-simple"},"bundled_by":[],"bundle_stock_status":"instock","bundle_stock_quantity":10,"bundle_virtual":false,"bundle_layout":"","bundle_add_to_cart_form_location":"","bundle_editable_in_cart":false,"bundle_sold_individually_context":"","bundle_item_grouping":"","bundle_min_size":"","bundle_max_size":"","bundle_price":[],"bundled_items":[],"bundle_sell_ids":[],"jetpack_sharing_enabled":true,"_links":{"self":[{"href":"https:\/\/www.aps-eb.de\/es\/wp-json\/wp\/v2\/product\/2264","targetHints":{"allow":["GET"]}}],"collection":[{"href":"https:\/\/www.aps-eb.de\/es\/wp-json\/wp\/v2\/product"}],"about":[{"href":"https:\/\/www.aps-eb.de\/es\/wp-json\/wp\/v2\/types\/product"}],"replies":[{"embeddable":true,"href":"https:\/\/www.aps-eb.de\/es\/wp-json\/wp\/v2\/comments?post=2264"}],"wp:featuredmedia":[{"embeddable":true,"href":"https:\/\/www.aps-eb.de\/es\/wp-json\/wp\/v2\/media\/2270"}],"wp:attachment":[{"href":"https:\/\/www.aps-eb.de\/es\/wp-json\/wp\/v2\/media?parent=2264"}],"wp:term":[{"taxonomy":"product_brand","embeddable":true,"href":"https:\/\/www.aps-eb.de\/es\/wp-json\/wp\/v2\/product_brand?post=2264"},{"taxonomy":"product_cat","embeddable":true,"href":"https:\/\/www.aps-eb.de\/es\/wp-json\/wp\/v2\/product_cat?post=2264"},{"taxonomy":"product_tag","embeddable":true,"href":"https:\/\/www.aps-eb.de\/es\/wp-json\/wp\/v2\/product_tag?post=2264"}],"curies":[{"name":"wp","href":"https:\/\/api.w.org\/{rel}","templated":true}]}}