{"id":2325,"date":"2025-04-23T14:03:21","date_gmt":"2025-04-23T14:03:21","guid":{"rendered":"https:\/\/aps-eb.de\/?post_type=product&#038;p=2325"},"modified":"2026-04-15T05:47:44","modified_gmt":"2026-04-15T05:47:44","slug":"aeroshell-grease-33-400g-kartusche","status":"publish","type":"product","link":"https:\/\/www.aps-eb.de\/es\/categorie\/aeroshell-grease-33-400g-kartusche\/","title":{"rendered":"Grasa AeroShell 33 - Cartucho de 400g"},"content":{"rendered":"<h1 class=\"product-detail-name\">Grasa AeroShell 33 - Cartucho de 400g<\/h1>\n<div id=\"headingdescription\" class=\"card-header\" role=\"tab\">\n<p class=\"h5\"><span style=\"color: #323b44; font-family: 'Open Sans', Helvetica, Arial, Verdana, sans-serif; font-size: 14px;\">Shell Aeroshell Grease 33 es una grasa universal para aviones. Se recomienda para aplicaciones MIL-PRF-23827C y BMS 3-24 y aeronaves fabricadas por McDonnell Douglax, Canadair, Airbus, Lockheed, Embrae, Bae Regional Aircraft y Gulfstream. El producto opera en un amplio rango de temperaturas, ofreciendo una reducci\u00f3n en los costos de mano de obra de mantenimiento, as\u00ed como una reducci\u00f3n en el riesgo de aplicaci\u00f3n incorrecta de lubricante. Es adecuado para Boeing.<\/span><\/p>\n<p><span style=\"color: #323b45; font-family: Montserrat, Helvetica, Arial, Verdana, sans-serif; font-size: 16px;\">ESPECIFICACIONES:<br \/>\n<\/span>BMS 3-33C, MIL-PRF-23827C (tipo I), AIMS 09-06-002, COMAC QPL-CMS-OL-302, SAE AMS 3052, c\u00f3digo de la OTAN G-354<\/p>\n<\/div>","protected":false},"excerpt":{"rendered":"<h1 class=\"product--title\">Grasa AeroShell 33 - Cartucho de 400g<\/h1>","protected":false},"featured_media":2328,"comment_status":"open","ping_status":"closed","template":"","meta":{"_rtcl_gb_attr":"","ngg_post_thumbnail":0},"product_brand":[],"product_cat":[169],"product_tag":[199,170,200,70,69,28,111],"class_list":{"0":"post-2325","1":"product","2":"type-product","3":"status-publish","4":"has-post-thumbnail","6":"product_cat-oele","7":"product_tag-aeroshell","8":"product_tag-continental","9":"product_tag-grease","10":"product_tag-lycomming","11":"product_tag-oelfilter","12":"product_tag-rotax","13":"product_tag-rotax-zuendkerze","15":"first","16":"instock","17":"taxable","18":"shipping-taxable","19":"purchasable","20":"product-type-simple"},"bundled_by":[],"bundle_stock_status":"instock","bundle_stock_quantity":14,"bundle_virtual":false,"bundle_layout":"","bundle_add_to_cart_form_location":"","bundle_editable_in_cart":false,"bundle_sold_individually_context":"","bundle_item_grouping":"","bundle_min_size":"","bundle_max_size":"","bundle_price":[],"bundled_items":[],"bundle_sell_ids":[],"jetpack_sharing_enabled":true,"_links":{"self":[{"href":"https:\/\/www.aps-eb.de\/es\/wp-json\/wp\/v2\/product\/2325","targetHints":{"allow":["GET"]}}],"collection":[{"href":"https:\/\/www.aps-eb.de\/es\/wp-json\/wp\/v2\/product"}],"about":[{"href":"https:\/\/www.aps-eb.de\/es\/wp-json\/wp\/v2\/types\/product"}],"replies":[{"embeddable":true,"href":"https:\/\/www.aps-eb.de\/es\/wp-json\/wp\/v2\/comments?post=2325"}],"wp:featuredmedia":[{"embeddable":true,"href":"https:\/\/www.aps-eb.de\/es\/wp-json\/wp\/v2\/media\/2328"}],"wp:attachment":[{"href":"https:\/\/www.aps-eb.de\/es\/wp-json\/wp\/v2\/media?parent=2325"}],"wp:term":[{"taxonomy":"product_brand","embeddable":true,"href":"https:\/\/www.aps-eb.de\/es\/wp-json\/wp\/v2\/product_brand?post=2325"},{"taxonomy":"product_cat","embeddable":true,"href":"https:\/\/www.aps-eb.de\/es\/wp-json\/wp\/v2\/product_cat?post=2325"},{"taxonomy":"product_tag","embeddable":true,"href":"https:\/\/www.aps-eb.de\/es\/wp-json\/wp\/v2\/product_tag?post=2325"}],"curies":[{"name":"wp","href":"https:\/\/api.w.org\/{rel}","templated":true}]}}