{"id":2329,"date":"2025-04-23T14:19:51","date_gmt":"2025-04-23T14:19:51","guid":{"rendered":"https:\/\/aps-eb.de\/?post_type=product&#038;p=2329"},"modified":"2026-01-11T20:24:42","modified_gmt":"2026-01-11T20:24:42","slug":"aeroshell-grease-22-400g-kartusche-kopie","status":"publish","type":"product","link":"https:\/\/www.aps-eb.de\/es\/categorie\/aeroshell-grease-22-400g-kartusche-kopie\/","title":{"rendered":"Grasa AeroShell 22 - Cartucho 400g"},"content":{"rendered":"<h1 class=\"product-detail-name\">Grasa AeroShell 22 - Cartucho 400g<\/h1>\n<div id=\"headingdescription\" class=\"card-header\" role=\"tab\">\n<p class=\"h5\">Shell Aeroshell Grease 22 es una grasa vers\u00e1til para aviones. Consiste en aceite de hidrocarburo que ha sido espesado con microgel. El producto tiene un rendimiento EP excepcional y, por lo tanto, es resistente a la oxidaci\u00f3n, la corrosi\u00f3n y el desgaste. Se recomienda su uso en condiciones dif\u00edciles, a altas cargas y altas velocidades, especialmente para lubricar accesorios de motores, rodamientos de ruedas de aviones, actuadores...<\/p>\n<p><span style=\"color: #323b45; font-family: Montserrat, Helvetica, Arial, Verdana, sans-serif; font-size: 16px;\">ESPECIFICACIONES:<br \/>\n<\/span>MIL-PRF-81322G, DOD-G-24508A, DEF STAN 91-52, COMAC QPL-CMS-OL-301, DCSEA 395\/A, ruso: CIATIM 201\/203, VNII NP 207, ERA (VNII NP 286M), ST (NK-50), c\u00f3digo de la OTAN G-395, t\u00edtulo com\u00fan: XG-293<\/p>\n<\/div>","protected":false},"excerpt":{"rendered":"<h1 class=\"product--title\">Grasa AeroShell 22 - Cartucho 400g<\/h1>","protected":false},"featured_media":2334,"comment_status":"open","ping_status":"closed","template":"","meta":{"_rtcl_gb_attr":"","ngg_post_thumbnail":0},"product_brand":[],"product_cat":[169],"product_tag":[199,170,200,70,69,28,111],"class_list":{"0":"post-2329","1":"product","2":"type-product","3":"status-publish","4":"has-post-thumbnail","6":"product_cat-oele","7":"product_tag-aeroshell","8":"product_tag-continental","9":"product_tag-grease","10":"product_tag-lycomming","11":"product_tag-oelfilter","12":"product_tag-rotax","13":"product_tag-rotax-zuendkerze","15":"first","16":"instock","17":"taxable","18":"shipping-taxable","19":"purchasable","20":"product-type-simple"},"bundled_by":[],"bundle_stock_status":"instock","bundle_stock_quantity":19,"bundle_virtual":false,"bundle_layout":"","bundle_add_to_cart_form_location":"","bundle_editable_in_cart":false,"bundle_sold_individually_context":"","bundle_item_grouping":"","bundle_min_size":"","bundle_max_size":"","bundle_price":[],"bundled_items":[],"bundle_sell_ids":[],"jetpack_sharing_enabled":true,"_links":{"self":[{"href":"https:\/\/www.aps-eb.de\/es\/wp-json\/wp\/v2\/product\/2329","targetHints":{"allow":["GET"]}}],"collection":[{"href":"https:\/\/www.aps-eb.de\/es\/wp-json\/wp\/v2\/product"}],"about":[{"href":"https:\/\/www.aps-eb.de\/es\/wp-json\/wp\/v2\/types\/product"}],"replies":[{"embeddable":true,"href":"https:\/\/www.aps-eb.de\/es\/wp-json\/wp\/v2\/comments?post=2329"}],"wp:featuredmedia":[{"embeddable":true,"href":"https:\/\/www.aps-eb.de\/es\/wp-json\/wp\/v2\/media\/2334"}],"wp:attachment":[{"href":"https:\/\/www.aps-eb.de\/es\/wp-json\/wp\/v2\/media?parent=2329"}],"wp:term":[{"taxonomy":"product_brand","embeddable":true,"href":"https:\/\/www.aps-eb.de\/es\/wp-json\/wp\/v2\/product_brand?post=2329"},{"taxonomy":"product_cat","embeddable":true,"href":"https:\/\/www.aps-eb.de\/es\/wp-json\/wp\/v2\/product_cat?post=2329"},{"taxonomy":"product_tag","embeddable":true,"href":"https:\/\/www.aps-eb.de\/es\/wp-json\/wp\/v2\/product_tag?post=2329"}],"curies":[{"name":"wp","href":"https:\/\/api.w.org\/{rel}","templated":true}]}}