{"id":2335,"date":"2025-04-23T14:29:46","date_gmt":"2025-04-23T14:29:46","guid":{"rendered":"https:\/\/aps-eb.de\/?post_type=product&#038;p=2335"},"modified":"2025-12-16T17:10:19","modified_gmt":"2025-12-16T17:10:19","slug":"aeroshell-grease-14-400g-kartusche","status":"publish","type":"product","link":"https:\/\/www.aps-eb.de\/es\/categorie\/aeroshell-grease-14-400g-kartusche\/","title":{"rendered":"Grasa AeroShell 14 - Cartucho de 400g"},"content":{"rendered":"<h1 class=\"product-detail-name\">Grasa AeroShell 14 - Cartucho de 400g<\/h1>\n<div id=\"headingdescription\" class=\"card-header\" role=\"tab\">\n<p class=\"h5\">Shell Aeroshell Grease 14 es una grasa multiprop\u00f3sito para helic\u00f3pteros. Es recomendado por todos los fabricantes de helic\u00f3pteros debido a sus propiedades de deslizamiento y su composici\u00f3n de aceite mineral espesado con jab\u00f3n de calcio. El producto es adecuado para la lubricaci\u00f3n de los rodamientos principales del rotor, engranajes o parte trasera del helic\u00f3ptero.<\/p>\n<p><span style=\"color: #323b45; font-family: Montserrat, Helvetica, Arial, Verdana, sans-serif; font-size: 16px;\">ESPECIFICACIONES:<br \/>\n<\/span>Estados Unidos: MIL-G-25537C, brit\u00e1nico: Aprobado DEF STAN 91-51, C\u00f3digo OTAN: G-366, Designaci\u00f3n del Servicio Conjunto: XG-284<\/p>\n<\/div>","protected":false},"excerpt":{"rendered":"<h1 class=\"product--title\">Grasa AeroShell 14 - Cartucho de 400g<\/h1>","protected":false},"featured_media":2332,"comment_status":"open","ping_status":"closed","template":"","meta":{"_rtcl_gb_attr":"","ngg_post_thumbnail":0},"product_brand":[],"product_cat":[169],"product_tag":[199,170,200,70,69,28,111],"class_list":{"0":"post-2335","1":"product","2":"type-product","3":"status-publish","4":"has-post-thumbnail","6":"product_cat-oele","7":"product_tag-aeroshell","8":"product_tag-continental","9":"product_tag-grease","10":"product_tag-lycomming","11":"product_tag-oelfilter","12":"product_tag-rotax","13":"product_tag-rotax-zuendkerze","15":"first","16":"instock","17":"taxable","18":"shipping-taxable","19":"purchasable","20":"product-type-simple"},"bundled_by":[],"bundle_stock_status":"instock","bundle_stock_quantity":19,"bundle_virtual":false,"bundle_layout":"","bundle_add_to_cart_form_location":"","bundle_editable_in_cart":false,"bundle_sold_individually_context":"","bundle_item_grouping":"","bundle_min_size":"","bundle_max_size":"","bundle_price":[],"bundled_items":[],"bundle_sell_ids":[],"jetpack_sharing_enabled":true,"_links":{"self":[{"href":"https:\/\/www.aps-eb.de\/es\/wp-json\/wp\/v2\/product\/2335","targetHints":{"allow":["GET"]}}],"collection":[{"href":"https:\/\/www.aps-eb.de\/es\/wp-json\/wp\/v2\/product"}],"about":[{"href":"https:\/\/www.aps-eb.de\/es\/wp-json\/wp\/v2\/types\/product"}],"replies":[{"embeddable":true,"href":"https:\/\/www.aps-eb.de\/es\/wp-json\/wp\/v2\/comments?post=2335"}],"wp:featuredmedia":[{"embeddable":true,"href":"https:\/\/www.aps-eb.de\/es\/wp-json\/wp\/v2\/media\/2332"}],"wp:attachment":[{"href":"https:\/\/www.aps-eb.de\/es\/wp-json\/wp\/v2\/media?parent=2335"}],"wp:term":[{"taxonomy":"product_brand","embeddable":true,"href":"https:\/\/www.aps-eb.de\/es\/wp-json\/wp\/v2\/product_brand?post=2335"},{"taxonomy":"product_cat","embeddable":true,"href":"https:\/\/www.aps-eb.de\/es\/wp-json\/wp\/v2\/product_cat?post=2335"},{"taxonomy":"product_tag","embeddable":true,"href":"https:\/\/www.aps-eb.de\/es\/wp-json\/wp\/v2\/product_tag?post=2335"}],"curies":[{"name":"wp","href":"https:\/\/api.w.org\/{rel}","templated":true}]}}