{"id":2465,"date":"2025-07-22T13:44:10","date_gmt":"2025-07-22T13:44:10","guid":{"rendered":"https:\/\/aps-eb.de\/?post_type=product&#038;p=2465"},"modified":"2026-04-15T09:25:55","modified_gmt":"2026-04-15T09:25:55","slug":"reifen-mitas-290x110-4ply-tt-kopie","status":"publish","type":"product","link":"https:\/\/www.aps-eb.de\/es\/categorie\/reifen-mitas-290x110-4ply-tt-kopie\/","title":{"rendered":"Neum\u00e1ticos Mitas 290\u00d7110 \u2013 4PLY TT"},"content":{"rendered":"<h1>Neum\u00e1tico Mitas 290\u00d7110 TT<\/h1>\n<p>Neum\u00e1tico de Avi\u00f3n Absoluto de Alto Rendimiento 290\u00d7110 con 4 capas de Mitas incl.<\/p>\n<ul>\n<li>Velocidad (KPH): 115<\/li>\n<\/ul>\n<p>Adecuado, por ejemplo, para Zlin: Z37 \u010cmel\u00e1k<\/p>","protected":false},"excerpt":{"rendered":"<h1>Neum\u00e1tico Mitas 290\u00d7110 TT<\/h1>\n<p>Neum\u00e1tico de Avi\u00f3n Absoluto de Alto Rendimiento 290\u00d7110 con 4 capas de Mitas incl.<\/p>\n<ul>\n<li>Velocidad (KPH): 115<\/li>\n<\/ul>\n<p>Adecuado, por ejemplo, para Zlin: Z37 \u010cmel\u00e1k<\/p>","protected":false},"featured_media":2466,"comment_status":"open","ping_status":"closed","template":"","meta":{"_rtcl_gb_attr":"","ngg_post_thumbnail":0},"product_brand":[],"product_cat":[26],"product_tag":[219,217,78,35,208,210,214,216,215,207,209,211,212,213,206],"class_list":{"0":"post-2465","1":"product","2":"type-product","3":"status-publish","4":"has-post-thumbnail","6":"product_cat-reifen","7":"product_tag-aero-classic","8":"product_tag-cmelak","9":"product_tag-mitas","10":"product_tag-reifen","11":"product_tag-z142","12":"product_tag-z143","13":"product_tag-z242","14":"product_tag-z37","15":"product_tag-z37-cmelak","16":"product_tag-z42","17":"product_tag-z43","18":"product_tag-z50","19":"product_tag-z526","20":"product_tag-z726","21":"product_tag-zlin","23":"first","24":"instock","25":"taxable","26":"shipping-taxable","27":"purchasable","28":"product-type-simple"},"bundled_by":[],"bundle_stock_status":"instock","bundle_stock_quantity":null,"bundle_virtual":false,"bundle_layout":"","bundle_add_to_cart_form_location":"","bundle_editable_in_cart":false,"bundle_sold_individually_context":"","bundle_item_grouping":"","bundle_min_size":"","bundle_max_size":"","bundle_price":[],"bundled_items":[],"bundle_sell_ids":[],"jetpack_sharing_enabled":true,"_links":{"self":[{"href":"https:\/\/www.aps-eb.de\/es\/wp-json\/wp\/v2\/product\/2465","targetHints":{"allow":["GET"]}}],"collection":[{"href":"https:\/\/www.aps-eb.de\/es\/wp-json\/wp\/v2\/product"}],"about":[{"href":"https:\/\/www.aps-eb.de\/es\/wp-json\/wp\/v2\/types\/product"}],"replies":[{"embeddable":true,"href":"https:\/\/www.aps-eb.de\/es\/wp-json\/wp\/v2\/comments?post=2465"}],"wp:featuredmedia":[{"embeddable":true,"href":"https:\/\/www.aps-eb.de\/es\/wp-json\/wp\/v2\/media\/2466"}],"wp:attachment":[{"href":"https:\/\/www.aps-eb.de\/es\/wp-json\/wp\/v2\/media?parent=2465"}],"wp:term":[{"taxonomy":"product_brand","embeddable":true,"href":"https:\/\/www.aps-eb.de\/es\/wp-json\/wp\/v2\/product_brand?post=2465"},{"taxonomy":"product_cat","embeddable":true,"href":"https:\/\/www.aps-eb.de\/es\/wp-json\/wp\/v2\/product_cat?post=2465"},{"taxonomy":"product_tag","embeddable":true,"href":"https:\/\/www.aps-eb.de\/es\/wp-json\/wp\/v2\/product_tag?post=2465"}],"curies":[{"name":"wp","href":"https:\/\/api.w.org\/{rel}","templated":true}]}}