{"id":2468,"date":"2025-07-22T13:55:52","date_gmt":"2025-07-22T13:55:52","guid":{"rendered":"https:\/\/aps-eb.de\/?post_type=product&#038;p=2468"},"modified":"2026-04-15T09:25:44","modified_gmt":"2026-04-15T09:25:44","slug":"reifen-16x4-4-00-8-6ply-mitas","status":"publish","type":"product","link":"https:\/\/www.aps-eb.de\/es\/categorie\/reifen-16x4-4-00-8-6ply-mitas\/","title":{"rendered":"Neum\u00e1ticos 16\u00d74 (4.00-8) \u2013 6PLY \u2013 Mitas"},"content":{"rendered":"<h3>Neum\u00e1ticos 16\u00d74 (4.00-8) \u2013 6PLY \u2013 Mitas<\/h3>\n<p>Neum\u00e1ticos para UL en tama\u00f1o 16\u00d74 (4.00-8) con 6 capas.<\/p>\n<p>Neum\u00e1ticos para su avi\u00f3n ultraligero.<\/p>","protected":false},"excerpt":{"rendered":"<h3>Neum\u00e1ticos 16\u00d74 (4.00-8) \u2013 6PLY \u2013 Mitas<\/h3>\n<p>Neum\u00e1ticos para UL en tama\u00f1o 16\u00d74 (4.00-8) con 6 capas.<\/p>\n<p>Neum\u00e1ticos para su avi\u00f3n ultraligero.<\/p>","protected":false},"featured_media":2469,"comment_status":"open","ping_status":"closed","template":"","meta":{"_rtcl_gb_attr":"","ngg_post_thumbnail":0},"product_brand":[],"product_cat":[26],"product_tag":[221,220,78,35,79],"class_list":{"0":"post-2468","1":"product","2":"type-product","3":"status-publish","4":"has-post-thumbnail","6":"product_cat-reifen","7":"product_tag-16x4","8":"product_tag-4-00-8","9":"product_tag-mitas","10":"product_tag-reifen","11":"product_tag-ul-reifen","13":"first","14":"instock","15":"taxable","16":"shipping-taxable","17":"purchasable","18":"product-type-simple"},"bundled_by":[],"bundle_stock_status":"instock","bundle_stock_quantity":null,"bundle_virtual":false,"bundle_layout":"","bundle_add_to_cart_form_location":"","bundle_editable_in_cart":false,"bundle_sold_individually_context":"","bundle_item_grouping":"","bundle_min_size":"","bundle_max_size":"","bundle_price":[],"bundled_items":[],"bundle_sell_ids":[],"jetpack_sharing_enabled":true,"_links":{"self":[{"href":"https:\/\/www.aps-eb.de\/es\/wp-json\/wp\/v2\/product\/2468","targetHints":{"allow":["GET"]}}],"collection":[{"href":"https:\/\/www.aps-eb.de\/es\/wp-json\/wp\/v2\/product"}],"about":[{"href":"https:\/\/www.aps-eb.de\/es\/wp-json\/wp\/v2\/types\/product"}],"replies":[{"embeddable":true,"href":"https:\/\/www.aps-eb.de\/es\/wp-json\/wp\/v2\/comments?post=2468"}],"wp:featuredmedia":[{"embeddable":true,"href":"https:\/\/www.aps-eb.de\/es\/wp-json\/wp\/v2\/media\/2469"}],"wp:attachment":[{"href":"https:\/\/www.aps-eb.de\/es\/wp-json\/wp\/v2\/media?parent=2468"}],"wp:term":[{"taxonomy":"product_brand","embeddable":true,"href":"https:\/\/www.aps-eb.de\/es\/wp-json\/wp\/v2\/product_brand?post=2468"},{"taxonomy":"product_cat","embeddable":true,"href":"https:\/\/www.aps-eb.de\/es\/wp-json\/wp\/v2\/product_cat?post=2468"},{"taxonomy":"product_tag","embeddable":true,"href":"https:\/\/www.aps-eb.de\/es\/wp-json\/wp\/v2\/product_tag?post=2468"}],"curies":[{"name":"wp","href":"https:\/\/api.w.org\/{rel}","templated":true}]}}