{"id":2798,"date":"2025-10-05T10:41:12","date_gmt":"2025-10-05T10:41:12","guid":{"rendered":"https:\/\/aps-eb.de\/?post_type=product&#038;p=2798"},"modified":"2026-04-26T07:51:24","modified_gmt":"2026-04-26T07:51:24","slug":"piloten-overall","status":"publish","type":"product","link":"https:\/\/www.aps-eb.de\/es\/categorie\/piloten-overall\/","title":{"rendered":"Piloten Overall &#8211; Fostex Garments"},"content":{"rendered":"<h1>Piloten Overall &#8211; Fostex Garments<\/h1>\n<ul>\n<li><span style=\"font-size: 10pt;\"><big>Cremallera de metal<\/big><\/span><\/li>\n<li><span style=\"font-size: 10pt;\"><big>Paneles de velcro para emblemas<\/big><\/span><\/li>\n<li><span style=\"font-size: 10pt;\"><big>2 bolsillos delanteros con cremallera<\/big><\/span><\/li>\n<li><span style=\"font-size: 10pt;\"><big>Bolsillo en la manga izquierda<\/big><\/span><\/li>\n<li><span style=\"font-size: 10pt;\"><big>Bandas de cadera ajustables (velcro sujetador)<\/big><\/span><\/li>\n<li><span style=\"font-size: 10pt;\"><big>Cierre de tobillo \/ mu\u00f1eca<\/big><\/span><\/li>\n<li><span style=\"font-size: 10pt;\"><big>Equipado con un emblema Fostex<\/big><\/span><\/li>\n<\/ul>\n<p>Pilots Jumpsuit Pilots Jumpsuit o mono de piloto fabricado en tejido mixto, frontal con cremallera y bolsillos.<br \/>\nEl mono de piloto no solo es perfecto para su uso en<br \/>\nActividades de Airsoft, pero tambi\u00e9n es ideal para actividades de ocio y hobby.<br \/>\nEl piloto en general est\u00e1 hecho de 65% Poli\u00e9ster y 35% Algod\u00f3n.<\/p>","protected":false},"excerpt":{"rendered":"<h1>Piloten Overall &#8211; Fostex Garments<\/h1>","protected":false},"featured_media":2834,"comment_status":"open","ping_status":"closed","template":"","meta":{"_rtcl_gb_attr":"","ngg_post_thumbnail":0},"product_brand":[432],"product_cat":[328],"product_tag":[205,83,158],"class_list":{"0":"post-2798","1":"product","2":"type-product","3":"status-publish","4":"has-post-thumbnail","6":"product_brand-fostex-garments","7":"product_cat-fliegerkombis","8":"product_tag-dark-navy","9":"product_tag-fliegerkombi","10":"product_tag-flight-suit","11":"pa_farbe-black","12":"pa_farbe-sage-green","13":"pa_farbe-woodland","15":"first","16":"instock","17":"taxable","18":"shipping-taxable","19":"purchasable","20":"product-type-variable","21":"has-default-attributes"},"bundled_by":[],"bundle_stock_status":"instock","bundle_stock_quantity":7,"bundle_virtual":false,"bundle_layout":"","bundle_add_to_cart_form_location":"","bundle_editable_in_cart":false,"bundle_sold_individually_context":"","bundle_item_grouping":"","bundle_min_size":"","bundle_max_size":"","bundle_price":[],"bundled_items":[],"bundle_sell_ids":[],"jetpack_sharing_enabled":true,"_links":{"self":[{"href":"https:\/\/www.aps-eb.de\/es\/wp-json\/wp\/v2\/product\/2798","targetHints":{"allow":["GET"]}}],"collection":[{"href":"https:\/\/www.aps-eb.de\/es\/wp-json\/wp\/v2\/product"}],"about":[{"href":"https:\/\/www.aps-eb.de\/es\/wp-json\/wp\/v2\/types\/product"}],"replies":[{"embeddable":true,"href":"https:\/\/www.aps-eb.de\/es\/wp-json\/wp\/v2\/comments?post=2798"}],"wp:featuredmedia":[{"embeddable":true,"href":"https:\/\/www.aps-eb.de\/es\/wp-json\/wp\/v2\/media\/2834"}],"wp:attachment":[{"href":"https:\/\/www.aps-eb.de\/es\/wp-json\/wp\/v2\/media?parent=2798"}],"wp:term":[{"taxonomy":"product_brand","embeddable":true,"href":"https:\/\/www.aps-eb.de\/es\/wp-json\/wp\/v2\/product_brand?post=2798"},{"taxonomy":"product_cat","embeddable":true,"href":"https:\/\/www.aps-eb.de\/es\/wp-json\/wp\/v2\/product_cat?post=2798"},{"taxonomy":"product_tag","embeddable":true,"href":"https:\/\/www.aps-eb.de\/es\/wp-json\/wp\/v2\/product_tag?post=2798"}],"curies":[{"name":"wp","href":"https:\/\/api.w.org\/{rel}","templated":true}]}}