{"id":2870,"date":"2025-10-05T11:49:56","date_gmt":"2025-10-05T11:49:56","guid":{"rendered":"https:\/\/aps-eb.de\/?post_type=product&#038;p=2870"},"modified":"2026-01-01T19:30:13","modified_gmt":"2026-01-01T19:30:13","slug":"ma-1-bomberjacke-mit-kapuze","status":"publish","type":"product","link":"https:\/\/www.aps-eb.de\/es\/categorie\/ma-1-bomberjacke-mit-kapuze\/","title":{"rendered":"MA-1 Chaqueta bomber con capucha"},"content":{"rendered":"<h1>MA-1 Chaqueta bomber con capucha<\/h1>\n<ul>\n<li><span style=\"font-size: 10pt;\"><big>Tejido exterior: 100% nylon<\/big><\/span><\/li>\n<li><span style=\"font-size: 10pt;\"><big>Material de revestimiento: 100% poli\u00e9steres<\/big><\/span><\/li>\n<li><span style=\"font-size: 10pt;\"><big>Tejido con capucha: 100% algod\u00f3n<\/big><\/span><\/li>\n<\/ul>\n<p>Conozca nuestra elegante y aut\u00e9ntica chaqueta bomber MA-1 con capucha. Esta vers\u00e1til chaqueta cuenta con dos bolsillos interiores con cremallera, un pr\u00e1ctico bolsillo en la manga derecha y dos bolsillos con cierre de bot\u00f3n. Hecho de materiales de alta calidad, ofrece comodidad y durabilidad. Perfecta para cualquier estaci\u00f3n y ocasi\u00f3n, esta chaqueta bomber combina sin esfuerzo moda y funcionalidad. Agregue esta pieza esencial a su guardarropa y experimente la combinaci\u00f3n perfecta de estilo y comodidad pr\u00e1ctica.<\/p>","protected":false},"excerpt":{"rendered":"<h4>MA-1 Chaqueta bomber con capucha<\/h4>","protected":false},"featured_media":2903,"comment_status":"open","ping_status":"closed","template":"","meta":{"_rtcl_gb_attr":"","ngg_post_thumbnail":0},"product_brand":[],"product_cat":[329],"product_tag":[168,312,311,336,85],"class_list":{"0":"post-2870","1":"product","2":"type-product","3":"status-publish","4":"has-post-thumbnail","6":"product_cat-jacken","7":"product_tag-armeejacke","8":"product_tag-bomberjacke","9":"product_tag-fliegerjacke","10":"product_tag-fostex-garments","11":"product_tag-us-army","12":"pa_farbe-black","13":"pa_farbe-green","15":"first","16":"instock","17":"taxable","18":"shipping-taxable","19":"purchasable","20":"product-type-variable","21":"has-default-attributes"},"bundled_by":[],"bundle_stock_status":"instock","bundle_stock_quantity":10,"bundle_virtual":false,"bundle_layout":"","bundle_add_to_cart_form_location":"","bundle_editable_in_cart":false,"bundle_sold_individually_context":"","bundle_item_grouping":"","bundle_min_size":"","bundle_max_size":"","bundle_price":[],"bundled_items":[],"bundle_sell_ids":[],"jetpack_sharing_enabled":true,"_links":{"self":[{"href":"https:\/\/www.aps-eb.de\/es\/wp-json\/wp\/v2\/product\/2870","targetHints":{"allow":["GET"]}}],"collection":[{"href":"https:\/\/www.aps-eb.de\/es\/wp-json\/wp\/v2\/product"}],"about":[{"href":"https:\/\/www.aps-eb.de\/es\/wp-json\/wp\/v2\/types\/product"}],"replies":[{"embeddable":true,"href":"https:\/\/www.aps-eb.de\/es\/wp-json\/wp\/v2\/comments?post=2870"}],"wp:featuredmedia":[{"embeddable":true,"href":"https:\/\/www.aps-eb.de\/es\/wp-json\/wp\/v2\/media\/2903"}],"wp:attachment":[{"href":"https:\/\/www.aps-eb.de\/es\/wp-json\/wp\/v2\/media?parent=2870"}],"wp:term":[{"taxonomy":"product_brand","embeddable":true,"href":"https:\/\/www.aps-eb.de\/es\/wp-json\/wp\/v2\/product_brand?post=2870"},{"taxonomy":"product_cat","embeddable":true,"href":"https:\/\/www.aps-eb.de\/es\/wp-json\/wp\/v2\/product_cat?post=2870"},{"taxonomy":"product_tag","embeddable":true,"href":"https:\/\/www.aps-eb.de\/es\/wp-json\/wp\/v2\/product_tag?post=2870"}],"curies":[{"name":"wp","href":"https:\/\/api.w.org\/{rel}","templated":true}]}}