{"id":3443,"date":"2025-10-30T20:55:52","date_gmt":"2025-10-30T20:55:52","guid":{"rendered":"https:\/\/aps-eb.de\/?post_type=product&#038;p=3443"},"modified":"2026-05-05T03:32:27","modified_gmt":"2026-05-05T03:32:27","slug":"engine-baffle-kit-c172p-lycoming-o-320-d2j","status":"publish","type":"product","link":"https:\/\/www.aps-eb.de\/es\/categorie\/engine-baffle-kit-c172p-lycoming-o-320-d2j\/","title":{"rendered":"Kit de deflectores del motor \u2013 C172P \u2013 Lycoming O-320-D2J \u2013 PCOR"},"content":{"rendered":"<h1>Kit de bafles del motor \u2013 C172P \u2013 Lycoming O-320-D2J<\/h1>\n<p>Sellos est\u00e1ndar de aluminio recubierto de polvo naranja - PCOR<\/p>\n<ul>\n<li>\n<table id=\"eligibility-records-tab-content\" class=\"relative w-full border-separate border-spacing-y-3\">\n<thead>\n<tr>\n<th class=\"sticky top-0 px-3 py-3 font-semibold text-black text-left text-left bg-surface-secondary\">hacer<\/th>\n<th class=\"sticky top-0 px-3 py-3 font-semibold text-black text-left text-left bg-surface-secondary\">Serie<\/th>\n<th class=\"sticky top-0 px-3 py-3 font-semibold text-black text-left text-left bg-surface-secondary\">modelo<\/th>\n<th class=\"sticky top-0 px-3 py-3 font-semibold text-black text-left text-left bg-surface-secondary\">Inicio S\/N<\/th>\n<th class=\"sticky top-0 px-3 py-3 font-semibold text-black text-left text-left bg-surface-secondary\">Final S\/N<\/th>\n<th class=\"sticky top-0 px-3 py-3 font-semibold text-black text-left text-left bg-surface-secondary\">Comentario<\/th>\n<th class=\"sticky top-0 px-3 py-3 font-semibold text-black text-left text-left bg-surface-secondary\">Tabla de elegibilidad<\/th>\n<\/tr>\n<\/thead>\n<tbody class=\"divide-y bg-surface-secondary\">\n<tr>\n<td class=\"px-3 py-2 bg-white\">Cessna<\/td>\n<td class=\"px-3 py-2 bg-white\">172<\/td>\n<td class=\"px-3 py-2 bg-white\">172P<\/td>\n<td class=\"px-3 py-2 bg-white\">17274010<\/td>\n<td class=\"px-3 py-2 bg-white\">17276654<\/td>\n<td class=\"px-3 py-2 bg-white\">Cuando est\u00e1 equipado con Lycoming O-320-D2J.<\/td>\n<td class=\"px-3 py-2 bg-white\">6629<\/td>\n<\/tr>\n<tr>\n<td class=\"px-3 py-2 bg-white\">Cessna<\/td>\n<td class=\"px-3 py-2 bg-white\">172<\/td>\n<td class=\"px-3 py-2 bg-white\">F172P<\/td>\n<td class=\"px-3 py-2 bg-white\">F17202040<\/td>\n<td class=\"px-3 py-2 bg-white\">F17202254<\/td>\n<td class=\"px-3 py-2 bg-white\">Cuando est\u00e1 equipado con Lycoming O-320-D2J.<\/td>\n<td class=\"px-3 py-2 bg-white\">6629<\/td>\n<\/tr>\n<\/tbody>\n<\/table>\n<\/li>\n<\/ul>\n<p>componentes individuales de este conjunto a petici\u00f3n.<\/p>\n<h4>Detalles del producto<\/h4>\n<p>*La figura muestra deflectores sin recubrimiento. Los kits tambi\u00e9n est\u00e1n disponibles con recubrimiento en polvo. Opciones de sellado est\u00e1ndar y premium disponibles.<\/p>\n<p>Kits completos de deflector de motor con Cowl SaverTM<br \/>\n\u00a1Mantenga su motor fresco y proteja su cap\u00f3!<\/p>\n<p>El material de sellado Cowl Saver de McFarlane ya est\u00e1 disponible preinstalado en los kits de deflector Airforms. Cowl SaverTM reduce las vibraciones en el fuselaje de la aeronave y evita grietas en el cap\u00f3 y el mamparo contra incendios. Los sellos de caucho de silicona convencionales para deflectores tienen uno de los coeficientes de fricci\u00f3n m\u00e1s altos de todos los materiales conocidos. Esta fricci\u00f3n transfiere las vibraciones del motor al cap\u00f3 y al mamparo del fuego, causando desgaste, fatiga del material, grietas, rozaduras y vibraciones en el fuselaje de la aeronave. Cowl SaverTM est\u00e1 dise\u00f1ado espec\u00edficamente para baja fricci\u00f3n, \u00a1ahorr\u00e1ndole dinero! Y sentir\u00e1s la diferencia en las vibraciones.<\/p>\n<p>\u00a1El material de sellado Cowl Saver ofrece 30 veces menos fricci\u00f3n! \u00a1Los deflectores de baja fricci\u00f3n le ahorran dinero!<\/p>\n<p>Reduce la transmisi\u00f3n de vibraciones a la carcasa del motor y a la c\u00e9lula de la aeronave.<br \/>\nEvita la erosi\u00f3n del disfraz.<br \/>\nExtiende la vida \u00fatil de los sellos.<br \/>\nReduce las costosas reparaciones de revestimientos y sujetadores.<br \/>\nReduce la fatiga del material y el agrietamiento en sellos, l\u00e1minas de revestimiento y mamparos contra incendios.<br \/>\nEsto incluso hace que sea m\u00e1s f\u00e1cil de montar el revestimiento!<br \/>\nPara obtener m\u00e1s informaci\u00f3n sobre el material de sellado McFarlane Cowl SaverTM, haga clic aqu\u00ed.<\/p>\n<p>Las placas deflectoras de motores Airforms est\u00e1n aprobadas por la FAA-PMA para Cessna, Piper, Beechcraft, Mooney y Grumman.<\/p>\n<p>Aluminio 6061-T6, disponible en aluminio desnudo o con recubrimiento en polvo gris.<\/p>\n<p>El material de sellado Cowl SaverTM est\u00e1 preinstalado.<br \/>\nIndividualmente intercambiable con los deflectores de f\u00e1brica.<br \/>\nSoportes de acero inoxidable si es necesario.<br \/>\nConstrucci\u00f3n de remaches.<br \/>\nPlacas traseras de 1\/2\u2032\u2032 para fijar los sellos.<br \/>\nAjuste mejorado.<br \/>\nNotas:<\/p>\n<p>Al instalar accesorios (inicio, alternador, escape, conversi\u00f3n del motor, etc.), el instalador es responsable de ajustar los deflectores.<br \/>\nEl material de fijaci\u00f3n (tuercas, tornillos, pernos, abrazaderas Tinnerman, etc.) no est\u00e1 incluido.<\/p>\n<h4>Material de sellado: Utilice el sufijo del kit:<\/h4>\n<p>Sellos protectores de cuenco de primera calidad, aluminio desnudo - BRCS<br \/>\nJuntas est\u00e1ndar negras, aluminio desnudo - BRBK<br \/>\nSellos est\u00e1ndar azules, aluminio desnudo - BRBL<br \/>\nSellos est\u00e1ndar naranja, aluminio desnudo - BROR<br \/>\nSellos protectores de cuenco de primera calidad, aluminio recubierto de polvo - PCCS<br \/>\nJuntas est\u00e1ndar de aluminio negro con recubrimiento de polvo - PCBK<br \/>\nSellos est\u00e1ndar azules, aluminio recubierto de polvo - PCBL<br \/>\nSellos est\u00e1ndar de aluminio recubierto de polvo naranja - PCOR<\/p>","protected":false},"excerpt":{"rendered":"<h4>Kit de bafles del motor \u2013 C172P \u2013 Lycoming O-320-D2J<\/h4>","protected":false},"featured_media":3462,"comment_status":"open","ping_status":"closed","template":"","meta":{"_rtcl_gb_attr":"","ngg_post_thumbnail":0},"product_brand":[],"product_cat":[415],"product_tag":[416,417,418,77,70],"class_list":{"0":"post-3443","1":"product","2":"type-product","3":"status-publish","4":"has-post-thumbnail","6":"product_cat-engine_baffles","7":"product_tag-baffle","8":"product_tag-baffles","9":"product_tag-c172","10":"product_tag-cessna","11":"product_tag-lycomming","13":"first","14":"instock","15":"sale","16":"taxable","17":"shipping-taxable","18":"purchasable","19":"product-type-simple"},"bundled_by":[],"bundle_stock_status":"instock","bundle_stock_quantity":2,"bundle_virtual":false,"bundle_layout":"","bundle_add_to_cart_form_location":"","bundle_editable_in_cart":false,"bundle_sold_individually_context":"","bundle_item_grouping":"","bundle_min_size":"","bundle_max_size":"","bundle_price":[],"bundled_items":[],"bundle_sell_ids":[],"jetpack_sharing_enabled":true,"_links":{"self":[{"href":"https:\/\/www.aps-eb.de\/es\/wp-json\/wp\/v2\/product\/3443","targetHints":{"allow":["GET"]}}],"collection":[{"href":"https:\/\/www.aps-eb.de\/es\/wp-json\/wp\/v2\/product"}],"about":[{"href":"https:\/\/www.aps-eb.de\/es\/wp-json\/wp\/v2\/types\/product"}],"replies":[{"embeddable":true,"href":"https:\/\/www.aps-eb.de\/es\/wp-json\/wp\/v2\/comments?post=3443"}],"wp:featuredmedia":[{"embeddable":true,"href":"https:\/\/www.aps-eb.de\/es\/wp-json\/wp\/v2\/media\/3462"}],"wp:attachment":[{"href":"https:\/\/www.aps-eb.de\/es\/wp-json\/wp\/v2\/media?parent=3443"}],"wp:term":[{"taxonomy":"product_brand","embeddable":true,"href":"https:\/\/www.aps-eb.de\/es\/wp-json\/wp\/v2\/product_brand?post=3443"},{"taxonomy":"product_cat","embeddable":true,"href":"https:\/\/www.aps-eb.de\/es\/wp-json\/wp\/v2\/product_cat?post=3443"},{"taxonomy":"product_tag","embeddable":true,"href":"https:\/\/www.aps-eb.de\/es\/wp-json\/wp\/v2\/product_tag?post=3443"}],"curies":[{"name":"wp","href":"https:\/\/api.w.org\/{rel}","templated":true}]}}