{"id":3468,"date":"2025-11-01T14:11:11","date_gmt":"2025-11-01T14:11:11","guid":{"rendered":"https:\/\/aps-eb.de\/?post_type=product&#038;p=3468"},"modified":"2026-01-01T19:26:31","modified_gmt":"2026-01-01T19:26:31","slug":"holzfaellerjacke-jacke-sherpa","status":"publish","type":"product","link":"https:\/\/www.aps-eb.de\/es\/categorie\/holzfaellerjacke-jacke-sherpa\/","title":{"rendered":"Chaqueta de le\u00f1ador Sherpa"},"content":{"rendered":"<h1>Chaqueta de le\u00f1ador Sherpa<\/h1>\n<p><big>Chaqueta de le\u00f1ador c\u00f3moda y moderna con forro de sherpa c\u00e1lido. Perfecto para los d\u00edas m\u00e1s fr\u00edos en primavera \/ oto\u00f1o o para la temporada de invierno.<\/big><\/p>\n<p>Dise\u00f1ado para uso recreativo y actividades al aire libre como trekking \/ bushcraft, pero tambi\u00e9n ideal como chaqueta de trabajo debido a los hombros reforzados de nylon Cordura\u00ae. El material Sherpa en el interior de la chaqueta es suave y ofrece una gran comodidad de uso. Tambi\u00e9n cuenta con una cremallera YKK\u00ae de alta calidad y m\u00faltiples bolsillos para guardar art\u00edculos.<\/p>\n<p><strong>Caracter\u00edsticas:<\/strong><\/p>\n<ul>\n<li style=\"list-style-type: none;\">\n<ul>\n<li><big>Forro de sherpa caliente<\/big><\/li>\n<li><big>Cremallera YKK\u00ae<\/big><\/li>\n<li><big>Refuerzo de hombro de nylon Cordura\u00ae<\/big><\/li>\n<li><big>Correa para las gafas de sol<\/big><\/li>\n<li><big>Dos bolsillos laterales con cremallera<\/big><\/li>\n<li><big>Dos bolsillos con solapa y botones de presi\u00f3n en el pecho<\/big><\/li>\n<li><big>Dos bolsillos interiores con bot\u00f3n a presi\u00f3n (tama\u00f1o del tel\u00e9fono inteligente)<\/big><\/li>\n<li><big>Emblema de Fostex en la manga de cuero<\/big><\/li>\n<li><big>Pu\u00f1os con cierre a presi\u00f3n<\/big><\/li>\n<li><big>Look cl\u00e1sico de le\u00f1ador<\/big><\/li>\n<\/ul>\n<\/li>\n<\/ul>\n<div id=\"heading_10\" class=\"panel-heading\" role=\"tab\">&nbsp;<\/div>\n<div id=\"collapse_10\" class=\"panel-collapse collapse show\" role=\"tabpanel\" aria-labelledby=\"heading_10\">\n<div class=\"info-block full-width\">\n<div class=\"info-block--item\">\n<div>Material superior 100% Algod\u00f3n \/ forro 100% poli\u00e9steres<\/div>\n<\/div>\n<div class=\"info-block--item\">\n<div>Instrucciones de lavado<\/div>\n<div><img decoding=\"async\" title=\"Secador no permitido\" src=\"https:\/\/www.vanosimports.com\/images\/drying_3.png\" alt=\"Secador no permitido\" width=\"40\"><img decoding=\"async\" title=\"Planchado m\u00e1ximo 110 grados\" src=\"https:\/\/www.vanosimports.com\/images\/ironing_1.png\" alt=\"Planchado m\u00e1ximo 110 grados\" width=\"40\"><img decoding=\"async\" title=\"Blanqueamiento no permitido\" src=\"https:\/\/www.vanosimports.com\/images\/bleach_2.png\" alt=\"Blanqueamiento no permitido\" width=\"40\"><img decoding=\"async\" title=\"No limpie en seco\" src=\"https:\/\/www.vanosimports.com\/images\/professional_cleaning_3.png\" alt=\"No limpie en seco\" width=\"40\"><img decoding=\"async\" title=\"M\u00e1ximo 30 grados\" src=\"https:\/\/www.vanosimports.com\/images\/washing_1.png\" alt=\"M\u00e1ximo 30 grados\" width=\"40\"><\/div>\n<\/div>\n<\/div>\n<\/div>","protected":false},"excerpt":{"rendered":"<h1>Chaqueta de le\u00f1ador Sherpa<\/h1>","protected":false},"featured_media":3517,"comment_status":"open","ping_status":"closed","template":"","meta":{"_rtcl_gb_attr":"","ngg_post_thumbnail":0},"product_brand":[],"product_cat":[329],"product_tag":[336,422,421,423,85],"class_list":{"0":"post-3468","1":"product","2":"type-product","3":"status-publish","4":"has-post-thumbnail","6":"product_cat-jacken","7":"product_tag-fostex-garments","8":"product_tag-holzfaeller","9":"product_tag-holzfaellerjacke","10":"product_tag-outdoor","11":"product_tag-us-army","12":"pa_farbe-olive-schwarz","13":"pa_farbe-rot-schwarz","15":"first","16":"instock","17":"taxable","18":"shipping-taxable","19":"purchasable","20":"product-type-variable","21":"has-default-attributes"},"bundled_by":[],"bundle_stock_status":"instock","bundle_stock_quantity":10,"bundle_virtual":false,"bundle_layout":"","bundle_add_to_cart_form_location":"","bundle_editable_in_cart":false,"bundle_sold_individually_context":"","bundle_item_grouping":"","bundle_min_size":"","bundle_max_size":"","bundle_price":[],"bundled_items":[],"bundle_sell_ids":[],"jetpack_sharing_enabled":true,"_links":{"self":[{"href":"https:\/\/www.aps-eb.de\/es\/wp-json\/wp\/v2\/product\/3468","targetHints":{"allow":["GET"]}}],"collection":[{"href":"https:\/\/www.aps-eb.de\/es\/wp-json\/wp\/v2\/product"}],"about":[{"href":"https:\/\/www.aps-eb.de\/es\/wp-json\/wp\/v2\/types\/product"}],"replies":[{"embeddable":true,"href":"https:\/\/www.aps-eb.de\/es\/wp-json\/wp\/v2\/comments?post=3468"}],"wp:featuredmedia":[{"embeddable":true,"href":"https:\/\/www.aps-eb.de\/es\/wp-json\/wp\/v2\/media\/3517"}],"wp:attachment":[{"href":"https:\/\/www.aps-eb.de\/es\/wp-json\/wp\/v2\/media?parent=3468"}],"wp:term":[{"taxonomy":"product_brand","embeddable":true,"href":"https:\/\/www.aps-eb.de\/es\/wp-json\/wp\/v2\/product_brand?post=3468"},{"taxonomy":"product_cat","embeddable":true,"href":"https:\/\/www.aps-eb.de\/es\/wp-json\/wp\/v2\/product_cat?post=3468"},{"taxonomy":"product_tag","embeddable":true,"href":"https:\/\/www.aps-eb.de\/es\/wp-json\/wp\/v2\/product_tag?post=3468"}],"curies":[{"name":"wp","href":"https:\/\/api.w.org\/{rel}","templated":true}]}}