{"id":665,"date":"2023-06-01T08:56:39","date_gmt":"2023-06-01T08:56:39","guid":{"rendered":"https:\/\/aps-eb.de\/?post_type=product&#038;p=665"},"modified":"2026-03-24T12:42:51","modified_gmt":"2026-03-24T12:42:51","slug":"propper-series-100-8-waterproof-boot-herren-serie-100-wasserdichte-stiefel-203-cm","status":"publish","type":"product","link":"https:\/\/www.aps-eb.de\/es\/categorie\/propper-series-100-8-waterproof-boot-herren-serie-100-wasserdichte-stiefel-203-cm\/","title":{"rendered":"Propper Series 100\u2122 ORIGINAL US-KAMPFSTIEFEL US-ARMEE US-EINSATZSTIEFEL &#8211; wasserdicht"},"content":{"rendered":"<h4>Propper Series 100\u2122 ORIGINAL US-KAMPFSTIEFEL US-ARMEE US-EINSATZSTIEFEL &#8211; wasserdicht<\/h4>\n<p>Las plantillas PREMIUM MEMORY FOAM proporcionan una comodidad \u00f3ptima para el uso durante todo el d\u00eda, mientras que las inserciones de ajuste lavables y extra\u00edbles GRATIS incluidas agregan amortiguaci\u00f3n y forma adicionales a sus pies para apoyar el arco y distribuir el peso. Las botas de coyote de la serie Propper 100 cumplen con los requisitos militares AR-670 y se basan en tama\u00f1os reales de los Estados Unidos. El dise\u00f1o del arco resiste el desgaste debido a las escaleras y el rappel r\u00e1pido. El sistema de cordones r\u00e1pidos permite vestir y desvestirse r\u00e1pidamente. Un revestimiento antimicrobiano promueve la transpirabilidad y bloquea las bacterias que causan olores para aumentar la frescura y prolongar la vida \u00fatil de la bota. Los materiales de alta calidad hechos de cuero de vaca y nylon resisten con el tiempo y te mantienen en movimiento.<\/p>\n<ul>\n<li>Plantilla de espuma de memoria premium<\/li>\n<li>Dise\u00f1ado en verdaderos tama\u00f1os de EE.UU. para un ajuste excelente con una excelente distribuci\u00f3n del peso para la comodidad durante todo el d\u00eda<\/li>\n<li>Parte superior hecha de piel de vaca seg\u00fan AR 670-1 y 1000D nylon<\/li>\n<li>Sistema de cordones r\u00e1pidos resistente a la fricci\u00f3n con 550 cordones de paracord<\/li>\n<li>El dise\u00f1o del arco resiste el desgaste debido a las escaleras y el rappel r\u00e1pido<\/li>\n<li>La espuma de malla de aire de celda abierta garantiza la circulaci\u00f3n completa del aire del pie y el m\u00e1ximo confort<\/li>\n<li>El forro transpirable absorbe la humedad y regula la temperatura, tratado con Aegis\u00ae para evitar olores<\/li>\n<li>Suela de goma oleosa y antideslizante para una excelente tracci\u00f3n y absorci\u00f3n de impactos<\/li>\n<li>Probado y aprobado por los miembros de la OTAN<\/li>\n<li>Inserciones de ajuste opcionales GRATIS incluidas<\/li>\n<li>Importado<\/li>\n<\/ul>\n<p>Los zapatos Propper\u00ae est\u00e1n dise\u00f1ados para una comodidad y durabilidad duraderas. Todas nuestras botas se basan en tama\u00f1os reales de EE.UU. para garantizar el ajuste perfecto. La parte superior de cuero y nylon 1000D se puede apretar con un sistema de cordones r\u00e1pido y f\u00e1cil. Nuestra base de goma de triple densidad y un arco de mezcla duradero resisten los rigores de la v\u00eda r\u00e1pida. La serie 100\u00ae ofrece una excelente relaci\u00f3n precio-rendimiento para los zapatos.<\/p>\n<p><b>Nota:<\/b>&nbsp;M = ancho regular ?? W = ancho ancho<\/p>","protected":false},"excerpt":{"rendered":"<h4>Propper Series 100\u2122 ORIGINAL US-KAMPFSTIEFEL US-ARMEE US-EINSATZSTIEFEL &#8211; wasserdicht<\/h4>\n<p>Las plantillas PREMIUM MEMORY FOAM proporcionan una comodidad \u00f3ptima para el uso durante todo el d\u00eda, mientras que las inserciones de ajuste lavables y extra\u00edbles GRATIS incluidas agregan amortiguaci\u00f3n y forma adicionales a sus pies para apoyar el arco y distribuir el peso. Las botas de coyote de la serie Propper 100 cumplen con los requisitos militares AR-670 y se basan en tama\u00f1os reales de los Estados Unidos. El dise\u00f1o del arco resiste el desgaste debido a las escaleras y el rappel r\u00e1pido. El sistema de cordones r\u00e1pidos permite vestir y desvestirse r\u00e1pidamente. Un revestimiento antimicrobiano promueve la transpirabilidad y bloquea las bacterias que causan olores para aumentar la frescura y prolongar la vida \u00fatil de la bota. Los materiales de alta calidad hechos de cuero de vaca y nylon resisten con el tiempo y te mantienen en movimiento.<\/p>","protected":false},"featured_media":1134,"comment_status":"open","ping_status":"closed","template":"","meta":{"_rtcl_gb_attr":"","ngg_post_thumbnail":0},"product_brand":[],"product_cat":[333],"product_tag":[154,147,155,85,153],"class_list":{"0":"post-665","1":"product","2":"type-product","3":"status-publish","4":"has-post-thumbnail","6":"product_cat-schuhe","7":"product_tag-kampfstiefel","8":"product_tag-propper","9":"product_tag-springerstiefel","10":"product_tag-us-army","11":"product_tag-us-boots","13":"first","14":"instock","15":"taxable","16":"shipping-taxable","17":"purchasable","18":"product-type-variable"},"bundled_by":[],"bundle_stock_status":"instock","bundle_stock_quantity":10,"bundle_virtual":false,"bundle_layout":"","bundle_add_to_cart_form_location":"","bundle_editable_in_cart":false,"bundle_sold_individually_context":"","bundle_item_grouping":"","bundle_min_size":"","bundle_max_size":"","bundle_price":[],"bundled_items":[],"bundle_sell_ids":[],"jetpack_sharing_enabled":true,"_links":{"self":[{"href":"https:\/\/www.aps-eb.de\/es\/wp-json\/wp\/v2\/product\/665","targetHints":{"allow":["GET"]}}],"collection":[{"href":"https:\/\/www.aps-eb.de\/es\/wp-json\/wp\/v2\/product"}],"about":[{"href":"https:\/\/www.aps-eb.de\/es\/wp-json\/wp\/v2\/types\/product"}],"replies":[{"embeddable":true,"href":"https:\/\/www.aps-eb.de\/es\/wp-json\/wp\/v2\/comments?post=665"}],"wp:featuredmedia":[{"embeddable":true,"href":"https:\/\/www.aps-eb.de\/es\/wp-json\/wp\/v2\/media\/1134"}],"wp:attachment":[{"href":"https:\/\/www.aps-eb.de\/es\/wp-json\/wp\/v2\/media?parent=665"}],"wp:term":[{"taxonomy":"product_brand","embeddable":true,"href":"https:\/\/www.aps-eb.de\/es\/wp-json\/wp\/v2\/product_brand?post=665"},{"taxonomy":"product_cat","embeddable":true,"href":"https:\/\/www.aps-eb.de\/es\/wp-json\/wp\/v2\/product_cat?post=665"},{"taxonomy":"product_tag","embeddable":true,"href":"https:\/\/www.aps-eb.de\/es\/wp-json\/wp\/v2\/product_tag?post=665"}],"curies":[{"name":"wp","href":"https:\/\/api.w.org\/{rel}","templated":true}]}}