{"id":892,"date":"2023-06-01T12:46:38","date_gmt":"2023-06-01T12:46:38","guid":{"rendered":"https:\/\/aps-eb.de\/?post_type=product&#038;p=892"},"modified":"2025-10-11T08:18:46","modified_gmt":"2025-10-11T08:18:46","slug":"erweiterbarer-rucksack","status":"publish","type":"product","link":"https:\/\/www.aps-eb.de\/es\/categorie\/erweiterbarer-rucksack\/","title":{"rendered":"Mochila expansible"},"content":{"rendered":"<h4 id=\"tw-target-text\" class=\"tw-data-text tw-text-large tw-ta\" dir=\"ltr\" data-placeholder=\"Translation\"><span class=\"Y2IQFc\" lang=\"de\">Mochila expansible<\/span><\/h4>\n<ul>\n<li>100 % nylon<\/li>\n<li>ampliable para capacidad adicional<\/li>\n<li>Correas compatibles con MOLLE para ajuste individual<\/li>\n<li>Dos bolsillos delanteros externos con organizaci\u00f3n interna<\/li>\n<li>clip de retenci\u00f3n de clave interna<\/li>\n<li>Los bolsillos laterales con cremallera se pueden ampliar y ofrecen espacio para una botella o un tel\u00e9fono<\/li>\n<li>Correas de hombro acolchadas y ajustables y correa de pecho ajustable<\/li>\n<li>Compatible con el sistema de bebida<\/li>\n<li>Grandes bolsillos interiores para la organizaci\u00f3n<\/li>\n<li>Forro de contraste para una mejor visibilidad<\/li>\n<li>Compartimento trasero para el ordenador port\u00e1til<\/li>\n<li>Campo de bucle externo para parches<\/li>\n<li>Probado y aprobado por los miembros de NTOA<\/li>\n<li>Importado<\/li>\n<\/ul>\n<p>La vers\u00e1til mochila expansible es la mochila perfecta para cualquier misi\u00f3n. Esta mochila duradera de alta calidad ofrece la m\u00e1xima capacidad de carga y organizaci\u00f3n para un almacenamiento \u00f3ptimo del equipo con una extensi\u00f3n de 2 pulgadas cuando lo necesite. Un compartimento trasero acolchado de doble acceso proporciona una protecci\u00f3n segura. Las correas acolchadas para los hombros y la correa ajustable para el pecho permiten una excelente comodidad durante todo el d\u00eda y una distribuci\u00f3n del peso. Y adem\u00e1s, esta bolsa es perfecta para viajar, ya que se puede guardar convenientemente debajo de los asientos del avi\u00f3n.<\/p>","protected":false},"excerpt":{"rendered":"<h4 id=\"tw-target-text\" class=\"tw-data-text tw-text-large tw-ta\" dir=\"ltr\" data-placeholder=\"Translation\"><span class=\"Y2IQFc\" lang=\"de\">Mochila expansible<\/span><\/h4>","protected":false},"featured_media":901,"comment_status":"open","ping_status":"closed","template":"","meta":{"_rtcl_gb_attr":"","ngg_post_thumbnail":0},"product_brand":[],"product_cat":[330],"product_tag":[152,85],"class_list":{"0":"post-892","1":"product","2":"type-product","3":"status-publish","4":"has-post-thumbnail","6":"product_cat-taschen-backpacks","7":"product_tag-rucksack","8":"product_tag-us-army","9":"pa_farbe-coyote","10":"pa_farbe-schwarz","12":"first","13":"instock","14":"taxable","15":"shipping-taxable","16":"purchasable","17":"product-type-variable"},"bundled_by":[],"bundle_stock_status":"instock","bundle_stock_quantity":10,"bundle_virtual":false,"bundle_layout":"","bundle_add_to_cart_form_location":"","bundle_editable_in_cart":false,"bundle_sold_individually_context":"","bundle_item_grouping":"","bundle_min_size":"","bundle_max_size":"","bundle_price":[],"bundled_items":[],"bundle_sell_ids":[],"jetpack_sharing_enabled":true,"_links":{"self":[{"href":"https:\/\/www.aps-eb.de\/es\/wp-json\/wp\/v2\/product\/892","targetHints":{"allow":["GET"]}}],"collection":[{"href":"https:\/\/www.aps-eb.de\/es\/wp-json\/wp\/v2\/product"}],"about":[{"href":"https:\/\/www.aps-eb.de\/es\/wp-json\/wp\/v2\/types\/product"}],"replies":[{"embeddable":true,"href":"https:\/\/www.aps-eb.de\/es\/wp-json\/wp\/v2\/comments?post=892"}],"wp:featuredmedia":[{"embeddable":true,"href":"https:\/\/www.aps-eb.de\/es\/wp-json\/wp\/v2\/media\/901"}],"wp:attachment":[{"href":"https:\/\/www.aps-eb.de\/es\/wp-json\/wp\/v2\/media?parent=892"}],"wp:term":[{"taxonomy":"product_brand","embeddable":true,"href":"https:\/\/www.aps-eb.de\/es\/wp-json\/wp\/v2\/product_brand?post=892"},{"taxonomy":"product_cat","embeddable":true,"href":"https:\/\/www.aps-eb.de\/es\/wp-json\/wp\/v2\/product_cat?post=892"},{"taxonomy":"product_tag","embeddable":true,"href":"https:\/\/www.aps-eb.de\/es\/wp-json\/wp\/v2\/product_tag?post=892"}],"curies":[{"name":"wp","href":"https:\/\/api.w.org\/{rel}","templated":true}]}}