{"id":4,"date":"2021-02-09T06:58:34","date_gmt":"2021-02-09T06:58:34","guid":{"rendered":"http:\/\/aps-eb.de\/willkommen-auf-http-aps-eb-de\/"},"modified":"2025-10-27T15:01:17","modified_gmt":"2025-10-27T15:01:17","slug":"airpartsservice-enrico-bender","status":"publish","type":"page","link":"https:\/\/www.aps-eb.de\/fr\/airpartsservice-enrico-bender\/","title":{"rendered":"Maintenance &amp; R\u00e9paration"},"content":{"rendered":"<p class=\"has-text-align-center has-vivid-red-color has-text-color has-link-color has-medium-font-size wp-elements-d4a4f8ca4045f429552f3930cd8b0115\"><p class=\"has-text-align-center has-vivid-red-color has-text-color has-link-color has-medium-font-size\"><img fetchpriority=\"high\" decoding=\"async\" width=\"1400\" height=\"298\" class=\"aligncenter wp-image-133\" style=\"width: 299px\" src=\"https:\/\/www.aps-eb.de\/wp-content\/uploads\/2021\/03\/Logo_AirPlaneService-edited.webp\" alt=\"\">\u00a0 \u00a0 \u00a0 \u00a0<img decoding=\"async\" width=\"300\" height=\"131\" class=\"wp-image-2313 size-medium aligncenter\" style=\"font-weight: bold\" src=\"https:\/\/www.aps-eb.de\/wp-content\/uploads\/2025\/04\/SCREEN_Rotax_Air_Repair-Centre_white_lowres-1-300x131.webp\" alt=\"\" srcset=\"https:\/\/www.aps-eb.de\/wp-content\/uploads\/2025\/04\/SCREEN_Rotax_Air_Repair-Centre_white_lowres-1-300x131.webp 300w, https:\/\/www.aps-eb.de\/wp-content\/uploads\/2025\/04\/SCREEN_Rotax_Air_Repair-Centre_white_lowres-1-18x8.webp 18w, https:\/\/www.aps-eb.de\/wp-content\/uploads\/2025\/04\/SCREEN_Rotax_Air_Repair-Centre_white_lowres-1.webp 500w\" sizes=\"(max-width: 300px) 100vw, 300px\" \/><\/p><br><div class=\"mceTemp\">\u00a0<\/div><\/p>\n\n\n\n\n\n<p class=\"has-text-align-center has-medium-font-size\">Lien: <a href=\"https:\/\/www.aps-eb.de\/fr\/shop\/\">BOUTIQUE EN LIGNE<\/a><br>Lien: <a href=\"https:\/\/aip.dfs.de\/basicAIP\/\">AIP Allemagne<\/a><br>Lien: <a href=\"https:\/\/www.flugzeugueberfuehrungen.de\/\">Vols \u00e0 destination de Ferry<\/a><\/p>\n\n\n\n<p class=\"has-text-align-center has-large-font-size\"><strong>ELA 1 - Maintenance et ARC (v\u00e9rifications annuelles)<br>UL \u2013 Maintenance et contr\u00f4les annuels<br>Centre de r\u00e9paration ROTAX\u00ae<br>Homebase: EDRE \u2013 A\u00e9rodrome de Mendig<\/strong><\/p>\n\n\n\n<p class=\"has-text-align-center has-medium-font-size\" style=\"letter-spacing:0px\">Nous r\u00e9alisons la maintenance d'avions motoris\u00e9s jusqu'\u00e0 1200 kg MTOW et de planeurs motoris\u00e9s dans toute l'Europe de mani\u00e8re professionnelle et \u00e9conomique, conform\u00e9ment \u00e0 la norme EASA Part-ML.<\/p>\n\n\n\n<p class=\"has-text-align-center has-medium-font-size\" style=\"letter-spacing:0px\"><strong>Nos services comprennent les \u00e9l\u00e9ments suivants:<\/strong><br>\u2013 Entretien de tous types d'a\u00e9ronefs ELA 1 (par exemple Cessna, Aquilla, Robin DR400, DA40, Piper, etc.)<br>\u2013 Entretien de tout type d'\u00e9quipement de sport a\u00e9rien (p.ex. Dynamic WT-9, Bristell, C42, etc.)<br>\u2013 Contr\u00f4les annuels des \u00e9quipements de sport a\u00e9rien<br>\u2013 Contr\u00f4les annuels (ARC) des avions \u00e0 moteur, planeurs et planeurs \u00e0 moteur<br>\u2013 Vols de transfert<br>\u2013 Inspection pr\u00e9pay\u00e9e<br>\u2013 Cr\u00e9ation du programme de maintenance des a\u00e9ronefs (AMP)<br>\u2013 \u00c9tablissement de relev\u00e9s des heures de fonctionnement (BZ\u00dc)<br>\u2013 \u00c9tablissement des relev\u00e9s TM et EMZ<br>\u2013 Cr\u00e9ation de tableaux LTA\/AD<br>\u2013 Rotax Motor Specialist iRMT 00032\/22 (s\u00e9rie Rotax 912 \/ 914 \/ 912i \/ 915i)<br>\u2013 Continental Diesel Motor (anciennement Thielert) Sp\u00e9cialiste<br>\u2013 R\u00e9parations de cellules (m\u00e9tallurgie)<br><br>&#8211; <a href=\"http:\/\/www.flugzeugueberfuehrungen.de\">Travers\u00e9es d'avions<\/a><\/p>\n\n\n\n<hr class=\"wp-block-separator has-alpha-channel-opacity\" \/>\n\n\n\n<p class=\"has-text-align-center has-large-font-size\"><strong>AET 1 \u2013 Maintenance<br>Centre de r\u00e9paration ROTAX\u00ae<br><\/strong><\/p>\n\n\n\n<p class=\"has-text-align-center has-medium-font-size\">We carry out Europe-wide maintenance on motor aircraft up to 1200kg MTOW and motor gliders professionally and cost-effectively in accordance with EASA Part-ML.<\/p>\n\n\n\n<p class=\"has-text-align-center has-medium-font-size\"><strong>Nos services incluent les points de suivi: <\/strong><br>\u2013 All types of maintenance on ELA 1 aircraft (e.g. Cessna, Aquilla, Robin DR400, DA40, Piper, etc.)<br>\u2013 All types of maintenance on air sports equipment (voir Dynamic WT-9, Bristell, C42, etc.)<br>\u2013 Annual enqu\u00eates on air sports equipment<br>\u2013 Annual enqu\u00eates (ARC) on motor aircraft, gliders, motor gliders<br>\u2013 Ferry flights<br>\u2013 Inspection pr\u00e9pay\u00e9e<br>\u2013 Creation of aircraft maintenance program (AMP)<br>\u2013 Creation of operating time overviews (Cr\u00e9ation d\u2019aper\u00e7us du temps d\u2019exploitation)<br>\u2013 Creation of TM and EMZ overviews<br>\u2013 Creation of LTA\/AD overviews<br>\u2013 Rotax engine specialist iRMT 00032\/22 (Rotax 912 \/ 914 \/ 912i \/ 915i series)<br>\u2013 Continental diesel engine (formerly Thielert) specialist<br>\u2013 Airframe repairs (construction m\u00e9tallique)<br><br>\u2013 <a href=\"https:\/\/www.flugzeugueberfuehrungen.de\/\">Transferts de plan d'air<\/a><\/p>\n\n\n\n<hr class=\"wp-block-separator has-alpha-channel-opacity\" \/>\n\n\n\n<p class=\"has-text-align-center\">Contact :<br><strong>Adresse postale<\/strong><br>Enrico Bender<br>Otfried-Preu\u00dfler Str. 5<br>56564 Neuwied<br>Contact : 0173 90 91 92 6<br>enrico.bender@aps-eb.de<br><strong>Homebase: EDRE \u2013 Mendig<\/strong><br>Nous vous soutenons \u00e9galement dans toute l'Europe <strong><a href=\"https:\/\/www.flugzeugueberfuehrungen.de\/\" target=\"_blank\" rel=\"noreferrer noopener\" data-type=\"URL\">Travers\u00e9es d'avions<\/a><\/strong>!<\/p>","protected":false},"excerpt":{"rendered":"<p>\u00a0 \u00a0 \u00a0 \u00a0 \u00a0 Lien: ONLINESHOPLink: AIP AllemagneLien: Ferry Flights ELA 1 \u2013 Maintenance et ARC (v\u00e9rifications annuelles)UL \u2013<\/p>","protected":false},"author":1,"featured_media":0,"parent":0,"menu_order":1,"comment_status":"closed","ping_status":"closed","template":"","meta":{"_rtcl_gb_attr":"","ngg_post_thumbnail":0,"footnotes":""},"class_list":["post-4","page","type-page","status-publish","hentry"],"jetpack_sharing_enabled":true,"_links":{"self":[{"href":"https:\/\/www.aps-eb.de\/fr\/wp-json\/wp\/v2\/pages\/4","targetHints":{"allow":["GET"]}}],"collection":[{"href":"https:\/\/www.aps-eb.de\/fr\/wp-json\/wp\/v2\/pages"}],"about":[{"href":"https:\/\/www.aps-eb.de\/fr\/wp-json\/wp\/v2\/types\/page"}],"author":[{"embeddable":true,"href":"https:\/\/www.aps-eb.de\/fr\/wp-json\/wp\/v2\/users\/1"}],"replies":[{"embeddable":true,"href":"https:\/\/www.aps-eb.de\/fr\/wp-json\/wp\/v2\/comments?post=4"}],"version-history":[{"count":0,"href":"https:\/\/www.aps-eb.de\/fr\/wp-json\/wp\/v2\/pages\/4\/revisions"}],"wp:attachment":[{"href":"https:\/\/www.aps-eb.de\/fr\/wp-json\/wp\/v2\/media?parent=4"}],"curies":[{"name":"wp","href":"https:\/\/api.w.org\/{rel}","templated":true}]}}