{"id":79,"date":"2021-02-10T12:57:24","date_gmt":"2021-02-10T12:57:24","guid":{"rendered":"http:\/\/aps-eb.de\/?page_id=79"},"modified":"2021-02-10T12:57:24","modified_gmt":"2021-02-10T12:57:24","slug":"batterieverordnung","status":"publish","type":"page","link":"https:\/\/www.aps-eb.de\/fr\/batterieverordnung\/","title":{"rendered":"R\u00e8glement sur les batteries"},"content":{"rendered":"<p>Dans le cadre de la distribution de batteries et d'accumulateurs, nous sommes tenus, en tant que revendeur conform\u00e9ment au r\u00e8glement sur les batteries, de vous informer en tant que consommateur des points suivants:<br>Vous \u00eates l\u00e9galement tenu de restituer les piles et les batteries. Vous pouvez les retourner apr\u00e8s utilisation dans notre point de vente, dans un point de collecte communal ou dans le commerce local. Les batteries contenant des substances nocives sont munies d\u2019une marque compos\u00e9e d\u2019une poubelle barr\u00e9e et du symbole chimique (Cd, Hg ou Pb) du m\u00e9tal lourd d\u00e9terminant pour la classification comme polluant.<\/p>","protected":false},"excerpt":{"rendered":"<p>Dans le cadre de la distribution de piles et d'accumulateurs, nous sommes tenus, en tant que revendeur en vertu du r\u00e8glement sur les piles, de vous fournir, en tant que consommateur,<\/p>","protected":false},"author":1,"featured_media":0,"parent":0,"menu_order":0,"comment_status":"closed","ping_status":"closed","template":"","meta":{"_rtcl_gb_attr":"","ngg_post_thumbnail":0,"footnotes":""},"class_list":["post-79","page","type-page","status-publish","hentry"],"jetpack_sharing_enabled":true,"_links":{"self":[{"href":"https:\/\/www.aps-eb.de\/fr\/wp-json\/wp\/v2\/pages\/79","targetHints":{"allow":["GET"]}}],"collection":[{"href":"https:\/\/www.aps-eb.de\/fr\/wp-json\/wp\/v2\/pages"}],"about":[{"href":"https:\/\/www.aps-eb.de\/fr\/wp-json\/wp\/v2\/types\/page"}],"author":[{"embeddable":true,"href":"https:\/\/www.aps-eb.de\/fr\/wp-json\/wp\/v2\/users\/1"}],"replies":[{"embeddable":true,"href":"https:\/\/www.aps-eb.de\/fr\/wp-json\/wp\/v2\/comments?post=79"}],"version-history":[{"count":0,"href":"https:\/\/www.aps-eb.de\/fr\/wp-json\/wp\/v2\/pages\/79\/revisions"}],"wp:attachment":[{"href":"https:\/\/www.aps-eb.de\/fr\/wp-json\/wp\/v2\/media?parent=79"}],"curies":[{"name":"wp","href":"https:\/\/api.w.org\/{rel}","templated":true}]}}