{"id":1058,"date":"2023-06-14T12:04:02","date_gmt":"2023-06-14T12:04:02","guid":{"rendered":"https:\/\/aps-eb.de\/?post_type=product&#038;p=1058"},"modified":"2025-03-10T10:00:35","modified_gmt":"2025-03-10T10:00:35","slug":"bremsbelag-066-14100","status":"publish","type":"product","link":"https:\/\/www.aps-eb.de\/fr\/categorie\/bremsbelag-066-14100\/","title":{"rendered":"Plaquette de frein Cleveland 066-14100"},"content":{"rendered":"<h1 class=\"product-info-title\">Plaquette de frein Cleveland 066-14100<\/h1>\n<p>Plaquette de frein semi-m\u00e9tallique\/organique (abrasive)<\/p>\n<p>Plaquettes de frein m\u00e9talliques et semi-m\u00e9talliques<br \/>\nDeux types de plaquettes de frein sont disponibles: semi-m\u00e9tallique\/organique (abrasif) et m\u00e9tallique (adh\u00e9sif). Le num\u00e9ro de pi\u00e8ce de l'ensemble de freins d\u00e9fini par l'OEM d\u00e9termine le type de garniture \u00e0 utiliser.<\/p>\n<p>Les rev\u00eatements semi-m\u00e9talliques sont constitu\u00e9s de fibres de kevlar int\u00e9gr\u00e9es dans le mat\u00e9riau, ce qui garantit une force de freinage maximale et une longue dur\u00e9e de vie de la doublure. La temp\u00e9rature de fonctionnement optimale des plaquettes de frein semi-m\u00e9talliques est comprise entre 600 et 900 \u00b0F.<\/p>\n<p>L'\u00e9l\u00e9ment principal des plaquettes de frein m\u00e9talliques est le fer. Dans le cas d'un syst\u00e8me d'adh\u00e9rence, une fine couche de mat\u00e9riau de plaquette de frein est transf\u00e9r\u00e9e sur le disque \u00e0 l'entr\u00e9e et y adh\u00e8re. La plage de temp\u00e9rature de fonctionnement optimale des plaquettes de frein m\u00e9talliques est comprise entre 950 et 1200 \u00b0F.<\/p>\n<p>Les plaquettes peuvent \u00eatre utilis\u00e9es avec tous les disques OEM ou PMA.<\/p>","protected":false},"excerpt":{"rendered":"<h1 class=\"product-info-title\">Plaquette de frein Cleveland 066-14100<\/h1>","protected":false},"featured_media":1737,"comment_status":"open","ping_status":"closed","template":"","meta":{"_rtcl_gb_attr":"","ngg_post_thumbnail":0},"product_brand":[],"product_cat":[19],"product_tag":[73,72],"class_list":{"0":"post-1058","1":"product","2":"type-product","3":"status-publish","4":"has-post-thumbnail","6":"product_cat-bremskomponenten","7":"product_tag-06-14100","8":"product_tag-cleevland","10":"first","11":"instock","12":"taxable","13":"shipping-taxable","14":"purchasable","15":"product-type-simple"},"bundled_by":[],"bundle_stock_status":"instock","bundle_stock_quantity":10,"bundle_virtual":false,"bundle_layout":"","bundle_add_to_cart_form_location":"","bundle_editable_in_cart":false,"bundle_sold_individually_context":"","bundle_item_grouping":"","bundle_min_size":"","bundle_max_size":"","bundle_price":[],"bundled_items":[],"bundle_sell_ids":[],"jetpack_sharing_enabled":true,"_links":{"self":[{"href":"https:\/\/www.aps-eb.de\/fr\/wp-json\/wp\/v2\/product\/1058","targetHints":{"allow":["GET"]}}],"collection":[{"href":"https:\/\/www.aps-eb.de\/fr\/wp-json\/wp\/v2\/product"}],"about":[{"href":"https:\/\/www.aps-eb.de\/fr\/wp-json\/wp\/v2\/types\/product"}],"replies":[{"embeddable":true,"href":"https:\/\/www.aps-eb.de\/fr\/wp-json\/wp\/v2\/comments?post=1058"}],"wp:featuredmedia":[{"embeddable":true,"href":"https:\/\/www.aps-eb.de\/fr\/wp-json\/wp\/v2\/media\/1737"}],"wp:attachment":[{"href":"https:\/\/www.aps-eb.de\/fr\/wp-json\/wp\/v2\/media?parent=1058"}],"wp:term":[{"taxonomy":"product_brand","embeddable":true,"href":"https:\/\/www.aps-eb.de\/fr\/wp-json\/wp\/v2\/product_brand?post=1058"},{"taxonomy":"product_cat","embeddable":true,"href":"https:\/\/www.aps-eb.de\/fr\/wp-json\/wp\/v2\/product_cat?post=1058"},{"taxonomy":"product_tag","embeddable":true,"href":"https:\/\/www.aps-eb.de\/fr\/wp-json\/wp\/v2\/product_tag?post=1058"}],"curies":[{"name":"wp","href":"https:\/\/api.w.org\/{rel}","templated":true}]}}