{"id":1070,"date":"2023-06-15T18:35:46","date_gmt":"2023-06-15T18:35:46","guid":{"rendered":"https:\/\/aps-eb.de\/?post_type=product&#038;p=1070"},"modified":"2025-12-20T07:16:33","modified_gmt":"2025-12-20T07:16:33","slug":"bremsscheibe-164-30440","status":"publish","type":"product","link":"https:\/\/www.aps-eb.de\/fr\/categorie\/bremsscheibe-164-30440\/","title":{"rendered":"Disque de frein 164-30440"},"content":{"rendered":"<h1 class=\"product-info-title\">Disque de frein 164-30440<\/h1>\n<p>Les disques de frein BlackSteel sont usin\u00e9s CNC \u00e0 la pointe de la technologie \u00e0 partir d'une pi\u00e8ce forg\u00e9ee d'une seule pi\u00e8ce.<br \/>\nLors du forgeage du m\u00e9tal, un flux de grain directionnel est cr\u00e9\u00e9, qui suit le contour du disque. Cela permet un disque beaucoup plus solide, o\u00f9 le risque de fissures et de d\u00e9faillances catastrophiques associ\u00e9es \u00e0 des structures soud\u00e9es de mauvaise qualit\u00e9 est moindre.<\/p>\n<p>Le traitement thermique exclusif d'APS a un double objectif. Le traitement thermique renforce l'acier en liant le carbone, l'oxyg\u00e8ne et l'azote dans la couche m\u00e9tallique sup\u00e9rieure. Il ne s'agit pas d'un rev\u00eatement qui peut s'user, car l'acier lui-m\u00eame est transform\u00e9. Le traitement thermique donne \u00e0 l'acier son aspect noir et conf\u00e8re \u00e0 la surface une r\u00e9sistance \u00e9lev\u00e9e \u00e0 la corrosion et \u00e0 l'oxydation, associ\u00e9e aux changements extr\u00eames de temp\u00e9rature dans les syst\u00e8mes de freinage d'avion. Cela en fait un excellent choix pour les avions agricoles travaillant dans un environnement chimique difficile, ainsi que pour tous ceux qui laissent leur avion \u00e0 l'ext\u00e9rieur la plupart du temps.<\/p>\n<p>Convient pour:<\/p>\n<div class=\"tab-content\">\n<div id=\"eligibility-records\" class=\"eligibility-records tab-pane active\">\n<div class=\"table-responsive\">\n<table class=\"table table-striped table-bordered\">\n<thead>\n<tr>\n<td>Make<\/td>\n<td>Series<\/td>\n<td>mannequin<\/td>\n<td>Commencer S\/N<\/td>\n<td>Ending S\/N<\/td>\n<td>Commentaire<\/td>\n<td>Eligibility Chart<\/td>\n<\/tr>\n<\/thead>\n<tbody>\n<tr>\n<td>Cessna<\/td>\n<td>150<\/td>\n<td>150M<\/td>\n<td>15077404<\/td>\n<td>15079113<\/td>\n<td>Wheel Assembly P\/N 40-113 or D30291-6, Brake Assembly P\/N 30-75, C30018 or C30018-4. Owner must verify wheel or brake assembly part number.<\/td>\n<td>&nbsp;<\/td>\n<\/tr>\n<tr>\n<td>Cessna<\/td>\n<td>150<\/td>\n<td>A150M<\/td>\n<td>A15000642<\/td>\n<td>A1500717<\/td>\n<td>Wheel Assembly P\/N 40-113 or D30291-6, Brake Assembly P\/N 30-75, C30018 or C30018-4. Owner must verify wheel or brake assembly part number.<\/td>\n<td>&nbsp;<\/td>\n<\/tr>\n<tr>\n<td>Cessna<\/td>\n<td>152<\/td>\n<td>FA152<\/td>\n<td>FA1520337<\/td>\n<td>FA1520425<\/td>\n<td>Wheel Assembly P\/N D-30291-6, Brake Assembly P\/N C-30018-4. Owner must verify wheel or brake assembly part numbers to determine applicable disc and lining part numbers.<\/td>\n<td>&nbsp;<\/td>\n<\/tr>\n<tr>\n<td>Cessna<\/td>\n<td>177<\/td>\n<td>177<\/td>\n<td>17700001<\/td>\n<td>17701164<\/td>\n<td>&nbsp;<\/td>\n<td>&nbsp;<\/td>\n<\/tr>\n<tr>\n<td>Cessna<\/td>\n<td>177<\/td>\n<td>177B<\/td>\n<td>17702314<\/td>\n<td>17702522<\/td>\n<td>Wheel Assembly P\/N D-30291-6, Brake Assembly P\/N C-30018-4. Owner must verify wheel or brake assembly part numbers to determine applicable disc and lining part numbers.<\/td>\n<td>&nbsp;<\/td>\n<\/tr>\n<tr>\n<td>Cessna<\/td>\n<td>177<\/td>\n<td>177RG<\/td>\n<td>177RG0788<\/td>\n<td>177RG1051<\/td>\n<td>Wheel Assembly P\/N D-30291-6, Brake Assembly P\/N 30018-4. Owner must verify wheel or brake assembly part numbers to determine applicable disc and lining part numbers.<\/td>\n<td>&nbsp;<\/td>\n<\/tr>\n<tr>\n<td>Cessna<\/td>\n<td>177<\/td>\n<td>F177RG<\/td>\n<td>F77RG0139<\/td>\n<td>F177RG0160<\/td>\n<td>Wheel Assembly P\/N D-30291-6, Brake Assembly P\/N 30018-4. Owner must verify wheel or brake assembly part numbers to determine applicable disc and lining part numbers.<\/td>\n<td>&nbsp;<\/td>\n<\/tr>\n<tr>\n<td>Cessna<\/td>\n<td>182<\/td>\n<td>182<\/td>\n<td>33000<\/td>\n<td>33842<\/td>\n<td>&nbsp;<\/td>\n<td>&nbsp;<\/td>\n<\/tr>\n<tr>\n<td>Cessna<\/td>\n<td>182<\/td>\n<td>182A<\/td>\n<td>33843<\/td>\n<td>51556<\/td>\n<td>&nbsp;<\/td>\n<td>&nbsp;<\/td>\n<\/tr>\n<tr>\n<td>Cessna<\/td>\n<td>182<\/td>\n<td>182B<\/td>\n<td>51557<\/td>\n<td>52358<\/td>\n<td>&nbsp;<\/td>\n<td>&nbsp;<\/td>\n<\/tr>\n<tr>\n<td>Cessna<\/td>\n<td>182<\/td>\n<td>182C<\/td>\n<td>52359<\/td>\n<td>53007<\/td>\n<td>&nbsp;<\/td>\n<td>&nbsp;<\/td>\n<\/tr>\n<tr>\n<td>Cessna<\/td>\n<td>182<\/td>\n<td>182D<\/td>\n<td>18253008<\/td>\n<td>18253598<\/td>\n<td>&nbsp;<\/td>\n<td>&nbsp;<\/td>\n<\/tr>\n<tr>\n<td>Cessna<\/td>\n<td>182<\/td>\n<td>182E<\/td>\n<td>18253599<\/td>\n<td>18254423<\/td>\n<td>&nbsp;<\/td>\n<td>&nbsp;<\/td>\n<\/tr>\n<tr>\n<td>Cessna<\/td>\n<td>182<\/td>\n<td>182F<\/td>\n<td>18254424<\/td>\n<td>18255058<\/td>\n<td>&nbsp;<\/td>\n<td>&nbsp;<\/td>\n<\/tr>\n<tr>\n<td>Cessna<\/td>\n<td>182<\/td>\n<td>182G<\/td>\n<td>18255059<\/td>\n<td>18255844<\/td>\n<td>&nbsp;<\/td>\n<td>&nbsp;<\/td>\n<\/tr>\n<tr>\n<td>Cessna<\/td>\n<td>182<\/td>\n<td>182H<\/td>\n<td>18255846<\/td>\n<td>18256684<\/td>\n<td>&nbsp;<\/td>\n<td>&nbsp;<\/td>\n<\/tr>\n<tr>\n<td>Cessna<\/td>\n<td>182<\/td>\n<td>182J<\/td>\n<td>18256685<\/td>\n<td>18257625<\/td>\n<td>&nbsp;<\/td>\n<td>&nbsp;<\/td>\n<\/tr>\n<tr>\n<td>Cessna<\/td>\n<td>182<\/td>\n<td>182K<\/td>\n<td>18257626<\/td>\n<td>18258505<\/td>\n<td>&nbsp;<\/td>\n<td>&nbsp;<\/td>\n<\/tr>\n<tr>\n<td>Cessna<\/td>\n<td>182<\/td>\n<td>182L<\/td>\n<td>18258506<\/td>\n<td>18259305<\/td>\n<td>&nbsp;<\/td>\n<td>&nbsp;<\/td>\n<\/tr>\n<tr>\n<td>Cessna<\/td>\n<td>182<\/td>\n<td>182M<\/td>\n<td>18259306<\/td>\n<td>18260055<\/td>\n<td>&nbsp;<\/td>\n<td>&nbsp;<\/td>\n<\/tr>\n<tr>\n<td>Cessna<\/td>\n<td>182<\/td>\n<td>182N<\/td>\n<td>18260056<\/td>\n<td>18260825<\/td>\n<td>&nbsp;<\/td>\n<td>&nbsp;<\/td>\n<\/tr>\n<tr>\n<td>Cessna<\/td>\n<td>182<\/td>\n<td>182P<\/td>\n<td>18260826<\/td>\n<td>18262465<\/td>\n<td>&nbsp;<\/td>\n<td>&nbsp;<\/td>\n<\/tr>\n<tr>\n<td>Cessna<\/td>\n<td>182<\/td>\n<td>182P<\/td>\n<td>18264296<\/td>\n<td>18265175<\/td>\n<td>Wheel Assembly P\/N D-30291-6, Brake Assembly P\/N C-30018-4. Owner must verify wheel or brake assembly part numbers to determine applicable disc and lining part numbers.<\/td>\n<td>&nbsp;<\/td>\n<\/tr>\n<tr>\n<td>Cessna<\/td>\n<td>182<\/td>\n<td>182Q<\/td>\n<td>18265176<\/td>\n<td>18267715<\/td>\n<td>&nbsp;<\/td>\n<td>&nbsp;<\/td>\n<\/tr>\n<tr>\n<td>Cessna<\/td>\n<td>182<\/td>\n<td>182R<\/td>\n<td>18267716<\/td>\n<td>18268586<\/td>\n<td>&nbsp;<\/td>\n<td>&nbsp;<\/td>\n<\/tr>\n<tr>\n<td>Cessna<\/td>\n<td>182<\/td>\n<td>182S<\/td>\n<td>18280001<\/td>\n<td>18280944<\/td>\n<td>&nbsp;<\/td>\n<td>&nbsp;<\/td>\n<\/tr>\n<tr>\n<td>Cessna<\/td>\n<td>182<\/td>\n<td>182T<\/td>\n<td>18280945<\/td>\n<td>182999999<\/td>\n<td>&nbsp;<\/td>\n<td>&nbsp;<\/td>\n<\/tr>\n<tr>\n<td>Cessna<\/td>\n<td>182<\/td>\n<td>F182P<\/td>\n<td>F18200001<\/td>\n<td>F18200025<\/td>\n<td>Wheel Assembly P\/N 30291-6, Brake Assembly P\/N C-30018-4. Owner must verify wheel or brake assembly part numbers to determine applicable disc and lining part numbers.<\/td>\n<td>&nbsp;<\/td>\n<\/tr>\n<tr>\n<td>Cessna<\/td>\n<td>182<\/td>\n<td>F182Q<\/td>\n<td>F18200026<\/td>\n<td>F18200169<\/td>\n<td>&nbsp;<\/td>\n<td>&nbsp;<\/td>\n<\/tr>\n<\/tbody>\n<\/table>\n<\/div>\n<\/div>\n<\/div>\n<div class=\"box box-gray product-showcase\">\n<h3>Related items<\/h3>\n<\/div>","protected":false},"excerpt":{"rendered":"<p>Disque de frein 164-30440 Les disques de frein BlackSteel sont usin\u00e9s CNC \u00e0 la pointe de la technologie \u00e0 partir d'une pi\u00e8ce forg\u00e9ee d'une seule pi\u00e8ce. Lorsque le m\u00e9tal est forg\u00e9<\/p>","protected":false},"featured_media":1069,"comment_status":"open","ping_status":"closed","template":"","meta":{"_rtcl_gb_attr":"","ngg_post_thumbnail":0},"product_brand":[],"product_cat":[19],"product_tag":[76,77,72],"class_list":{"0":"post-1070","1":"product","2":"type-product","3":"status-publish","4":"has-post-thumbnail","6":"product_cat-bremskomponenten","7":"product_tag-164-04000","8":"product_tag-cessna","9":"product_tag-cleevland","11":"first","12":"instock","13":"taxable","14":"shipping-taxable","15":"purchasable","16":"product-type-simple"},"bundled_by":[],"bundle_stock_status":"instock","bundle_stock_quantity":10,"bundle_virtual":false,"bundle_layout":"","bundle_add_to_cart_form_location":"","bundle_editable_in_cart":false,"bundle_sold_individually_context":"","bundle_item_grouping":"","bundle_min_size":"","bundle_max_size":"","bundle_price":[],"bundled_items":[],"bundle_sell_ids":[],"jetpack_sharing_enabled":true,"_links":{"self":[{"href":"https:\/\/www.aps-eb.de\/fr\/wp-json\/wp\/v2\/product\/1070","targetHints":{"allow":["GET"]}}],"collection":[{"href":"https:\/\/www.aps-eb.de\/fr\/wp-json\/wp\/v2\/product"}],"about":[{"href":"https:\/\/www.aps-eb.de\/fr\/wp-json\/wp\/v2\/types\/product"}],"replies":[{"embeddable":true,"href":"https:\/\/www.aps-eb.de\/fr\/wp-json\/wp\/v2\/comments?post=1070"}],"wp:featuredmedia":[{"embeddable":true,"href":"https:\/\/www.aps-eb.de\/fr\/wp-json\/wp\/v2\/media\/1069"}],"wp:attachment":[{"href":"https:\/\/www.aps-eb.de\/fr\/wp-json\/wp\/v2\/media?parent=1070"}],"wp:term":[{"taxonomy":"product_brand","embeddable":true,"href":"https:\/\/www.aps-eb.de\/fr\/wp-json\/wp\/v2\/product_brand?post=1070"},{"taxonomy":"product_cat","embeddable":true,"href":"https:\/\/www.aps-eb.de\/fr\/wp-json\/wp\/v2\/product_cat?post=1070"},{"taxonomy":"product_tag","embeddable":true,"href":"https:\/\/www.aps-eb.de\/fr\/wp-json\/wp\/v2\/product_tag?post=1070"}],"curies":[{"name":"wp","href":"https:\/\/api.w.org\/{rel}","templated":true}]}}