{"id":1073,"date":"2023-06-15T18:48:07","date_gmt":"2023-06-15T18:48:07","guid":{"rendered":"https:\/\/aps-eb.de\/?post_type=product&#038;p=1073"},"modified":"2024-08-23T09:35:40","modified_gmt":"2024-08-23T09:35:40","slug":"tempest-oil-filter-ch48103-2","status":"publish","type":"product","link":"https:\/\/www.aps-eb.de\/fr\/categorie\/tempest-oil-filter-ch48103-2\/","title":{"rendered":"Filtre \u00e0 huile Tempest AA48103-2"},"content":{"rendered":"<h1 class=\"product-info-title\">Filtre \u00e0 huile Tempest AA48103-2<\/h1>\n<ul>\n<li>Bo\u00eetiers renforc\u00e9s<\/li>\n<li>\u00e9paisseur augment\u00e9e de rafale<\/li>\n<li>m\u00e9dias enti\u00e8rement pli\u00e9s pour un d\u00e9bit uniforme et une r\u00e9sistance \u00e0 l'effondrement<\/li>\n<li>Lubrifiant Spin EZ\u00ae pour enlever facilement le filtre<\/li>\n<li>Meilleure valeur de d\u00e9rivation<\/li>\n<\/ul>\n<p><strong>soudures d'\u00e9crou am\u00e9lior\u00e9es<\/strong><br \/>\nLes \u00e9crous sont soud\u00e9s si fermement que le bo\u00eetier se d\u00e9chire avant la soudure. Fini la frustration que les \u00e9crous de montage se d\u00e9tachent!<\/p>\n<p><strong>Conforme \u00e0 la sp\u00e9cification de bypass TCM<\/strong> de 12 \u00e0 14 psi, ce qui r\u00e9duit le risque de d\u00e9rivation pr\u00e9matur\u00e9e pouvant entra\u00eener l\u2019\u00e9coulement d\u2019huile non filtr\u00e9e vers votre moteur.<\/p>\n<p><strong>R\u00e9sistance \u00e0 l'\u00e9clatement de 600 psi<\/strong><br \/>\nDes am\u00e9liorations significatives dans le processus de couture en rouleau sur le fond de la bo\u00eete ont consid\u00e9rablement am\u00e9lior\u00e9 la r\u00e9sistance \u00e0 l'\u00e9clatement de la conception \u00e0 plus de 600 livres par pouce carr\u00e9, d\u00e9passant ainsi les normes ARP 1400 de 50 pour cent. La r\u00e9sistance suppl\u00e9mentaire donne une assurance suppl\u00e9mentaire que les filtres \u00e0 huile Tempest r\u00e9sistent aux conditions de fonctionnement les plus difficiles.<\/p>\n<p><strong>Joints antiadh\u00e9sifs<\/strong><br \/>\nInt\u00e9grez des joints de base sp\u00e9cialement lubrifi\u00e9s en caoutchouc synth\u00e9tique pour assurer le couple correct lors de l'installation et du d\u00e9montage facile.<\/p>","protected":false},"excerpt":{"rendered":"<p>Tempest Oil Filter AA48103-2 Bo\u00eetier renforc\u00e9 a augment\u00e9 la force de rafale m\u00e9dias enti\u00e8rement pliss\u00e9s pour un d\u00e9bit uniforme et la r\u00e9sistance \u00e0 l'effondrement Spin EZ\u00ae lubrifiant pour<\/p>","protected":false},"featured_media":1074,"comment_status":"open","ping_status":"closed","template":"","meta":{"_rtcl_gb_attr":"","ngg_post_thumbnail":0},"product_brand":[],"product_cat":[27],"product_tag":[68,70,71,69,75],"class_list":{"0":"post-1073","1":"product","2":"type-product","3":"status-publish","4":"has-post-thumbnail","6":"product_cat-ersatzteile","7":"product_tag-champion","8":"product_tag-lycomming","9":"product_tag-oilfilter","10":"product_tag-oelfilter","11":"product_tag-tempest","13":"first","14":"instock","15":"taxable","16":"shipping-taxable","17":"purchasable","18":"product-type-simple"},"bundled_by":[],"bundle_stock_status":"instock","bundle_stock_quantity":8,"bundle_virtual":false,"bundle_layout":"","bundle_add_to_cart_form_location":"","bundle_editable_in_cart":false,"bundle_sold_individually_context":"","bundle_item_grouping":"","bundle_min_size":"","bundle_max_size":"","bundle_price":[],"bundled_items":[],"bundle_sell_ids":[],"jetpack_sharing_enabled":true,"_links":{"self":[{"href":"https:\/\/www.aps-eb.de\/fr\/wp-json\/wp\/v2\/product\/1073","targetHints":{"allow":["GET"]}}],"collection":[{"href":"https:\/\/www.aps-eb.de\/fr\/wp-json\/wp\/v2\/product"}],"about":[{"href":"https:\/\/www.aps-eb.de\/fr\/wp-json\/wp\/v2\/types\/product"}],"replies":[{"embeddable":true,"href":"https:\/\/www.aps-eb.de\/fr\/wp-json\/wp\/v2\/comments?post=1073"}],"wp:featuredmedia":[{"embeddable":true,"href":"https:\/\/www.aps-eb.de\/fr\/wp-json\/wp\/v2\/media\/1074"}],"wp:attachment":[{"href":"https:\/\/www.aps-eb.de\/fr\/wp-json\/wp\/v2\/media?parent=1073"}],"wp:term":[{"taxonomy":"product_brand","embeddable":true,"href":"https:\/\/www.aps-eb.de\/fr\/wp-json\/wp\/v2\/product_brand?post=1073"},{"taxonomy":"product_cat","embeddable":true,"href":"https:\/\/www.aps-eb.de\/fr\/wp-json\/wp\/v2\/product_cat?post=1073"},{"taxonomy":"product_tag","embeddable":true,"href":"https:\/\/www.aps-eb.de\/fr\/wp-json\/wp\/v2\/product_tag?post=1073"}],"curies":[{"name":"wp","href":"https:\/\/api.w.org\/{rel}","templated":true}]}}