{"id":1249,"date":"2024-02-06T06:41:30","date_gmt":"2024-02-06T06:41:30","guid":{"rendered":"https:\/\/aps-eb.de\/?post_type=product&#038;p=1249"},"modified":"2025-12-20T10:28:33","modified_gmt":"2025-12-20T10:28:33","slug":"kinetic-combat-shirt-long-sleeve-olivegruen","status":"publish","type":"product","link":"https:\/\/www.aps-eb.de\/fr\/categorie\/kinetic-combat-shirt-long-sleeve-olivegruen\/","title":{"rendered":"Kinetic\u00ae Combat Shirt \u2013 manches longues \u2013 vert olive"},"content":{"rendered":"<h4>Kinetic\u00ae Combat Shirt \u2013 manches longues \u2013 vert olive<\/h4>\n<ul class=\"a-unordered-list a-vertical a-spacing-mini\">\n<li>Corps, ajustements et plis lat\u00e9raux: 5,2 onces double piqu\u00e9 tricot de 100 % polyester<\/li>\n<li>Col et manches: 4,5 oz 65 % Polyester \/ 32 % Coton \/ 3 % \u00c9lasthanne NexStretch Ripstop<\/li>\n<li>La protection en t\u00e9flon sur le col et les manches repousse les taches et les liquides<\/li>\n<li>Fermeture zipp\u00e9e 1\/4 \u00e0 l'avant avec col montant<\/li>\n<li>Corps en tricot r\u00e9sistant au frottement et au pilling<\/li>\n<li>Antimicrobien \/ anti-odeur<\/li>\n<li>S\u00e9chage rapide<\/li>\n<li>Poches \u00e0 manches zipp\u00e9es et zones \u00e0 boucles pour l'identification et les insignes<\/li>\n<li>Coudes renforc\u00e9s<\/li>\n<li>Manchettes r\u00e9glables avec velcro<\/li>\n<li>Arri\u00e8re allong\u00e9<\/li>\n<li>Import\u00e9<\/li>\n<\/ul>\n<p>Marchandises originales am\u00e9ricaines!<br \/>\nLa chemise est tr\u00e8s grande, en cas de doute, commandez un num\u00e9ro plus petit !!<\/p>\n<p>Le Kinetic Combat Shirt a \u00e9t\u00e9 sp\u00e9cialement con\u00e7u pour r\u00e9pondre aux besoins des forces de l'ordre et des militaires en termes de fonctionnalit\u00e9 et de confort sous une armure lourde. Le corps de la chemise est compos\u00e9 de notre meilleur 100 r\u00e9sistant \u00e0 la d\u00e9chirure de l'industrie % Polyester aux propri\u00e9t\u00e9s anti-humidit\u00e9, \u00e0 s\u00e9chage rapide et antimicrobiennes pour vous garder au frais et au frais tout au long de la journ\u00e9e. Les manches et le col sont fabriqu\u00e9s \u00e0 partir de notre tissu ripstop NexStretch, une combinaison de polyester, de coton et d'\u00e9lasthanne qui offre une libert\u00e9 de mouvement optimale. Cette chemise est \u00e9quip\u00e9e de poches de rangement pratiques, de poches \u00e0 crayons et de casiers \u00e0 boucles pour l'identification et les insignes. Les manches raglan avec des enveloppes d'avant-bras offrent une libert\u00e9 de mouvement exceptionnelle, tandis que les garnitures de coude renforc\u00e9es contribuent \u00e0 la durabilit\u00e9. Le col montant et la fermeture \u00e9clair 1\/4 \u00e0 l'avant sont doubl\u00e9s d'un maillage doux et respirant pour pr\u00e9venir l'abrasion et augmenter le confort.<\/p>","protected":false},"excerpt":{"rendered":"<h4>Kinetic\u00ae Combat Shirt \u2013 manches longues \u2013 vert olive<\/h4>","protected":false},"featured_media":1262,"comment_status":"open","ping_status":"closed","template":"","meta":{"_rtcl_gb_attr":"","ngg_post_thumbnail":0},"product_brand":[],"product_cat":[332],"product_tag":[87,144,145,85],"class_list":{"0":"post-1249","1":"product","2":"type-product","3":"status-publish","4":"has-post-thumbnail","6":"product_cat-shirts","7":"product_tag-combat-shirt","8":"product_tag-kinetic","9":"product_tag-kinetic-combat-shirt-long-sleeve-olivegruen","10":"product_tag-us-army","11":"pa_groesse-l","12":"pa_groesse-m","13":"pa_groesse-s","14":"pa_groesse-xl","15":"pa_groesse-xs","16":"pa_groesse-xxl","18":"first","19":"instock","20":"taxable","21":"shipping-taxable","22":"purchasable","23":"product-type-variable","24":"has-default-attributes"},"bundled_by":[],"bundle_stock_status":"instock","bundle_stock_quantity":null,"bundle_virtual":false,"bundle_layout":"","bundle_add_to_cart_form_location":"","bundle_editable_in_cart":false,"bundle_sold_individually_context":"","bundle_item_grouping":"","bundle_min_size":"","bundle_max_size":"","bundle_price":[],"bundled_items":[],"bundle_sell_ids":[],"jetpack_sharing_enabled":true,"_links":{"self":[{"href":"https:\/\/www.aps-eb.de\/fr\/wp-json\/wp\/v2\/product\/1249","targetHints":{"allow":["GET"]}}],"collection":[{"href":"https:\/\/www.aps-eb.de\/fr\/wp-json\/wp\/v2\/product"}],"about":[{"href":"https:\/\/www.aps-eb.de\/fr\/wp-json\/wp\/v2\/types\/product"}],"replies":[{"embeddable":true,"href":"https:\/\/www.aps-eb.de\/fr\/wp-json\/wp\/v2\/comments?post=1249"}],"wp:featuredmedia":[{"embeddable":true,"href":"https:\/\/www.aps-eb.de\/fr\/wp-json\/wp\/v2\/media\/1262"}],"wp:attachment":[{"href":"https:\/\/www.aps-eb.de\/fr\/wp-json\/wp\/v2\/media?parent=1249"}],"wp:term":[{"taxonomy":"product_brand","embeddable":true,"href":"https:\/\/www.aps-eb.de\/fr\/wp-json\/wp\/v2\/product_brand?post=1249"},{"taxonomy":"product_cat","embeddable":true,"href":"https:\/\/www.aps-eb.de\/fr\/wp-json\/wp\/v2\/product_cat?post=1249"},{"taxonomy":"product_tag","embeddable":true,"href":"https:\/\/www.aps-eb.de\/fr\/wp-json\/wp\/v2\/product_tag?post=1249"}],"curies":[{"name":"wp","href":"https:\/\/api.w.org\/{rel}","templated":true}]}}