{"id":1370,"date":"2024-02-07T12:59:13","date_gmt":"2024-02-07T12:59:13","guid":{"rendered":"https:\/\/aps-eb.de\/?post_type=product&#038;p=1370"},"modified":"2025-11-17T08:54:10","modified_gmt":"2025-11-17T08:54:10","slug":"poly-cotton-twill-flight-suit-fliegerkombi-black","status":"publish","type":"product","link":"https:\/\/www.aps-eb.de\/fr\/categorie\/poly-cotton-twill-flight-suit-fliegerkombi-black\/","title":{"rendered":"Poly Cotton Twill Flight Suit (combinaison d\u2019avions) \u2013 Noir"},"content":{"rendered":"<h4>Couleur : Black \u2013 NOUVEAU LOGICIEL<\/h4>\n<ul>\n<li>Coutures coup\u00e9es en continu pour une durabilit\u00e9 accrue<\/li>\n<li>Fermeture \u00e0 glissi\u00e8re 2 voies \u00e0 l'avant<\/li>\n<li>\u00c9paules renforc\u00e9es pour pr\u00e9venir l'usure<\/li>\n<li>Le dos bi-swing am\u00e9liore la libert\u00e9 de mouvement, les \u00e9paules renforc\u00e9es pour \u00e9viter l'usure<\/li>\n<li>Ceinture de hanche r\u00e9glable avec velcro<\/li>\n<li>Six poches principales avec poches accessoires suppl\u00e9mentaires<\/li>\n<li>Velcro r\u00e9glable sur les poignets<\/li>\n<li>Ouvertures pour les jambes avec fermeture \u00e0 glissi\u00e8re<\/li>\n<\/ul>","protected":false},"excerpt":{"rendered":"<p class=\"text-lg mt-4 mb-3 md:text-28 font-bold text-bluepropper font-Opensans\">Poly Cotton Twill Flight Suit (combinaison d\u2019avions) \u2013 Noir<\/p>","protected":false},"featured_media":637,"comment_status":"open","ping_status":"closed","template":"","meta":{"_rtcl_gb_attr":"","ngg_post_thumbnail":0},"product_brand":[],"product_cat":[328],"product_tag":[83],"class_list":{"0":"post-1370","1":"product","2":"type-product","3":"status-publish","4":"has-post-thumbnail","6":"product_cat-fliegerkombis","7":"product_tag-fliegerkombi","9":"first","10":"instock","11":"taxable","12":"shipping-taxable","13":"purchasable","14":"product-type-variable","15":"has-default-attributes"},"bundled_by":[],"bundle_stock_status":"instock","bundle_stock_quantity":null,"bundle_virtual":false,"bundle_layout":"","bundle_add_to_cart_form_location":"","bundle_editable_in_cart":false,"bundle_sold_individually_context":"","bundle_item_grouping":"","bundle_min_size":"","bundle_max_size":"","bundle_price":[],"bundled_items":[],"bundle_sell_ids":[],"jetpack_sharing_enabled":true,"_links":{"self":[{"href":"https:\/\/www.aps-eb.de\/fr\/wp-json\/wp\/v2\/product\/1370","targetHints":{"allow":["GET"]}}],"collection":[{"href":"https:\/\/www.aps-eb.de\/fr\/wp-json\/wp\/v2\/product"}],"about":[{"href":"https:\/\/www.aps-eb.de\/fr\/wp-json\/wp\/v2\/types\/product"}],"replies":[{"embeddable":true,"href":"https:\/\/www.aps-eb.de\/fr\/wp-json\/wp\/v2\/comments?post=1370"}],"wp:featuredmedia":[{"embeddable":true,"href":"https:\/\/www.aps-eb.de\/fr\/wp-json\/wp\/v2\/media\/637"}],"wp:attachment":[{"href":"https:\/\/www.aps-eb.de\/fr\/wp-json\/wp\/v2\/media?parent=1370"}],"wp:term":[{"taxonomy":"product_brand","embeddable":true,"href":"https:\/\/www.aps-eb.de\/fr\/wp-json\/wp\/v2\/product_brand?post=1370"},{"taxonomy":"product_cat","embeddable":true,"href":"https:\/\/www.aps-eb.de\/fr\/wp-json\/wp\/v2\/product_cat?post=1370"},{"taxonomy":"product_tag","embeddable":true,"href":"https:\/\/www.aps-eb.de\/fr\/wp-json\/wp\/v2\/product_tag?post=1370"}],"curies":[{"name":"wp","href":"https:\/\/api.w.org\/{rel}","templated":true}]}}