{"id":1402,"date":"2024-02-07T13:11:24","date_gmt":"2024-02-07T13:11:24","guid":{"rendered":"https:\/\/aps-eb.de\/?post_type=product&#038;p=1402"},"modified":"2025-10-29T13:13:50","modified_gmt":"2025-10-29T13:13:50","slug":"poly-cotton-twill-flight-suit-fliegerkombi-freedom-green-neu","status":"publish","type":"product","link":"https:\/\/www.aps-eb.de\/fr\/categorie\/poly-cotton-twill-flight-suit-fliegerkombi-freedom-green-neu\/","title":{"rendered":"Combinaison originale d\u2019avions des \u00c9tats-Unis \u2013 Costume de vol en serg\u00e9 de coton poly \u2013 Vert libert\u00e9 \u2013 NOUVEAU"},"content":{"rendered":"<h4>Couleur : Freedom Green \u2013 NOUVEAU LOGICIEL<\/h4>\n<p>Combinaison d'aviation originale am\u00e9ricaine!<\/p>\n<ul>\n<li>Coutures coup\u00e9es en continu pour une durabilit\u00e9 accrue<\/li>\n<li>Fermeture \u00e0 glissi\u00e8re 2 voies \u00e0 l'avant<\/li>\n<li>\u00c9paules renforc\u00e9es pour pr\u00e9venir l'usure<\/li>\n<li>Le dos bi-swing am\u00e9liore la libert\u00e9 de mouvement, les \u00e9paules renforc\u00e9es pour \u00e9viter l'usure<\/li>\n<li>Ceinture de hanche r\u00e9glable avec velcro<\/li>\n<li>Six poches principales avec poches accessoires suppl\u00e9mentaires<\/li>\n<li>Velcro r\u00e9glable sur les poignets<\/li>\n<li>Ouvertures pour les jambes avec fermeture \u00e0 glissi\u00e8re<\/li>\n<\/ul>\n<h4>Les tailles suivantes sont disponibles. Lors de la commande, veuillez pr\u00e9ciser.<\/h4>\n<p>XS<br \/>\nS<br \/>\nM<br \/>\nL<br \/>\nXL<br \/>\nXXL<br \/>\n3XL<\/p>","protected":false},"excerpt":{"rendered":"<p>Combinaison originale d\u2019avions des \u00c9tats-Unis \u2013 Costume de vol en serg\u00e9 de coton poly \u2013 Vert libert\u00e9 \u2013 NOUVEAU<\/p>","protected":false},"featured_media":333,"comment_status":"open","ping_status":"closed","template":"","meta":{"_rtcl_gb_attr":"","ngg_post_thumbnail":0},"product_brand":[],"product_cat":[328],"product_tag":[83],"class_list":{"0":"post-1402","1":"product","2":"type-product","3":"status-publish","4":"has-post-thumbnail","6":"product_cat-fliegerkombis","7":"product_tag-fliegerkombi","9":"first","10":"instock","11":"taxable","12":"shipping-taxable","13":"purchasable","14":"product-type-simple"},"bundled_by":[],"bundle_stock_status":"instock","bundle_stock_quantity":10,"bundle_virtual":false,"bundle_layout":"","bundle_add_to_cart_form_location":"","bundle_editable_in_cart":false,"bundle_sold_individually_context":"","bundle_item_grouping":"","bundle_min_size":"","bundle_max_size":"","bundle_price":[],"bundled_items":[],"bundle_sell_ids":[],"jetpack_sharing_enabled":true,"_links":{"self":[{"href":"https:\/\/www.aps-eb.de\/fr\/wp-json\/wp\/v2\/product\/1402","targetHints":{"allow":["GET"]}}],"collection":[{"href":"https:\/\/www.aps-eb.de\/fr\/wp-json\/wp\/v2\/product"}],"about":[{"href":"https:\/\/www.aps-eb.de\/fr\/wp-json\/wp\/v2\/types\/product"}],"replies":[{"embeddable":true,"href":"https:\/\/www.aps-eb.de\/fr\/wp-json\/wp\/v2\/comments?post=1402"}],"wp:featuredmedia":[{"embeddable":true,"href":"https:\/\/www.aps-eb.de\/fr\/wp-json\/wp\/v2\/media\/333"}],"wp:attachment":[{"href":"https:\/\/www.aps-eb.de\/fr\/wp-json\/wp\/v2\/media?parent=1402"}],"wp:term":[{"taxonomy":"product_brand","embeddable":true,"href":"https:\/\/www.aps-eb.de\/fr\/wp-json\/wp\/v2\/product_brand?post=1402"},{"taxonomy":"product_cat","embeddable":true,"href":"https:\/\/www.aps-eb.de\/fr\/wp-json\/wp\/v2\/product_cat?post=1402"},{"taxonomy":"product_tag","embeddable":true,"href":"https:\/\/www.aps-eb.de\/fr\/wp-json\/wp\/v2\/product_tag?post=1402"}],"curies":[{"name":"wp","href":"https:\/\/api.w.org\/{rel}","templated":true}]}}