{"id":1471,"date":"2024-03-06T12:27:40","date_gmt":"2024-03-06T12:27:40","guid":{"rendered":"https:\/\/aps-eb.de\/?post_type=product&#038;p=1471"},"modified":"2025-12-20T10:28:15","modified_gmt":"2025-12-20T10:28:15","slug":"us-army-basecap-mesh","status":"publish","type":"product","link":"https:\/\/www.aps-eb.de\/fr\/categorie\/us-army-basecap-mesh\/","title":{"rendered":"Casquette de baseball de l'arm\u00e9e am\u00e9ricaine - Mesh"},"content":{"rendered":"<h4>Casquette de baseball de l'arm\u00e9e am\u00e9ricaine - Mesh<\/h4>\n<p>La casquette Tactical OCP offre un confort respirant \u00e0 s\u00e9chage rapide avec des inserts en mesh rafra\u00eechissants et une fermeture velcro r\u00e9glable. Ce bonnet conforme au NIR dans le mod\u00e8le de camouflage professionnel (OCP) est fabriqu\u00e9 \u00e0 partir du m\u00eame tissu que l'uniforme Improved Hot Weather port\u00e9 par l'arm\u00e9e et l'arm\u00e9e de l'air am\u00e9ricaines. Les inserts en mesh sont compos\u00e9s de 100 % Polyester de Tan499. Pour les rubans nominatifs et l'identification, un champ de boucle a \u00e9t\u00e9 ajout\u00e9 \u00e0 l'arri\u00e8re, ainsi qu'un champ de boucle de 1 x 1 pouce au-dessus.<\/p>","protected":false},"excerpt":{"rendered":"<h4>Casquette de base militaire am\u00e9ricaine - Mesh<\/h4>","protected":false},"featured_media":1493,"comment_status":"open","ping_status":"closed","template":"","meta":{"_rtcl_gb_attr":"","ngg_post_thumbnail":0},"product_brand":[],"product_cat":[332],"product_tag":[83],"class_list":{"0":"post-1471","1":"product","2":"type-product","3":"status-publish","4":"has-post-thumbnail","6":"product_cat-shirts","7":"product_tag-fliegerkombi","9":"first","10":"instock","11":"taxable","12":"shipping-taxable","13":"purchasable","14":"product-type-simple"},"bundled_by":[],"bundle_stock_status":"instock","bundle_stock_quantity":10,"bundle_virtual":false,"bundle_layout":"","bundle_add_to_cart_form_location":"","bundle_editable_in_cart":false,"bundle_sold_individually_context":"","bundle_item_grouping":"","bundle_min_size":"","bundle_max_size":"","bundle_price":[],"bundled_items":[],"bundle_sell_ids":[],"jetpack_sharing_enabled":true,"_links":{"self":[{"href":"https:\/\/www.aps-eb.de\/fr\/wp-json\/wp\/v2\/product\/1471","targetHints":{"allow":["GET"]}}],"collection":[{"href":"https:\/\/www.aps-eb.de\/fr\/wp-json\/wp\/v2\/product"}],"about":[{"href":"https:\/\/www.aps-eb.de\/fr\/wp-json\/wp\/v2\/types\/product"}],"replies":[{"embeddable":true,"href":"https:\/\/www.aps-eb.de\/fr\/wp-json\/wp\/v2\/comments?post=1471"}],"wp:featuredmedia":[{"embeddable":true,"href":"https:\/\/www.aps-eb.de\/fr\/wp-json\/wp\/v2\/media\/1493"}],"wp:attachment":[{"href":"https:\/\/www.aps-eb.de\/fr\/wp-json\/wp\/v2\/media?parent=1471"}],"wp:term":[{"taxonomy":"product_brand","embeddable":true,"href":"https:\/\/www.aps-eb.de\/fr\/wp-json\/wp\/v2\/product_brand?post=1471"},{"taxonomy":"product_cat","embeddable":true,"href":"https:\/\/www.aps-eb.de\/fr\/wp-json\/wp\/v2\/product_cat?post=1471"},{"taxonomy":"product_tag","embeddable":true,"href":"https:\/\/www.aps-eb.de\/fr\/wp-json\/wp\/v2\/product_tag?post=1471"}],"curies":[{"name":"wp","href":"https:\/\/api.w.org\/{rel}","templated":true}]}}