{"id":1494,"date":"2024-03-07T06:04:05","date_gmt":"2024-03-07T06:04:05","guid":{"rendered":"https:\/\/aps-eb.de\/?post_type=product&#038;p=1494"},"modified":"2025-10-05T08:59:12","modified_gmt":"2025-10-05T08:59:12","slug":"us-army-gen-iii-polartec-fleece-jacke","status":"publish","type":"product","link":"https:\/\/www.aps-eb.de\/fr\/categorie\/us-army-gen-iii-polartec-fleece-jacke\/","title":{"rendered":"Veste polaire Polartec\u00ae de l'arm\u00e9e am\u00e9ricaine Gen III"},"content":{"rendered":"<h4>Veste polaire Polartec\u00ae de l'arm\u00e9e am\u00e9ricaine Gen III<\/h4>\n<ul>\n<li>100 % Polartec\u00ae Thermal Pro\u00ae-Fleece<\/li>\n<li>Le tissu Polartec\u00ae Thermal Pro\u00ae est 30 fois plus durable que la polaire traditionnelle<\/li>\n<li>Renforts en nylon sur le col, les \u00e9paules et les coudes<\/li>\n<li>Inserts lat\u00e9raux en polaire stretch pour plus de confort et de respirabilit\u00e9<\/li>\n<li>Cousu selon les sp\u00e9cifications militaires GL\/PD-06-03<\/li>\n<li>R\u00e9sistant \u00e0 la couleur et au r\u00e9tr\u00e9cissement<\/li>\n<li>Sacs chauffants \u00e0 main<\/li>\n<li>Deux poches thoraciques internes<\/li>\n<li>Manches raglan pour une meilleure libert\u00e9 de mouvement<\/li>\n<li>Manchettes \u00e9lastiques<\/li>\n<li>Importation des \u00c9tats-Unis<\/li>\n<\/ul>\n<p>La veste polaire Polartec\u00ae Gen III est con\u00e7ue pour une utilisation avec le syst\u00e8me \u00e9tendu de v\u00eatements par temps froid et est pr\u00eate pour une utilisation active. Il est cousu selon les sp\u00e9cifications militaires actuelles. Cette veste est \u00e9galement id\u00e9ale pour le camping, la randonn\u00e9e et le travail en plein air et vous garde au chaud m\u00eame par des temp\u00e9ratures plus fra\u00eeches gr\u00e2ce au tissu Polartec\u00ae Thermal Pro\u00ae de haute qualit\u00e9, 30 fois plus durable que la polaire traditionnelle.<\/p>","protected":false},"excerpt":{"rendered":"<h4>Veste polaire Polartec\u00ae de l'arm\u00e9e am\u00e9ricaine Gen III<\/h4>","protected":false},"featured_media":1496,"comment_status":"open","ping_status":"closed","template":"","meta":{"_rtcl_gb_attr":"","ngg_post_thumbnail":0},"product_brand":[],"product_cat":[329],"product_tag":[160,164,85],"class_list":{"0":"post-1494","1":"product","2":"type-product","3":"status-publish","4":"has-post-thumbnail","6":"product_cat-jacken","7":"product_tag-fleece-jacke","8":"product_tag-polartec","9":"product_tag-us-army","11":"first","12":"instock","13":"taxable","14":"shipping-taxable","15":"purchasable","16":"product-type-variable","17":"has-default-attributes"},"bundled_by":[],"bundle_stock_status":"instock","bundle_stock_quantity":null,"bundle_virtual":false,"bundle_layout":"","bundle_add_to_cart_form_location":"","bundle_editable_in_cart":false,"bundle_sold_individually_context":"","bundle_item_grouping":"","bundle_min_size":"","bundle_max_size":"","bundle_price":[],"bundled_items":[],"bundle_sell_ids":[],"jetpack_sharing_enabled":true,"_links":{"self":[{"href":"https:\/\/www.aps-eb.de\/fr\/wp-json\/wp\/v2\/product\/1494","targetHints":{"allow":["GET"]}}],"collection":[{"href":"https:\/\/www.aps-eb.de\/fr\/wp-json\/wp\/v2\/product"}],"about":[{"href":"https:\/\/www.aps-eb.de\/fr\/wp-json\/wp\/v2\/types\/product"}],"replies":[{"embeddable":true,"href":"https:\/\/www.aps-eb.de\/fr\/wp-json\/wp\/v2\/comments?post=1494"}],"wp:featuredmedia":[{"embeddable":true,"href":"https:\/\/www.aps-eb.de\/fr\/wp-json\/wp\/v2\/media\/1496"}],"wp:attachment":[{"href":"https:\/\/www.aps-eb.de\/fr\/wp-json\/wp\/v2\/media?parent=1494"}],"wp:term":[{"taxonomy":"product_brand","embeddable":true,"href":"https:\/\/www.aps-eb.de\/fr\/wp-json\/wp\/v2\/product_brand?post=1494"},{"taxonomy":"product_cat","embeddable":true,"href":"https:\/\/www.aps-eb.de\/fr\/wp-json\/wp\/v2\/product_cat?post=1494"},{"taxonomy":"product_tag","embeddable":true,"href":"https:\/\/www.aps-eb.de\/fr\/wp-json\/wp\/v2\/product_tag?post=1494"}],"curies":[{"name":"wp","href":"https:\/\/api.w.org\/{rel}","templated":true}]}}