{"id":1721,"date":"2024-05-07T06:51:51","date_gmt":"2024-05-07T06:51:51","guid":{"rendered":"https:\/\/aps-eb.de\/?post_type=product&#038;p=1721"},"modified":"2026-04-28T13:44:25","modified_gmt":"2026-04-28T13:44:25","slug":"ba4108","status":"publish","type":"product","link":"https:\/\/www.aps-eb.de\/fr\/categorie\/ba4108\/","title":{"rendered":"Brackett Aero Air Filter Element"},"content":{"rendered":"<h1 id=\"title\" class=\"a-size-large a-spacing-none\"><span id=\"productTitle\" class=\"a-size-large product-title-word-break\">Brackett Aero Air Filter Element<\/span><\/h1>\n<ul>\n<li>Les filtres Brackett Aero sont des filtres \u00e9prouv\u00e9s pour l'aviation. Les filtres Bracket Aero, anciennement AC, sont utilis\u00e9s dans les avions et les h\u00e9licopt\u00e8res depuis 1968. \u00c0 l'heure actuelle, les filtres en mousse Brackett sont install\u00e9s en tant qu'\u00e9quipement d'origine d'usine sur 16 avions de s\u00e9rie actuels et quatre h\u00e9licopt\u00e8res.<\/li>\n<li>Approuv\u00e9 par la FAA-PMA \u2013 88 mod\u00e8les diff\u00e9rents.<\/li>\n<li>La mousse trait\u00e9e est tr\u00e8s efficace pour le filtrage.<\/li>\n<li>L'\u00e9l\u00e9ment en mousse \u00e0 deux \u00e9tages augmente la capacit\u00e9 d'absorption de la poussi\u00e8re.<\/li>\n<li>Le filtre en mousse est \u00e9galement approuv\u00e9 pour les hydravions. Il n'a pas de plis pour le stockage de la salet\u00e9 et est r\u00e9sistant \u00e0 l'abrasion.<\/li>\n<\/ul>","protected":false},"excerpt":{"rendered":"<h1 id=\"title\" class=\"a-size-large a-spacing-none\"><span id=\"productTitle\" class=\"a-size-large product-title-word-break\">Brackett Aero BA-4108 \u00e9l\u00e9ment de filtre \u00e0 air<\/span><\/h1>","protected":false},"featured_media":1722,"comment_status":"open","ping_status":"closed","template":"","meta":{"_rtcl_gb_attr":"","ngg_post_thumbnail":0},"product_brand":[],"product_cat":[27],"product_tag":[68,70,71,69,75],"class_list":{"0":"post-1721","1":"product","2":"type-product","3":"status-publish","4":"has-post-thumbnail","6":"product_cat-ersatzteile","7":"product_tag-champion","8":"product_tag-lycomming","9":"product_tag-oilfilter","10":"product_tag-oelfilter","11":"product_tag-tempest","13":"first","14":"instock","15":"taxable","16":"shipping-taxable","17":"purchasable","18":"product-type-variable","19":"has-default-attributes"},"bundled_by":[],"bundle_stock_status":"instock","bundle_stock_quantity":20,"bundle_virtual":false,"bundle_layout":"","bundle_add_to_cart_form_location":"","bundle_editable_in_cart":false,"bundle_sold_individually_context":"","bundle_item_grouping":"","bundle_min_size":"","bundle_max_size":"","bundle_price":[],"bundled_items":[],"bundle_sell_ids":[],"jetpack_sharing_enabled":true,"_links":{"self":[{"href":"https:\/\/www.aps-eb.de\/fr\/wp-json\/wp\/v2\/product\/1721","targetHints":{"allow":["GET"]}}],"collection":[{"href":"https:\/\/www.aps-eb.de\/fr\/wp-json\/wp\/v2\/product"}],"about":[{"href":"https:\/\/www.aps-eb.de\/fr\/wp-json\/wp\/v2\/types\/product"}],"replies":[{"embeddable":true,"href":"https:\/\/www.aps-eb.de\/fr\/wp-json\/wp\/v2\/comments?post=1721"}],"wp:featuredmedia":[{"embeddable":true,"href":"https:\/\/www.aps-eb.de\/fr\/wp-json\/wp\/v2\/media\/1722"}],"wp:attachment":[{"href":"https:\/\/www.aps-eb.de\/fr\/wp-json\/wp\/v2\/media?parent=1721"}],"wp:term":[{"taxonomy":"product_brand","embeddable":true,"href":"https:\/\/www.aps-eb.de\/fr\/wp-json\/wp\/v2\/product_brand?post=1721"},{"taxonomy":"product_cat","embeddable":true,"href":"https:\/\/www.aps-eb.de\/fr\/wp-json\/wp\/v2\/product_cat?post=1721"},{"taxonomy":"product_tag","embeddable":true,"href":"https:\/\/www.aps-eb.de\/fr\/wp-json\/wp\/v2\/product_tag?post=1721"}],"curies":[{"name":"wp","href":"https:\/\/api.w.org\/{rel}","templated":true}]}}