{"id":1726,"date":"2024-05-07T09:21:32","date_gmt":"2024-05-07T09:21:32","guid":{"rendered":"https:\/\/aps-eb.de\/?post_type=product&#038;p=1726"},"modified":"2026-05-14T17:17:34","modified_gmt":"2026-05-14T17:17:34","slug":"rotax-oilfilter","status":"publish","type":"product","link":"https:\/\/www.aps-eb.de\/fr\/categorie\/rotax-oilfilter\/","title":{"rendered":"Filtre \u00e0 huile Rotax incl. bague d'\u00e9tanch\u00e9it\u00e9 P\/N: 825016"},"content":{"rendered":"<h1 class=\"product--title\">Filtre \u00e0 huile Rotax incl. bague d'\u00e9tanch\u00e9it\u00e9 P\/N: 825016<\/h1>\n<ul>\n<li>Filtres \u00e0 huile Rotax pour s\u00e9ries 912 - 916<\/li>\n<\/ul>","protected":false},"excerpt":{"rendered":"<h1 class=\"product--title\">Filtre \u00e0 huile Rotax incl. bague d'\u00e9tanch\u00e9it\u00e9 P\/N: 825016<\/h1>","protected":false},"featured_media":1729,"comment_status":"open","ping_status":"closed","template":"","meta":{"_rtcl_gb_attr":"","ngg_post_thumbnail":0},"product_brand":[],"product_cat":[27],"product_tag":[70,71,69,28,75],"class_list":{"0":"post-1726","1":"product","2":"type-product","3":"status-publish","4":"has-post-thumbnail","6":"product_cat-ersatzteile","7":"product_tag-lycomming","8":"product_tag-oilfilter","9":"product_tag-oelfilter","10":"product_tag-rotax","11":"product_tag-tempest","13":"first","14":"instock","15":"sale","16":"taxable","17":"shipping-taxable","18":"purchasable","19":"product-type-variable","20":"has-default-attributes"},"bundled_by":[],"bundle_stock_status":"instock","bundle_stock_quantity":null,"bundle_virtual":false,"bundle_layout":"","bundle_add_to_cart_form_location":"","bundle_editable_in_cart":false,"bundle_sold_individually_context":"","bundle_item_grouping":"","bundle_min_size":"","bundle_max_size":"","bundle_price":[],"bundled_items":[],"bundle_sell_ids":[],"jetpack_sharing_enabled":true,"_links":{"self":[{"href":"https:\/\/www.aps-eb.de\/fr\/wp-json\/wp\/v2\/product\/1726","targetHints":{"allow":["GET"]}}],"collection":[{"href":"https:\/\/www.aps-eb.de\/fr\/wp-json\/wp\/v2\/product"}],"about":[{"href":"https:\/\/www.aps-eb.de\/fr\/wp-json\/wp\/v2\/types\/product"}],"replies":[{"embeddable":true,"href":"https:\/\/www.aps-eb.de\/fr\/wp-json\/wp\/v2\/comments?post=1726"}],"wp:featuredmedia":[{"embeddable":true,"href":"https:\/\/www.aps-eb.de\/fr\/wp-json\/wp\/v2\/media\/1729"}],"wp:attachment":[{"href":"https:\/\/www.aps-eb.de\/fr\/wp-json\/wp\/v2\/media?parent=1726"}],"wp:term":[{"taxonomy":"product_brand","embeddable":true,"href":"https:\/\/www.aps-eb.de\/fr\/wp-json\/wp\/v2\/product_brand?post=1726"},{"taxonomy":"product_cat","embeddable":true,"href":"https:\/\/www.aps-eb.de\/fr\/wp-json\/wp\/v2\/product_cat?post=1726"},{"taxonomy":"product_tag","embeddable":true,"href":"https:\/\/www.aps-eb.de\/fr\/wp-json\/wp\/v2\/product_tag?post=1726"}],"curies":[{"name":"wp","href":"https:\/\/api.w.org\/{rel}","templated":true}]}}