{"id":1788,"date":"2024-05-16T08:49:20","date_gmt":"2024-05-16T08:49:20","guid":{"rendered":"https:\/\/aps-eb.de\/?post_type=product&#038;p=1788"},"modified":"2024-05-16T09:07:20","modified_gmt":"2024-05-16T09:07:20","slug":"jpi-edm-700","status":"publish","type":"product","link":"https:\/\/www.aps-eb.de\/fr\/categorie\/jpi-edm-700\/","title":{"rendered":"JPI EDM-700"},"content":{"rendered":"<h1>JPI EDM-700<\/h1>\n<p>Tous les instruments ont les m\u00eames fonctions.<br \/>\nAffiche les EGT, CHT, TIT et la temp\u00e9rature de l'huile. Les autres temp\u00e9ratures et fonctions ne s'affichent que num\u00e9riquement dans la section Messages. L'analyse du moteur est effectu\u00e9e automatiquement avec des limites de surchauffe programmables par le pilote, une limite diff\u00e9rentielle et une limite de shockcooling. La plage des barres et le taux de balayage sont \u00e9galement programmables par le pilote. La d\u00e9tection exclusive des pics pour ROP et LOP \u00e9limine les faux pics. Indique quand chaque cylindre atteint l'EGT maximum. Dans le m\u00eame temps, la temp\u00e9rature est affich\u00e9e en dessous de la valeur de cr\u00eate EGT pour permettre un leaning pr\u00e9cis. Mode normalis\u00e9 avec stockage \u00e0 long terme pour faciliter la d\u00e9tection des probl\u00e8mes et l'analyse des tendances. Le logiciel de diagramme est disponible gratuitement en t\u00e9l\u00e9chargement.<\/p>\n<p>Taille : 2,615\u2032\u2032 x 2,615\u2032\u2032 x 7,1\u2032\u2032 profondeur. 2 1\/4\u2032\u2032. 13 onces.<br \/>\nunit\u00e9. R\u00e9solution de 1 \u00b0F. Pr\u00e9cision: 1\/2 %.<br \/>\nAffichage plasma, visible \u00e0 la lumi\u00e8re directe et indirecte du soleil. Fonctionne<\/p>","protected":false},"excerpt":{"rendered":"<h1>JPI EDM-930<\/h1>\n<p>L'EDM-930 est \u00e9quip\u00e9 en standard d'un graphique \u00e0 barres VGA couleur prenant en charge l'inclinaison (ROP\/LOP). En outre, le graphique \u00e0 barres comporte un affichage \u00abnormalis\u00e9\u00bb et num\u00e9rique d\u2019EGT et de CHT sur chaque colonne et dans la zone des messages sur un seul \u00e9cran. . Aucun autre graphique \u00e0 barres du secteur n'offre autant de fonctionnalit\u00e9s que l'EDM-930: 39. Tous peuvent \u00eatre ajout\u00e9s et affich\u00e9s.<\/p>","protected":false},"featured_media":1802,"comment_status":"open","ping_status":"closed","template":"","meta":{"_rtcl_gb_attr":"","ngg_post_thumbnail":0},"product_brand":[],"product_cat":[53],"product_tag":[],"class_list":{"0":"post-1788","1":"product","2":"type-product","3":"status-publish","4":"has-post-thumbnail","6":"product_cat-instrumente","8":"first","9":"instock","10":"taxable","11":"shipping-taxable","12":"purchasable","13":"product-type-variable"},"bundled_by":[],"bundle_stock_status":"instock","bundle_stock_quantity":null,"bundle_virtual":false,"bundle_layout":"","bundle_add_to_cart_form_location":"","bundle_editable_in_cart":false,"bundle_sold_individually_context":"","bundle_item_grouping":"","bundle_min_size":"","bundle_max_size":"","bundle_price":[],"bundled_items":[],"bundle_sell_ids":[],"jetpack_sharing_enabled":true,"_links":{"self":[{"href":"https:\/\/www.aps-eb.de\/fr\/wp-json\/wp\/v2\/product\/1788","targetHints":{"allow":["GET"]}}],"collection":[{"href":"https:\/\/www.aps-eb.de\/fr\/wp-json\/wp\/v2\/product"}],"about":[{"href":"https:\/\/www.aps-eb.de\/fr\/wp-json\/wp\/v2\/types\/product"}],"replies":[{"embeddable":true,"href":"https:\/\/www.aps-eb.de\/fr\/wp-json\/wp\/v2\/comments?post=1788"}],"wp:featuredmedia":[{"embeddable":true,"href":"https:\/\/www.aps-eb.de\/fr\/wp-json\/wp\/v2\/media\/1802"}],"wp:attachment":[{"href":"https:\/\/www.aps-eb.de\/fr\/wp-json\/wp\/v2\/media?parent=1788"}],"wp:term":[{"taxonomy":"product_brand","embeddable":true,"href":"https:\/\/www.aps-eb.de\/fr\/wp-json\/wp\/v2\/product_brand?post=1788"},{"taxonomy":"product_cat","embeddable":true,"href":"https:\/\/www.aps-eb.de\/fr\/wp-json\/wp\/v2\/product_cat?post=1788"},{"taxonomy":"product_tag","embeddable":true,"href":"https:\/\/www.aps-eb.de\/fr\/wp-json\/wp\/v2\/product_tag?post=1788"}],"curies":[{"name":"wp","href":"https:\/\/api.w.org\/{rel}","templated":true}]}}