{"id":1875,"date":"2024-11-28T08:47:52","date_gmt":"2024-11-28T08:47:52","guid":{"rendered":"https:\/\/aps-eb.de\/?post_type=product&#038;p=1875"},"modified":"2025-10-05T09:14:48","modified_gmt":"2025-10-05T09:14:48","slug":"taktische-tragetasche-2","status":"publish","type":"product","link":"https:\/\/www.aps-eb.de\/fr\/categorie\/taktische-tragetasche-2\/","title":{"rendered":"sac de transport tactique"},"content":{"rendered":"<h4 id=\"tw-target-text\" class=\"tw-data-text tw-text-large tw-ta\" dir=\"ltr\" data-placeholder=\"Translation\">sac de transport tactique<\/h4>\n<ul>\n<li>100 % nylon<\/li>\n<li>Sangle compatible MOLLE pour une conception personnalis\u00e9e<\/li>\n<li>Poche avant zipp\u00e9e avec velcro interne<\/li>\n<li>Doublure contrast\u00e9e pour une meilleure visibilit\u00e9<\/li>\n<li>Poign\u00e9es caoutchout\u00e9es durables, bandouli\u00e8re r\u00e9glable rembourr\u00e9e des deux c\u00f4t\u00e9s<\/li>\n<li>Panneau de Velcro ext\u00e9rieur pour patchs<\/li>\n<li>Tunnel \u00e0 chaussures<\/li>\n<li>plancher renforc\u00e9<\/li>\n<li>Test\u00e9 et approuv\u00e9 par les membres du NTOA<\/li>\n<li>Import\u00e9<\/li>\n<\/ul>\n<p>Des mat\u00e9riaux robustes et un espace de rangement suffisant pour vous pr\u00e9parer \u00e0 chaque voyage ou utilisation. Le Tactical Duffle est fait de nylon cordura durable et d'un fond renforc\u00e9 pour plus de stabilit\u00e9. La bandouli\u00e8re rembourr\u00e9e et les poign\u00e9es caoutchout\u00e9es rendent ce sac facile \u00e0 transporter m\u00eame lorsqu'il est charg\u00e9 de tout l'\u00e9quipement important. Gardez vos chaussures ou bottes s\u00e9par\u00e9es des autres objets dans le tunnel de chaussure lat\u00e9ral qui s'\u00e9tend vers l'int\u00e9rieur et personnalisez-les avec un espace de rangement suppl\u00e9mentaire avec une sangle compatible MOLLE et des panneaux de poche int\u00e9rieurs doubl\u00e9s de boucles.<\/p>","protected":false},"excerpt":{"rendered":"<h4 id=\"tw-target-text\" class=\"tw-data-text tw-text-large tw-ta\" dir=\"ltr\" data-placeholder=\"Translation\">sac de transport tactique<\/h4>","protected":false},"featured_media":1880,"comment_status":"open","ping_status":"closed","template":"","meta":{"_rtcl_gb_attr":"","ngg_post_thumbnail":0},"product_brand":[],"product_cat":[330],"product_tag":[134,133,132,85],"class_list":{"0":"post-1875","1":"product","2":"type-product","3":"status-publish","4":"has-post-thumbnail","6":"product_cat-taschen-backpacks","7":"product_tag-kartentasche","8":"product_tag-pilotentasche","9":"product_tag-tragetasche","10":"product_tag-us-army","11":"pa_farbe-coyote","12":"pa_farbe-schwarz","14":"first","15":"instock","16":"taxable","17":"shipping-taxable","18":"purchasable","19":"product-type-variable"},"bundled_by":[],"bundle_stock_status":"instock","bundle_stock_quantity":10,"bundle_virtual":false,"bundle_layout":"","bundle_add_to_cart_form_location":"","bundle_editable_in_cart":false,"bundle_sold_individually_context":"","bundle_item_grouping":"","bundle_min_size":"","bundle_max_size":"","bundle_price":[],"bundled_items":[],"bundle_sell_ids":[],"jetpack_sharing_enabled":true,"_links":{"self":[{"href":"https:\/\/www.aps-eb.de\/fr\/wp-json\/wp\/v2\/product\/1875","targetHints":{"allow":["GET"]}}],"collection":[{"href":"https:\/\/www.aps-eb.de\/fr\/wp-json\/wp\/v2\/product"}],"about":[{"href":"https:\/\/www.aps-eb.de\/fr\/wp-json\/wp\/v2\/types\/product"}],"replies":[{"embeddable":true,"href":"https:\/\/www.aps-eb.de\/fr\/wp-json\/wp\/v2\/comments?post=1875"}],"wp:featuredmedia":[{"embeddable":true,"href":"https:\/\/www.aps-eb.de\/fr\/wp-json\/wp\/v2\/media\/1880"}],"wp:attachment":[{"href":"https:\/\/www.aps-eb.de\/fr\/wp-json\/wp\/v2\/media?parent=1875"}],"wp:term":[{"taxonomy":"product_brand","embeddable":true,"href":"https:\/\/www.aps-eb.de\/fr\/wp-json\/wp\/v2\/product_brand?post=1875"},{"taxonomy":"product_cat","embeddable":true,"href":"https:\/\/www.aps-eb.de\/fr\/wp-json\/wp\/v2\/product_cat?post=1875"},{"taxonomy":"product_tag","embeddable":true,"href":"https:\/\/www.aps-eb.de\/fr\/wp-json\/wp\/v2\/product_tag?post=1875"}],"curies":[{"name":"wp","href":"https:\/\/api.w.org\/{rel}","templated":true}]}}