{"id":21062,"date":"2026-03-18T06:10:29","date_gmt":"2026-03-18T06:10:29","guid":{"rendered":"https:\/\/www.aps-eb.de\/categorie\/metall-model-c-47d-skytrain-1100-3\/"},"modified":"2026-03-18T09:07:53","modified_gmt":"2026-03-18T09:07:53","slug":"metall-model-c-47d-skytrain-1100-3","status":"publish","type":"product","link":"https:\/\/www.aps-eb.de\/fr\/categorie\/metall-model-c-47d-skytrain-1100-3\/","title":{"rendered":"Metall Model C-47(D) Skytrain 1:100 #3"},"content":{"rendered":"<div class=\"info-block--item\">\n<div class=\"product-header-block\">\n<h1>Die-cast Modell C-47(D) Skytrain 1:100 #3<\/h1>\n<h3>412702<\/h3>\n<\/div>\n<div class=\"info-block\">\n<div class=\"info-block--item\">\n<div>\n<p><big>Dieses detaillierte Die-Cast-Modell des C-47 Skytrain. Das Flugzeug, bekannt f\u00fcr seine Rolle im Zweiten Weltkrieg, steht auf einem St\u00e4nder. Perfekt f\u00fcr Sammler und Luftfahrtbegeisterte!<\/big><\/p>\n<p><big><strong>Ma\u00dfstab:<\/strong>&nbsp;1:100.<\/big><\/p>\n<p><big><strong>Material:<\/strong>&nbsp;Metallbasis mit Plastikteilen<\/big><\/p>\n<\/div>\n<\/div>\n<\/div>\n<\/div>","protected":false},"excerpt":{"rendered":"<p>Die-cast Modell C-47(D) Skytrain 1:100 #3 412702 Dieses detaillierte Die-Cast-Modell des C-47 Skytrain. Das Flugzeug, bekannt f\u00fcr seine Rolle im<\/p>","protected":false},"featured_media":21042,"comment_status":"closed","ping_status":"closed","template":"","meta":{"_rtcl_gb_attr":"","ngg_post_thumbnail":0},"product_brand":[],"product_cat":[503],"product_tag":[],"class_list":{"0":"post-21062","1":"product","2":"type-product","3":"status-publish","4":"has-post-thumbnail","6":"product_cat-dekoration","8":"first","9":"instock","10":"taxable","11":"shipping-taxable","12":"purchasable","13":"product-type-simple"},"bundled_by":[],"bundle_stock_status":"instock","bundle_stock_quantity":null,"bundle_virtual":false,"bundle_layout":"","bundle_add_to_cart_form_location":"","bundle_editable_in_cart":false,"bundle_sold_individually_context":"","bundle_item_grouping":"","bundle_min_size":"","bundle_max_size":"","bundle_price":[],"bundled_items":[],"bundle_sell_ids":[],"jetpack_sharing_enabled":true,"_links":{"self":[{"href":"https:\/\/www.aps-eb.de\/fr\/wp-json\/wp\/v2\/product\/21062","targetHints":{"allow":["GET"]}}],"collection":[{"href":"https:\/\/www.aps-eb.de\/fr\/wp-json\/wp\/v2\/product"}],"about":[{"href":"https:\/\/www.aps-eb.de\/fr\/wp-json\/wp\/v2\/types\/product"}],"replies":[{"embeddable":true,"href":"https:\/\/www.aps-eb.de\/fr\/wp-json\/wp\/v2\/comments?post=21062"}],"wp:featuredmedia":[{"embeddable":true,"href":"https:\/\/www.aps-eb.de\/fr\/wp-json\/wp\/v2\/media\/21042"}],"wp:attachment":[{"href":"https:\/\/www.aps-eb.de\/fr\/wp-json\/wp\/v2\/media?parent=21062"}],"wp:term":[{"taxonomy":"product_brand","embeddable":true,"href":"https:\/\/www.aps-eb.de\/fr\/wp-json\/wp\/v2\/product_brand?post=21062"},{"taxonomy":"product_cat","embeddable":true,"href":"https:\/\/www.aps-eb.de\/fr\/wp-json\/wp\/v2\/product_cat?post=21062"},{"taxonomy":"product_tag","embeddable":true,"href":"https:\/\/www.aps-eb.de\/fr\/wp-json\/wp\/v2\/product_tag?post=21062"}],"curies":[{"name":"wp","href":"https:\/\/api.w.org\/{rel}","templated":true}]}}