{"id":2208,"date":"2025-03-06T09:33:22","date_gmt":"2025-03-06T09:33:22","guid":{"rendered":"https:\/\/aps-eb.de\/?post_type=product&#038;p=2208"},"modified":"2025-10-05T08:58:04","modified_gmt":"2025-10-05T08:58:04","slug":"tactical-vest-taktische-weste","status":"publish","type":"product","link":"https:\/\/www.aps-eb.de\/fr\/categorie\/tactical-vest-taktische-weste\/","title":{"rendered":"Veste tactique"},"content":{"rendered":"<h1 class=\"text-lg mt-4 mb-3 md:text-28 font-bold text-bluepropper font-Opensans\">Veste tactique<\/h1>\n<p>Gardez tout ce qui est important \u00e0 port\u00e9e de main, sans vous plaindre. Que vous participiez \u00e0 un match IDPA ou que vous profitiez simplement de la nature, ce gilet est renforc\u00e9 pour plus de durabilit\u00e9 et de polyvalence. Le Propper\u00ae Tactical Vest vous maintient en mouvement.<\/p>\n<ul>\n<li>6,4 oz 65 % Polyester \/ 35 % Coton, Ripstop l\u00e9ger<\/li>\n<li>Conception de 16 sacs<\/li>\n<li>Poches int\u00e9rieures avec doublure \u00e0 boucle<\/li>\n<li>Compatible avec MOLLE<\/li>\n<li>Arri\u00e8re ventil\u00e9<\/li>\n<li>Champ velcro pour les patchs d'identification ou Morale<\/li>\n<li>La poche avant gauche a des cloisons pour le stockage s\u00e9curis\u00e9 des chargeurs de pistolets<\/li>\n<li>Grandes poches en filet derri\u00e8re chaque poche int\u00e9rieure<\/li>\n<li>Sangles de r\u00e9glage de la hanche avec velcro<\/li>\n<li>Sac \u00e0 crayons sur la poitrine<\/li>\n<li>Test\u00e9 et approuv\u00e9 par les membres du NTOA<\/li>\n<li>Conforme \u00e0 l'IDPA pour la dissimulation d'\u00e9quipement<\/li>\n<li>Importation des \u00c9tats-Unis<\/li>\n<\/ul>","protected":false},"excerpt":{"rendered":"<h4>Veste tactique<\/h4>","protected":false},"featured_media":2256,"comment_status":"open","ping_status":"closed","template":"","meta":{"_rtcl_gb_attr":"","ngg_post_thumbnail":0},"product_brand":[],"product_cat":[329],"product_tag":[163,161,147,180,85,162,179],"class_list":{"0":"post-2208","1":"product","2":"type-product","3":"status-publish","4":"has-post-thumbnail","6":"product_cat-jacken","7":"product_tag-multicam","8":"product_tag-parka","9":"product_tag-propper","10":"product_tag-taktische-weste","11":"product_tag-us-army","12":"product_tag-wasserdicht","13":"product_tag-weste","14":"pa_farbe-black","15":"pa_farbe-khaki","17":"first","18":"instock","19":"taxable","20":"shipping-taxable","21":"purchasable","22":"product-type-variable","23":"has-default-attributes"},"bundled_by":[],"bundle_stock_status":"instock","bundle_stock_quantity":2,"bundle_virtual":false,"bundle_layout":"","bundle_add_to_cart_form_location":"","bundle_editable_in_cart":false,"bundle_sold_individually_context":"","bundle_item_grouping":"","bundle_min_size":"","bundle_max_size":"","bundle_price":[],"bundled_items":[],"bundle_sell_ids":[],"jetpack_sharing_enabled":true,"_links":{"self":[{"href":"https:\/\/www.aps-eb.de\/fr\/wp-json\/wp\/v2\/product\/2208","targetHints":{"allow":["GET"]}}],"collection":[{"href":"https:\/\/www.aps-eb.de\/fr\/wp-json\/wp\/v2\/product"}],"about":[{"href":"https:\/\/www.aps-eb.de\/fr\/wp-json\/wp\/v2\/types\/product"}],"replies":[{"embeddable":true,"href":"https:\/\/www.aps-eb.de\/fr\/wp-json\/wp\/v2\/comments?post=2208"}],"wp:featuredmedia":[{"embeddable":true,"href":"https:\/\/www.aps-eb.de\/fr\/wp-json\/wp\/v2\/media\/2256"}],"wp:attachment":[{"href":"https:\/\/www.aps-eb.de\/fr\/wp-json\/wp\/v2\/media?parent=2208"}],"wp:term":[{"taxonomy":"product_brand","embeddable":true,"href":"https:\/\/www.aps-eb.de\/fr\/wp-json\/wp\/v2\/product_brand?post=2208"},{"taxonomy":"product_cat","embeddable":true,"href":"https:\/\/www.aps-eb.de\/fr\/wp-json\/wp\/v2\/product_cat?post=2208"},{"taxonomy":"product_tag","embeddable":true,"href":"https:\/\/www.aps-eb.de\/fr\/wp-json\/wp\/v2\/product_tag?post=2208"}],"curies":[{"name":"wp","href":"https:\/\/api.w.org\/{rel}","templated":true}]}}