{"id":2264,"date":"2025-03-09T13:15:32","date_gmt":"2025-03-09T13:15:32","guid":{"rendered":"https:\/\/aps-eb.de\/?post_type=product&#038;p=2264"},"modified":"2025-10-05T09:14:11","modified_gmt":"2025-10-05T09:14:11","slug":"us-marines-usmc-rucksack-assault-3-day-pack-army-coyote-brown","status":"publish","type":"product","link":"https:\/\/www.aps-eb.de\/fr\/categorie\/us-marines-usmc-rucksack-assault-3-day-pack-army-coyote-brown\/","title":{"rendered":"US Marines USMC Sac \u00e0 dos Assault 3 Day Pack Army Coyote Brown"},"content":{"rendered":"<h4 id=\"tw-target-text\" class=\"tw-data-text tw-text-large tw-ta\" dir=\"ltr\" data-placeholder=\"Translation\">US Marines USMC Sac \u00e0 dos Assault 3 Day Pack Army Coyote Brown<\/h4>\n<ul>\n<li>NSN: 8465-01-600-7830<\/li>\n<li>Compatible avec USMC Pack System<\/li>\n<li>Compartiment principal de 20 x 14 x 5 pouces avec poche en filet zipp\u00e9e, deux poches de bouteille de champ, grand sac de rangement avec courroie de compression<\/li>\n<li>Compartiment de 11 x 11 x 3 pouces avec poche en filet zipp\u00e9e<\/li>\n<li>Insert de plaque de support amovible (acc\u00e8s par compartiment principal)<\/li>\n<li>Panneau velcro pour la fixation des patchs d'identification<\/li>\n<li>Courroies de compression cousues\/courroies de fixation de sac \u00e0 dos<\/li>\n<li>Bandouli\u00e8res rembourr\u00e9es r\u00e9glables et effa\u00e7ables avec sangles de guidage d'\u00e9quipement et fermetures rapides<\/li>\n<li>Ceinture pectorale r\u00e9glable \u00e0 d\u00e9gagement rapide<\/li>\n<li>Ceinture ajustable et poussi\u00e9reuse<\/li>\n<li>Sangle PALS<\/li>\n<li>Poign\u00e9e de traction sup\u00e9rieure avec deux ouvertures d'hydratation \u00e0 la base s\u00e9curis\u00e9es par velcro<\/li>\n<li>Oeillets de vidange \u00e0 la base de tous les compartiments<\/li>\n<li>Importation des \u00c9tats-Unis<\/li>\n<\/ul>\n<p>Le Propper USMC Assault Pack est un sac \u00e0 dos polyvalent et robuste qui s'int\u00e8gre parfaitement au syst\u00e8me USMC Pack. Avec plusieurs compartiments, des sangles de compression et des bretelles rembourr\u00e9es poussi\u00e9reuses, ce sac \u00e0 dos offre suffisamment d'espace de rangement et de confort pour chaque mission.<\/p>","protected":false},"excerpt":{"rendered":"<h4 id=\"tw-target-text\" class=\"tw-data-text tw-text-large tw-ta\" dir=\"ltr\" data-placeholder=\"Translation\">US Marines USMC Sac \u00e0 dos Assault 3 Day Pack Army Coyote Brown<\/h4>","protected":false},"featured_media":2270,"comment_status":"open","ping_status":"closed","template":"","meta":{"_rtcl_gb_attr":"","ngg_post_thumbnail":0},"product_brand":[],"product_cat":[330],"product_tag":[188,187,152,85,138],"class_list":{"0":"post-2264","1":"product","2":"type-product","3":"status-publish","4":"has-post-thumbnail","6":"product_cat-taschen-backpacks","7":"product_tag-assault","8":"product_tag-backpack","9":"product_tag-rucksack","10":"product_tag-us-army","11":"product_tag-usmc","13":"first","14":"instock","15":"taxable","16":"shipping-taxable","17":"purchasable","18":"product-type-simple"},"bundled_by":[],"bundle_stock_status":"instock","bundle_stock_quantity":10,"bundle_virtual":false,"bundle_layout":"","bundle_add_to_cart_form_location":"","bundle_editable_in_cart":false,"bundle_sold_individually_context":"","bundle_item_grouping":"","bundle_min_size":"","bundle_max_size":"","bundle_price":[],"bundled_items":[],"bundle_sell_ids":[],"jetpack_sharing_enabled":true,"_links":{"self":[{"href":"https:\/\/www.aps-eb.de\/fr\/wp-json\/wp\/v2\/product\/2264","targetHints":{"allow":["GET"]}}],"collection":[{"href":"https:\/\/www.aps-eb.de\/fr\/wp-json\/wp\/v2\/product"}],"about":[{"href":"https:\/\/www.aps-eb.de\/fr\/wp-json\/wp\/v2\/types\/product"}],"replies":[{"embeddable":true,"href":"https:\/\/www.aps-eb.de\/fr\/wp-json\/wp\/v2\/comments?post=2264"}],"wp:featuredmedia":[{"embeddable":true,"href":"https:\/\/www.aps-eb.de\/fr\/wp-json\/wp\/v2\/media\/2270"}],"wp:attachment":[{"href":"https:\/\/www.aps-eb.de\/fr\/wp-json\/wp\/v2\/media?parent=2264"}],"wp:term":[{"taxonomy":"product_brand","embeddable":true,"href":"https:\/\/www.aps-eb.de\/fr\/wp-json\/wp\/v2\/product_brand?post=2264"},{"taxonomy":"product_cat","embeddable":true,"href":"https:\/\/www.aps-eb.de\/fr\/wp-json\/wp\/v2\/product_cat?post=2264"},{"taxonomy":"product_tag","embeddable":true,"href":"https:\/\/www.aps-eb.de\/fr\/wp-json\/wp\/v2\/product_tag?post=2264"}],"curies":[{"name":"wp","href":"https:\/\/api.w.org\/{rel}","templated":true}]}}