{"id":2325,"date":"2025-04-23T14:03:21","date_gmt":"2025-04-23T14:03:21","guid":{"rendered":"https:\/\/aps-eb.de\/?post_type=product&#038;p=2325"},"modified":"2026-04-15T05:47:44","modified_gmt":"2026-04-15T05:47:44","slug":"aeroshell-grease-33-400g-kartusche","status":"publish","type":"product","link":"https:\/\/www.aps-eb.de\/fr\/categorie\/aeroshell-grease-33-400g-kartusche\/","title":{"rendered":"Cartouche AeroShell Grease 33 - 400g"},"content":{"rendered":"<h1 class=\"product-detail-name\">Cartouche AeroShell Grease 33 - 400g<\/h1>\n<div id=\"headingdescription\" class=\"card-header\" role=\"tab\">\n<p class=\"h5\"><span style=\"color: #323b44; font-family: 'Open Sans', Helvetica, Arial, Verdana, sans-serif; font-size: 14px;\">Shell Aeroshell Grease 33 est une graisse universelle pour les avions. Il est recommand\u00e9 pour les applications MIL-PRF-23827C et BMS 3-24 et les avions fabriqu\u00e9s par McDonnell Douglax, Canadair, Airbus, Lockheed, Embrae, Bae Regional Aircraft et Gulfstream. Le produit fonctionne sur une large plage de temp\u00e9ratures, offrant une r\u00e9duction des co\u00fbts de main-d'\u0153uvre de maintenance et une r\u00e9duction du risque d'application incorrecte de lubrifiant. Il convient \u00e0 Boeing.<\/span><\/p>\n<p><span style=\"color: #323b45; font-family: Montserrat, Helvetica, Arial, Verdana, sans-serif; font-size: 16px;\">SP\u00c9CIFICATIONS:<br \/>\n<\/span>BMS 3-33C, MIL-PRF-23827C (type I), AIMS 09-06-002, COMAC QPL-CMS-OL-302, SAE AMS 3052, code OTAN G-354<\/p>\n<\/div>","protected":false},"excerpt":{"rendered":"<h1 class=\"product--title\">Cartouche AeroShell Grease 33 - 400g<\/h1>","protected":false},"featured_media":2328,"comment_status":"open","ping_status":"closed","template":"","meta":{"_rtcl_gb_attr":"","ngg_post_thumbnail":0},"product_brand":[],"product_cat":[169],"product_tag":[199,170,200,70,69,28,111],"class_list":{"0":"post-2325","1":"product","2":"type-product","3":"status-publish","4":"has-post-thumbnail","6":"product_cat-oele","7":"product_tag-aeroshell","8":"product_tag-continental","9":"product_tag-grease","10":"product_tag-lycomming","11":"product_tag-oelfilter","12":"product_tag-rotax","13":"product_tag-rotax-zuendkerze","15":"first","16":"instock","17":"taxable","18":"shipping-taxable","19":"purchasable","20":"product-type-simple"},"bundled_by":[],"bundle_stock_status":"instock","bundle_stock_quantity":14,"bundle_virtual":false,"bundle_layout":"","bundle_add_to_cart_form_location":"","bundle_editable_in_cart":false,"bundle_sold_individually_context":"","bundle_item_grouping":"","bundle_min_size":"","bundle_max_size":"","bundle_price":[],"bundled_items":[],"bundle_sell_ids":[],"jetpack_sharing_enabled":true,"_links":{"self":[{"href":"https:\/\/www.aps-eb.de\/fr\/wp-json\/wp\/v2\/product\/2325","targetHints":{"allow":["GET"]}}],"collection":[{"href":"https:\/\/www.aps-eb.de\/fr\/wp-json\/wp\/v2\/product"}],"about":[{"href":"https:\/\/www.aps-eb.de\/fr\/wp-json\/wp\/v2\/types\/product"}],"replies":[{"embeddable":true,"href":"https:\/\/www.aps-eb.de\/fr\/wp-json\/wp\/v2\/comments?post=2325"}],"wp:featuredmedia":[{"embeddable":true,"href":"https:\/\/www.aps-eb.de\/fr\/wp-json\/wp\/v2\/media\/2328"}],"wp:attachment":[{"href":"https:\/\/www.aps-eb.de\/fr\/wp-json\/wp\/v2\/media?parent=2325"}],"wp:term":[{"taxonomy":"product_brand","embeddable":true,"href":"https:\/\/www.aps-eb.de\/fr\/wp-json\/wp\/v2\/product_brand?post=2325"},{"taxonomy":"product_cat","embeddable":true,"href":"https:\/\/www.aps-eb.de\/fr\/wp-json\/wp\/v2\/product_cat?post=2325"},{"taxonomy":"product_tag","embeddable":true,"href":"https:\/\/www.aps-eb.de\/fr\/wp-json\/wp\/v2\/product_tag?post=2325"}],"curies":[{"name":"wp","href":"https:\/\/api.w.org\/{rel}","templated":true}]}}