{"id":2335,"date":"2025-04-23T14:29:46","date_gmt":"2025-04-23T14:29:46","guid":{"rendered":"https:\/\/aps-eb.de\/?post_type=product&#038;p=2335"},"modified":"2025-12-16T17:10:19","modified_gmt":"2025-12-16T17:10:19","slug":"aeroshell-grease-14-400g-kartusche","status":"publish","type":"product","link":"https:\/\/www.aps-eb.de\/fr\/categorie\/aeroshell-grease-14-400g-kartusche\/","title":{"rendered":"Cartouche AeroShell Grease 14 - 400g"},"content":{"rendered":"<h1 class=\"product-detail-name\">Cartouche AeroShell Grease 14 - 400g<\/h1>\n<div id=\"headingdescription\" class=\"card-header\" role=\"tab\">\n<p class=\"h5\">Shell Aeroshell Grease 14 est une graisse polyvalente pour h\u00e9licopt\u00e8re. Il est recommand\u00e9 par tous les fabricants d'h\u00e9licopt\u00e8res en raison de ses propri\u00e9t\u00e9s de glissement et de sa composition en huile min\u00e9rale \u00e9paissie au savon de calcium. Le produit convient \u00e0 la lubrification des paliers de rotor principaux, des engrenages ou des hayons d'h\u00e9licopt\u00e8re.<\/p>\n<p><span style=\"color: #323b45; font-family: Montserrat, Helvetica, Arial, Verdana, sans-serif; font-size: 16px;\">SP\u00c9CIFICATIONS:<br \/>\n<\/span>\u00c9tats-Unis: MIL-G-25537C, Britanniques: Approuv\u00e9 DEF STAN 91-51, Code de l'OTAN: G-366, Joint Service Designation: XG-284<\/p>\n<\/div>","protected":false},"excerpt":{"rendered":"<h1 class=\"product--title\">Cartouche AeroShell Grease 14 - 400g<\/h1>","protected":false},"featured_media":2332,"comment_status":"open","ping_status":"closed","template":"","meta":{"_rtcl_gb_attr":"","ngg_post_thumbnail":0},"product_brand":[],"product_cat":[169],"product_tag":[199,170,200,70,69,28,111],"class_list":{"0":"post-2335","1":"product","2":"type-product","3":"status-publish","4":"has-post-thumbnail","6":"product_cat-oele","7":"product_tag-aeroshell","8":"product_tag-continental","9":"product_tag-grease","10":"product_tag-lycomming","11":"product_tag-oelfilter","12":"product_tag-rotax","13":"product_tag-rotax-zuendkerze","15":"first","16":"instock","17":"taxable","18":"shipping-taxable","19":"purchasable","20":"product-type-simple"},"bundled_by":[],"bundle_stock_status":"instock","bundle_stock_quantity":19,"bundle_virtual":false,"bundle_layout":"","bundle_add_to_cart_form_location":"","bundle_editable_in_cart":false,"bundle_sold_individually_context":"","bundle_item_grouping":"","bundle_min_size":"","bundle_max_size":"","bundle_price":[],"bundled_items":[],"bundle_sell_ids":[],"jetpack_sharing_enabled":true,"_links":{"self":[{"href":"https:\/\/www.aps-eb.de\/fr\/wp-json\/wp\/v2\/product\/2335","targetHints":{"allow":["GET"]}}],"collection":[{"href":"https:\/\/www.aps-eb.de\/fr\/wp-json\/wp\/v2\/product"}],"about":[{"href":"https:\/\/www.aps-eb.de\/fr\/wp-json\/wp\/v2\/types\/product"}],"replies":[{"embeddable":true,"href":"https:\/\/www.aps-eb.de\/fr\/wp-json\/wp\/v2\/comments?post=2335"}],"wp:featuredmedia":[{"embeddable":true,"href":"https:\/\/www.aps-eb.de\/fr\/wp-json\/wp\/v2\/media\/2332"}],"wp:attachment":[{"href":"https:\/\/www.aps-eb.de\/fr\/wp-json\/wp\/v2\/media?parent=2335"}],"wp:term":[{"taxonomy":"product_brand","embeddable":true,"href":"https:\/\/www.aps-eb.de\/fr\/wp-json\/wp\/v2\/product_brand?post=2335"},{"taxonomy":"product_cat","embeddable":true,"href":"https:\/\/www.aps-eb.de\/fr\/wp-json\/wp\/v2\/product_cat?post=2335"},{"taxonomy":"product_tag","embeddable":true,"href":"https:\/\/www.aps-eb.de\/fr\/wp-json\/wp\/v2\/product_tag?post=2335"}],"curies":[{"name":"wp","href":"https:\/\/api.w.org\/{rel}","templated":true}]}}