{"id":254,"date":"2023-05-12T07:51:40","date_gmt":"2023-05-12T07:51:40","guid":{"rendered":"https:\/\/aps-eb.de\/?post_type=product&#038;p=254"},"modified":"2024-05-16T08:24:30","modified_gmt":"2024-05-16T08:24:30","slug":"insight-g4-graphic-engine-monitor","status":"publish","type":"product","link":"https:\/\/www.aps-eb.de\/fr\/categorie\/insight-g4-graphic-engine-monitor\/","title":{"rendered":"INSIGHT G4 GRAPHIC ENGINE MONITOR (ensemble complet)"},"content":{"rendered":"<p><strong>Moniteur de moteur graphique Insight G4<\/strong><\/p>\n<p>Required Order Form doit \u00eatre completed prior to order.<\/p>\n<section id=\"prOverview\" class=\"jumpSection prDetailOverview\">\n<div class=\"clearfix fix-wrap\">\n<table width=\"660\">\n<tbody>\n<tr>\n<td valign=\"top\">The original GEM was a solitary player. The new G4 will operate standalone too but will interface with other data sources and report information to other instruments like MFD\u2019s. All of the devices the G4 connects to to to today didn\u2019t exist in \u201879. Le G4 est donc con\u00e7u pour s'\u00e9tendre et grandir avec le temps. Less than half of its true potential has been released at this time. The instrument can be updated to acquire new features by loading the SD card via the internet. The G4 update takes only a second while the instrument remains mounted in the airplane.<\/p>\n<p>Special Lean Of Peak Functionality \/ Unparalleled ease of operation \/ Nozzle balance analysis every time.<\/p>\n<p>Insight\u2019s 610C Graphic Engine Monitor (G4) colour-coded bargraph and digital values may be Primary for CHT, EGT and TIT. All other data shown in cyan at the top of display are to be supplementary.<\/p>\n<p>Traditionnel multicylindre exhaust gas and cylinder head temperature systems that force the pilot to switch or scan an indicator from cylinder to cylinder in search of critical engine data, are long obsolete. Using the latest computer technology, the G4 presents a clear, concise, graphic picture of all engine temperatures simultaneously for interpretation at a glance.<\/p>\n<p>Never before has so much engine diagnostic information been available to the pilot and never before, has the pilot been able to control mixture with such ease and precision for peak fuel efficiency.<\/p>\n<p>Insight\u2019s latest G4 automatically records flight temperature and will also interface with other data sources and report information to other instruments like MFD\u2019s. The data-log files stored on the SD card can be easily retrieved by the pilot, in-flight or post-flight, for instant viewing or permanent record-keeping.<\/p>\n<p>Le G4 est un outil sophistiqu\u00e9 de gestion des moteurs. Its microprocessor performs many tasks that used to be handled by the pilot. One of the basic functions performed by the G4 is monitoring exhaust gas temperatures for all cylinders with one degree resolution. What is important is the exhaust gas temperature of a particular cylinder in relation to its peak. But peak EGT is not a constant; it changes with atmospheric conditions, altitude, power setting and engine condition and for this reason absolue exhaust gas temperatures in degrees Fahrenheit are quite meaningless.<\/p>\n<p>The real objective of mixture management is finding a mixture setting which represents the correct position on the EGT\/Fuel Flow Curve. As we will see later, this abstract task is easily accomplihed by the G3\u2019s microprocessor which samples EGT\u2019s for all cylinders many times a second and subjects this data to a complex mathematical analysis can identify peak. This capability allows the pilot to operate his or her aircraft engine at the most economical mixture settings.<\/p>\n<p>It is generally known that EGT can be a valuable source of information for engine diagnosis and troubleshooting, but there is a great deal of confusion when it comes to interpreting this data. One of the basic principles of EGT engine analysis is that engine temperatures (EGT and CHT) achieve equilibrium in an engine operating at a constant power and mixture setting. Ce qui est souvent overlooked is that this equilibrium cannot be defined as a single point but rather a range of temperatures.<\/p>\n<p>The Graphic Engine Monitor is ready to operate the moment electrical power is applied. Within seconds after starting the engine, the white EGT bar graph columns will begin to appear on the G4 display. Each column corresponds to the Exhaust Gas Temperature (EGT) of a cylinder. The lowest exhaust gas temperature that can be displayed by the G4 is 800\u00b0 F. In some engines, the throttle will have to be opened to the fast idle range to get an EGT indication for all cylinders. As the cylinder heads begin to warm up, the display will indicate Cylinder Head Temperature (CHT) for all cylinders as a smaller green bar in each EGT column. A horizontal red line across each column represents the maximum allowable CHT. Digital numbers below each bar graph column indicates the exact EGT and CHT for each cylinder.<\/p>\n<p><strong>G4 Buss Voltage<\/strong><br \/>\nThe G4 Buss Voltage attempts to display the buss voltage in green when it\u2019s normal and red when it\u2019s outside of normal. In an aircraft with a 12V electrical system the Buss Voltage will be annunciated in green so long as the voltage is 12.0V to 14.9V (inclus).<br \/>\nIn an aircraft with a 24V electrical system the Buss Voltage will be annunciated in green so long as the voltage is 24.2V to 28.7V (inclus). Below this range the alternator isn\u2019t charging the battery and above that it\u2019s overcharging, and the Buss Voltage will be annunciated in red.<br \/>\nThe instrument must be connected to the main voltage buss (not in series with something else, on a lighting buss, etc) and must have a good low-resistance ground connection, otherwise the voltage measurement itself will be in error causing the Buss Voltage to indicate in red erroneously.<\/p>\n<p><strong>Contr\u00f4le de l'instrument G4<\/strong><br \/>\nThe instrument has two control knobs that operate combination rotary and push button switches. The top knob in general controls screen selection while the bottom knob controls items within the given screen. Each screen assigns its own functional needs to the controls that may change depending on context. A screen may also label the controls with guidance information like \u00abPush to exit\u00bb.<\/p>\n<p><strong>L'\u00e9cran d'affichage Bar-Graph<\/strong><br \/>\nThe Exhaust Gas Temperature is displayed in white bar graph form and is interpreted much like a conventional mercury thermometer. The higher the bar, the higher the temperature.<br \/>\nThe cylinder head temperature is displayed in green single bar format. During normal operation it shows as a green illuminated bar in the lower half of the bar column. Since EGT is normally higher than CHT, the green bar which represents CHT is on top of the white illuminated EGT bar and stands out clearly. However, when the engine is shutdown, the EGT quickly drops to zero and the cylinders remain warm for sometime.<br \/>\nThe G3 provides a reliable indication of cylinder head temperature even with the engine shut down. Should an EGT probe fail, the entire EGT column for that cylinder will go blank, and the numeric indication will show \u2014 that is dashes, but the CHT bar will still remain green. The failure of one probe will not affect the display of any other probe.<\/td>\n<\/tr>\n<\/tbody>\n<\/table>\n<\/div>\n<\/section>\n<section id=\"prFeatures\" class=\"jumpSection prDetailOverview\">\n<div class=\"clearfix fix-wrap\">\n<h2>Benefits<\/h2>\n<ul>\n<li>\u00c9cran de diagnostic d'\u00e9chantillon<\/li>\n<li>Nozzle balance analysis, the key to lean of peak<\/li>\n<li>Analyse des vibrations spectrales en temps r\u00e9el<\/li>\n<li>Comprehensive data log \u2013 windows files SD card<\/li>\n<li>Over the web software updates \u2013 constante improvement<\/li>\n<li>Int\u00e9gral fuel computer with GPS fuel interface<\/li>\n<li>GEM plug compatible \u2013 easy install<\/li>\n<li>Exhaust valve analysis \u2013 EGT Variation Spectrum<\/li>\n<\/ul>\n<h2>Caract\u00e9ristiques<\/h2>\n<p><strong>Couverture de mesure extensive<\/strong><br \/>\nSimultaneous EGT, CHT, TIT<br \/>\nBus voltage, instrument vacuum<br \/>\nFuel flow, fuel used, alternator temp, OAT<br \/>\nManifold pressure, RPM, oil temp, oil pressure<\/p>\n<p><strong>Diagnostic de l'\u00e9chantillon continu<\/strong><br \/>\nInt\u00e9grit\u00e9 du syst\u00e8me de confirmation<br \/>\nSave time trouble-shooting<\/p>\n<p><strong>Sophisticated Data Logging<\/strong>Unlimited storage on standard SD camera card<br \/>\nIntegrates data from multiples sources<br \/>\nPC compatible files and directories<\/p>\n<p><strong>Analyse d\u00e9taill\u00e9e des vibrations<\/strong>Safely operate lean of peak<br \/>\nDetect early stage mechanical problems<br \/>\nPrevent catastrophic engine failures<\/p>\n<p><strong>Mise \u00e0 niveau enti\u00e8rement compatible<\/strong>Plug &amp; play with all GEM instruments<br \/>\nNew installs or upgrades are quick and easy<br \/>\nGEM trade-in offers available<\/p>\n<\/div>\n<\/section>","protected":false},"excerpt":{"rendered":"<p><strong>Moniteur de moteur graphique Insight G4<\/strong><\/p>\n<ul>\n<li>\u00c9cran de diagnostic d'\u00e9chantillon<\/li>\n<li>Nozzle balance analysis, the key to lean of peak<\/li>\n<li>Analyse des vibrations spectrales en temps r\u00e9el<\/li>\n<li>Comprehensive data log \u2013 windows files SD card<\/li>\n<li>Over the web software updates \u2013 constante improvement<\/li>\n<li>Int\u00e9gral fuel computer with GPS fuel interface<\/li>\n<li>GEM plug compatible \u2013 easy install<\/li>\n<li>Exhaust valve analysis \u2013 EGT Variation Spectrum<\/li>\n<\/ul>","protected":false},"featured_media":320,"comment_status":"open","ping_status":"closed","template":"","meta":{"_rtcl_gb_attr":"","ngg_post_thumbnail":0},"product_brand":[],"product_cat":[53],"product_tag":[],"class_list":{"0":"post-254","1":"product","2":"type-product","3":"status-publish","4":"has-post-thumbnail","6":"product_cat-instrumente","8":"first","9":"instock","10":"taxable","11":"shipping-taxable","12":"purchasable","13":"product-type-variable"},"bundled_by":[],"bundle_stock_status":"instock","bundle_stock_quantity":null,"bundle_virtual":false,"bundle_layout":"","bundle_add_to_cart_form_location":"","bundle_editable_in_cart":false,"bundle_sold_individually_context":"","bundle_item_grouping":"","bundle_min_size":"","bundle_max_size":"","bundle_price":[],"bundled_items":[],"bundle_sell_ids":[],"jetpack_sharing_enabled":true,"_links":{"self":[{"href":"https:\/\/www.aps-eb.de\/fr\/wp-json\/wp\/v2\/product\/254","targetHints":{"allow":["GET"]}}],"collection":[{"href":"https:\/\/www.aps-eb.de\/fr\/wp-json\/wp\/v2\/product"}],"about":[{"href":"https:\/\/www.aps-eb.de\/fr\/wp-json\/wp\/v2\/types\/product"}],"replies":[{"embeddable":true,"href":"https:\/\/www.aps-eb.de\/fr\/wp-json\/wp\/v2\/comments?post=254"}],"wp:featuredmedia":[{"embeddable":true,"href":"https:\/\/www.aps-eb.de\/fr\/wp-json\/wp\/v2\/media\/320"}],"wp:attachment":[{"href":"https:\/\/www.aps-eb.de\/fr\/wp-json\/wp\/v2\/media?parent=254"}],"wp:term":[{"taxonomy":"product_brand","embeddable":true,"href":"https:\/\/www.aps-eb.de\/fr\/wp-json\/wp\/v2\/product_brand?post=254"},{"taxonomy":"product_cat","embeddable":true,"href":"https:\/\/www.aps-eb.de\/fr\/wp-json\/wp\/v2\/product_cat?post=254"},{"taxonomy":"product_tag","embeddable":true,"href":"https:\/\/www.aps-eb.de\/fr\/wp-json\/wp\/v2\/product_tag?post=254"}],"curies":[{"name":"wp","href":"https:\/\/api.w.org\/{rel}","templated":true}]}}