{"id":2919,"date":"2025-10-08T09:00:11","date_gmt":"2025-10-08T09:00:11","guid":{"rendered":"https:\/\/aps-eb.de\/?post_type=product&#038;p=2919"},"modified":"2026-05-04T15:38:41","modified_gmt":"2026-05-04T15:38:41","slug":"engine-shock-mounts-passend-fuer-rotax-motoren","status":"publish","type":"product","link":"https:\/\/www.aps-eb.de\/fr\/categorie\/engine-shock-mounts-passend-fuer-rotax-motoren\/","title":{"rendered":"Engine Shock Mounts pour moteurs Rotax"},"content":{"rendered":"<h1 class=\"product--title\">Engine Shock Mounts pour moteurs Rotax<\/h1>\n<ul>\n<li>85 shore<\/li>\n<li>1 set se compose de 2 pi\u00e8ces de disques en pot, 2 pi\u00e8ces de montures de choc, 1 pi\u00e8ce de tube d'entretoise<\/li>\n<\/ul>","protected":false},"excerpt":{"rendered":"<h1 class=\"product--title\">Engine Shock Mounts pour moteurs Rotax<\/h1>","protected":false},"featured_media":2924,"comment_status":"open","ping_status":"closed","template":"","meta":{"_rtcl_gb_attr":"","ngg_post_thumbnail":0},"product_brand":[],"product_cat":[27],"product_tag":[28,337],"class_list":{"0":"post-2919","1":"product","2":"type-product","3":"status-publish","4":"has-post-thumbnail","6":"product_cat-ersatzteile","7":"product_tag-rotax","8":"product_tag-shock-mounts","10":"first","11":"instock","12":"taxable","13":"shipping-taxable","14":"purchasable","15":"product-type-variable","16":"has-default-attributes"},"bundled_by":[],"bundle_stock_status":"instock","bundle_stock_quantity":20,"bundle_virtual":false,"bundle_layout":"","bundle_add_to_cart_form_location":"","bundle_editable_in_cart":false,"bundle_sold_individually_context":"","bundle_item_grouping":"","bundle_min_size":"","bundle_max_size":"","bundle_price":[],"bundled_items":[],"bundle_sell_ids":[],"jetpack_sharing_enabled":true,"_links":{"self":[{"href":"https:\/\/www.aps-eb.de\/fr\/wp-json\/wp\/v2\/product\/2919","targetHints":{"allow":["GET"]}}],"collection":[{"href":"https:\/\/www.aps-eb.de\/fr\/wp-json\/wp\/v2\/product"}],"about":[{"href":"https:\/\/www.aps-eb.de\/fr\/wp-json\/wp\/v2\/types\/product"}],"replies":[{"embeddable":true,"href":"https:\/\/www.aps-eb.de\/fr\/wp-json\/wp\/v2\/comments?post=2919"}],"wp:featuredmedia":[{"embeddable":true,"href":"https:\/\/www.aps-eb.de\/fr\/wp-json\/wp\/v2\/media\/2924"}],"wp:attachment":[{"href":"https:\/\/www.aps-eb.de\/fr\/wp-json\/wp\/v2\/media?parent=2919"}],"wp:term":[{"taxonomy":"product_brand","embeddable":true,"href":"https:\/\/www.aps-eb.de\/fr\/wp-json\/wp\/v2\/product_brand?post=2919"},{"taxonomy":"product_cat","embeddable":true,"href":"https:\/\/www.aps-eb.de\/fr\/wp-json\/wp\/v2\/product_cat?post=2919"},{"taxonomy":"product_tag","embeddable":true,"href":"https:\/\/www.aps-eb.de\/fr\/wp-json\/wp\/v2\/product_tag?post=2919"}],"curies":[{"name":"wp","href":"https:\/\/api.w.org\/{rel}","templated":true}]}}