{"id":3081,"date":"2025-10-11T08:28:21","date_gmt":"2025-10-11T08:28:21","guid":{"rendered":"https:\/\/aps-eb.de\/?post_type=product&#038;p=3081"},"modified":"2026-01-01T19:27:12","modified_gmt":"2026-01-01T19:27:12","slug":"trolley-commando-tasche-reisetasche","status":"publish","type":"product","link":"https:\/\/www.aps-eb.de\/fr\/categorie\/trolley-commando-tasche-reisetasche\/","title":{"rendered":"Sac Trolley Commando - Sac de voyage"},"content":{"rendered":"<h4 id=\"tw-target-text\" class=\"tw-data-text tw-text-large tw-ta\" dir=\"ltr\" data-placeholder=\"Translation\">Sac Trolley Commando - Sac de voyage<\/h4>\n<ul>\n<li><span style=\"color: #000000; font-family: Arial; font-size: 8pt;\">Dimensions (L x H x P) env. 80 x 45 x 38<\/span><\/li>\n<li><span style=\"font-family: arial, helvetica, sans-serif; font-size: 8pt;\">Volume 136 litres<\/span><\/li>\n<\/ul>\n<p>Sac de commande de chariot de 100 % polyester. Sac agr\u00e9able et pratique, id\u00e9al pour les longs voyages ou pour ranger votre \u00e9quipement de plein air. \u00c0 l'int\u00e9rieur du sac, une pi\u00e8ce peut \u00eatre ferm\u00e9e avec un filet et une fermeture \u00e0 glissi\u00e8re si vous souhaitez conserver certains mat\u00e9riaux s\u00e9par\u00e9ment dans votre sac. Pratique pour les activit\u00e9s telles que la p\u00eache, l'airsoft, les vacances, etc. De plus, il y a deux surfaces avec velcro, chacune mesurant 10 x 10 cm et 13 x 2 cm, ce qui vous permet de personnaliser le sac. \u00c9quip\u00e9 de plusieurs poign\u00e9es et 3 roues pour un transport facile des sacs.<\/p>\n<p>&nbsp;<\/p>","protected":false},"excerpt":{"rendered":"<h4 id=\"tw-target-text\" class=\"tw-data-text tw-text-large tw-ta\" dir=\"ltr\" data-placeholder=\"Translation\">Sac Trolley Commando - Sac de voyage<\/h4>","protected":false},"featured_media":3091,"comment_status":"open","ping_status":"closed","template":"","meta":{"_rtcl_gb_attr":"","ngg_post_thumbnail":0},"product_brand":[],"product_cat":[330],"product_tag":[133,370,132,85],"class_list":{"0":"post-3081","1":"product","2":"type-product","3":"status-publish","4":"has-post-thumbnail","6":"product_cat-taschen-backpacks","7":"product_tag-pilotentasche","8":"product_tag-reisetasche","9":"product_tag-tragetasche","10":"product_tag-us-army","11":"pa_farbe-black","12":"pa_farbe-camouflage","13":"pa_farbe-coyote","14":"pa_farbe-green","15":"pa_farbe-ranger-green","16":"pa_farbe-wolf-grey","17":"pa_farbe-woodland","19":"first","20":"instock","21":"taxable","22":"shipping-taxable","23":"purchasable","24":"product-type-variable","25":"has-default-attributes"},"bundled_by":[],"bundle_stock_status":"instock","bundle_stock_quantity":2,"bundle_virtual":false,"bundle_layout":"","bundle_add_to_cart_form_location":"","bundle_editable_in_cart":false,"bundle_sold_individually_context":"","bundle_item_grouping":"","bundle_min_size":"","bundle_max_size":"","bundle_price":[],"bundled_items":[],"bundle_sell_ids":[],"jetpack_sharing_enabled":true,"_links":{"self":[{"href":"https:\/\/www.aps-eb.de\/fr\/wp-json\/wp\/v2\/product\/3081","targetHints":{"allow":["GET"]}}],"collection":[{"href":"https:\/\/www.aps-eb.de\/fr\/wp-json\/wp\/v2\/product"}],"about":[{"href":"https:\/\/www.aps-eb.de\/fr\/wp-json\/wp\/v2\/types\/product"}],"replies":[{"embeddable":true,"href":"https:\/\/www.aps-eb.de\/fr\/wp-json\/wp\/v2\/comments?post=3081"}],"wp:featuredmedia":[{"embeddable":true,"href":"https:\/\/www.aps-eb.de\/fr\/wp-json\/wp\/v2\/media\/3091"}],"wp:attachment":[{"href":"https:\/\/www.aps-eb.de\/fr\/wp-json\/wp\/v2\/media?parent=3081"}],"wp:term":[{"taxonomy":"product_brand","embeddable":true,"href":"https:\/\/www.aps-eb.de\/fr\/wp-json\/wp\/v2\/product_brand?post=3081"},{"taxonomy":"product_cat","embeddable":true,"href":"https:\/\/www.aps-eb.de\/fr\/wp-json\/wp\/v2\/product_cat?post=3081"},{"taxonomy":"product_tag","embeddable":true,"href":"https:\/\/www.aps-eb.de\/fr\/wp-json\/wp\/v2\/product_tag?post=3081"}],"curies":[{"name":"wp","href":"https:\/\/api.w.org\/{rel}","templated":true}]}}