{"id":332,"date":"2023-05-12T16:26:14","date_gmt":"2023-05-12T16:26:14","guid":{"rendered":"https:\/\/aps-eb.de\/?post_type=product&#038;p=332"},"modified":"2026-04-28T18:03:10","modified_gmt":"2026-04-28T18:03:10","slug":"nomex-flight-suit","status":"publish","type":"product","link":"https:\/\/www.aps-eb.de\/fr\/categorie\/nomex-flight-suit\/","title":{"rendered":"Nomex\u00ae Flight Suit (combinaison d\u2019avions) \u2013 Freedom Green"},"content":{"rendered":"<h4>Couleur : Freedom Green \u2013 NOUVEAU LOGICIEL<\/h4>\n<ul>\n<li>Compos\u00e9 de Nomex\u00ae, un mat\u00e9riau ininflammable et non fondant<\/li>\n<li>92 % M\u00e9ta-aramide \/ 5 % Para-aramide \/ 3 % fibres conductrices<\/li>\n<li>Cousu selon les sp\u00e9cifications militaires YACL-WP PD 99-01 R<\/li>\n<li>Conforme NIR* (toutes les couleurs sauf le noir)<\/li>\n<li>Coutures coup\u00e9es en continu pour une durabilit\u00e9 accrue<\/li>\n<li>Fermeture \u00e0 glissi\u00e8re 2 voies \u00e0 l'avant<\/li>\n<li>\u00c9paules renforc\u00e9es pour pr\u00e9venir l'usure<\/li>\n<li>Le dos bi-swing am\u00e9liore la libert\u00e9 de mouvement, les \u00e9paules renforc\u00e9es pour \u00e9viter l'usure<\/li>\n<li>Ceinture de hanche r\u00e9glable avec velcro<\/li>\n<li>Six poches principales avec poches accessoires suppl\u00e9mentaires<\/li>\n<li>Velcro r\u00e9glable sur les poignets<\/li>\n<li>Ouvertures pour les jambes avec fermeture \u00e0 glissi\u00e8re<\/li>\n<\/ul>\n<p>Cette suite de vol originale en tissu d'aramide Nomex\u00ae ignifuge et non fondant est conforme \u00e0 la norme NIR et construite selon les sp\u00e9cifications militaires port\u00e9es par tous les \u00e9quipages de conduite am\u00e9ricains.<\/p>","protected":false},"excerpt":{"rendered":"<p>Couleur : Freedom Green - NOUVEAU Fabriqu\u00e9 \u00e0 partir de Nomex\u00ae, un mat\u00e9riau ininflammable et non fondant 92 % M\u00e9ta-aramide \/ 5 %<\/p>","protected":false},"featured_media":333,"comment_status":"open","ping_status":"closed","template":"","meta":{"_rtcl_gb_attr":"","ngg_post_thumbnail":0},"product_brand":[],"product_cat":[328],"product_tag":[83,158,157,85],"class_list":{"0":"post-332","1":"product","2":"type-product","3":"status-publish","4":"has-post-thumbnail","6":"product_cat-fliegerkombis","7":"product_tag-fliegerkombi","8":"product_tag-flight-suit","9":"product_tag-nomex","10":"product_tag-us-army","12":"first","13":"instock","14":"taxable","15":"shipping-taxable","16":"purchasable","17":"product-type-variable","18":"has-default-attributes"},"bundled_by":[],"bundle_stock_status":"instock","bundle_stock_quantity":10,"bundle_virtual":false,"bundle_layout":"","bundle_add_to_cart_form_location":"","bundle_editable_in_cart":false,"bundle_sold_individually_context":"","bundle_item_grouping":"","bundle_min_size":"","bundle_max_size":"","bundle_price":[],"bundled_items":[],"bundle_sell_ids":[],"jetpack_sharing_enabled":true,"_links":{"self":[{"href":"https:\/\/www.aps-eb.de\/fr\/wp-json\/wp\/v2\/product\/332","targetHints":{"allow":["GET"]}}],"collection":[{"href":"https:\/\/www.aps-eb.de\/fr\/wp-json\/wp\/v2\/product"}],"about":[{"href":"https:\/\/www.aps-eb.de\/fr\/wp-json\/wp\/v2\/types\/product"}],"replies":[{"embeddable":true,"href":"https:\/\/www.aps-eb.de\/fr\/wp-json\/wp\/v2\/comments?post=332"}],"wp:featuredmedia":[{"embeddable":true,"href":"https:\/\/www.aps-eb.de\/fr\/wp-json\/wp\/v2\/media\/333"}],"wp:attachment":[{"href":"https:\/\/www.aps-eb.de\/fr\/wp-json\/wp\/v2\/media?parent=332"}],"wp:term":[{"taxonomy":"product_brand","embeddable":true,"href":"https:\/\/www.aps-eb.de\/fr\/wp-json\/wp\/v2\/product_brand?post=332"},{"taxonomy":"product_cat","embeddable":true,"href":"https:\/\/www.aps-eb.de\/fr\/wp-json\/wp\/v2\/product_cat?post=332"},{"taxonomy":"product_tag","embeddable":true,"href":"https:\/\/www.aps-eb.de\/fr\/wp-json\/wp\/v2\/product_tag?post=332"}],"curies":[{"name":"wp","href":"https:\/\/api.w.org\/{rel}","templated":true}]}}