{"id":3443,"date":"2025-10-30T20:55:52","date_gmt":"2025-10-30T20:55:52","guid":{"rendered":"https:\/\/aps-eb.de\/?post_type=product&#038;p=3443"},"modified":"2026-05-05T03:32:27","modified_gmt":"2026-05-05T03:32:27","slug":"engine-baffle-kit-c172p-lycoming-o-320-d2j","status":"publish","type":"product","link":"https:\/\/www.aps-eb.de\/fr\/categorie\/engine-baffle-kit-c172p-lycoming-o-320-d2j\/","title":{"rendered":"Engine Baffle Kit \u2013 C172P \u2013 Lycoming O-320-D2J \u2013 PCOR"},"content":{"rendered":"<h1>Kit de brassage moteur - C172P - Lycoming O-320-D2J<\/h1>\n<p>Joints standard orange, aluminium enduit de poudre - PCOR<\/p>\n<ul>\n<li>\n<table id=\"eligibility-records-tab-content\" class=\"relative w-full border-separate border-spacing-y-3\">\n<thead>\n<tr>\n<th class=\"sticky top-0 px-3 py-3 font-semibold text-black text-left text-left bg-surface-secondary\">Make<\/th>\n<th class=\"sticky top-0 px-3 py-3 font-semibold text-black text-left text-left bg-surface-secondary\">Series<\/th>\n<th class=\"sticky top-0 px-3 py-3 font-semibold text-black text-left text-left bg-surface-secondary\">mannequin<\/th>\n<th class=\"sticky top-0 px-3 py-3 font-semibold text-black text-left text-left bg-surface-secondary\">D\u00e9marrage S\/N<\/th>\n<th class=\"sticky top-0 px-3 py-3 font-semibold text-black text-left text-left bg-surface-secondary\">Fin S\/N<\/th>\n<th class=\"sticky top-0 px-3 py-3 font-semibold text-black text-left text-left bg-surface-secondary\">Commentaire<\/th>\n<th class=\"sticky top-0 px-3 py-3 font-semibold text-black text-left text-left bg-surface-secondary\">Eligibility Chart<\/th>\n<\/tr>\n<\/thead>\n<tbody class=\"divide-y bg-surface-secondary\">\n<tr>\n<td class=\"px-3 py-2 bg-white\">Cessna<\/td>\n<td class=\"px-3 py-2 bg-white\">172<\/td>\n<td class=\"px-3 py-2 bg-white\">172P<\/td>\n<td class=\"px-3 py-2 bg-white\">17274010<\/td>\n<td class=\"px-3 py-2 bg-white\">17276654<\/td>\n<td class=\"px-3 py-2 bg-white\">When equipped with Lycoming O-320-D2J.<\/td>\n<td class=\"px-3 py-2 bg-white\">6629<\/td>\n<\/tr>\n<tr>\n<td class=\"px-3 py-2 bg-white\">Cessna<\/td>\n<td class=\"px-3 py-2 bg-white\">172<\/td>\n<td class=\"px-3 py-2 bg-white\">F172P<\/td>\n<td class=\"px-3 py-2 bg-white\">F17202040<\/td>\n<td class=\"px-3 py-2 bg-white\">F17202254<\/td>\n<td class=\"px-3 py-2 bg-white\">When equipped with Lycoming O-320-D2J.<\/td>\n<td class=\"px-3 py-2 bg-white\">6629<\/td>\n<\/tr>\n<\/tbody>\n<\/table>\n<\/li>\n<\/ul>\n<p>composants individuels de cet ensemble sur demande.<\/p>\n<h4>D\u00e9tails du produit<\/h4>\n<p>*La figure montre des d\u00e9flecteurs non rev\u00eatus. Les kits sont \u00e9galement disponibles avec rev\u00eatement en poudre. Options d'\u00e9tanch\u00e9it\u00e9 standard et premium disponibles.<\/p>\n<p>Kits complets de d\u00e9flecteurs de moteur avec Cowl SaverTM<br \/>\nGardez votre moteur au frais et prot\u00e9gez votre capot!<\/p>\n<p>Le mat\u00e9riau d'\u00e9tanch\u00e9it\u00e9 Cowl SaverTM de McFarlane est d\u00e9sormais disponible pr\u00e9-install\u00e9 dans les kits Airforms. Cowl SaverTM r\u00e9duit les vibrations dans le fuselage de l'avion et emp\u00eache les fissures dans le capot et la cloison coupe-feu. Les joints en caoutchouc de silicone conventionnels pour les d\u00e9flecteurs pr\u00e9sentent l'un des coefficients de frottement les plus \u00e9lev\u00e9s de tous les mat\u00e9riaux connus. Ce frottement transmet les vibrations du moteur au capot et \u00e0 la cloison coupe-feu, provoquant ainsi l'usure, la fatigue des mat\u00e9riaux, les fissures, le frottement et les vibrations dans le fuselage de l'avion. Cowl SaverTM a \u00e9t\u00e9 sp\u00e9cialement con\u00e7u pour un faible frottement, ce qui vous permet d\u2019\u00e9conomiser de l\u2019argent! Et vous sentirez la diff\u00e9rence dans les vibrations.<\/p>\n<p>Le mat\u00e9riau d'\u00e9tanch\u00e9it\u00e9 Cowl SaverTM offre 30 fois moins de frottement! Les d\u00e9flecteurs \u00e0 faible friction vous font \u00e9conomiser de l'argent!<\/p>\n<p>R\u00e9duit la transmission des vibrations au panneau moteur et \u00e0 la cellule de l'avion.<br \/>\nEmp\u00eache l'\u00e9rosion du rev\u00eatement.<br \/>\nProlonge la dur\u00e9e de vie des joints.<br \/>\nR\u00e9duit les r\u00e9parations co\u00fbteuses sur le rev\u00eatement et les \u00e9l\u00e9ments de fixation.<br \/>\nR\u00e9duit la fatigue des mat\u00e9riaux et la fissuration des joints d'\u00e9tanch\u00e9it\u00e9, des t\u00f4les d'habillage et des cloisons coupe-feu.<br \/>\nLe montage de l'habillage s'en trouve m\u00eame facilit\u00e9!<br \/>\nPour plus d'informations sur le mat\u00e9riau d'\u00e9tanch\u00e9it\u00e9 McFarlane Cowl SaverTM, cliquez ici.<\/p>\n<p>Les d\u00e9flecteurs de moteur Airforms sont homologu\u00e9s FAA-PMA pour Cessna, Piper, Beechcraft, Mooney et Grumman.<\/p>\n<p>6061-T6 Aluminium, disponible en aluminium nu ou avec rev\u00eatement en poudre grise.<\/p>\n<p>Le mat\u00e9riau d'\u00e9tanch\u00e9it\u00e9 Cowl SaverTM est pr\u00e9install\u00e9.<br \/>\nIndividuellement interchangeables avec les d\u00e9flecteurs d'usine.<br \/>\nSupports en acier inoxydable si n\u00e9cessaire.<br \/>\nConstruction de rivets durs.<br \/>\nPlaques arri\u00e8re 1\/2\u2032\u2032 pour la fixation des joints.<br \/>\nAm\u00e9lioration de l'ajustement.<br \/>\nRemarques:<\/p>\n<p>Lors de l'installation d'accessoires (d\u00e9marreur, alternateur, \u00e9chappement, modification du moteur, etc.), l'installateur est responsable de l'adaptation des d\u00e9flecteurs.<br \/>\nLe mat\u00e9riel de fixation (\u00e9crous, vis, boulons, pinces Tinnerman, etc.) n'est pas inclus dans la livraison.<\/p>\n<h4>Mat\u00e9riau d'\u00e9tanch\u00e9it\u00e9: Utilisez le suffixe du kit:<\/h4>\n<p>Joints Cowl Saver Premium, aluminium nu \u2013 BRCS<br \/>\nJoints standard noirs, aluminium nu - BRBK<br \/>\nJoints standard bleus, aluminium nu - BRBL<br \/>\nJoints standard orange, aluminium nu - BROR<br \/>\nJoints Cowl Saver Premium, aluminium thermolaqu\u00e9 - PCCS<br \/>\nJoints standard noirs, aluminium thermolaqu\u00e9 - PCBK<br \/>\nJoints standard bleus, aluminium enduit de poudre - PCBL<br \/>\nJoints standard orange, aluminium enduit de poudre - PCOR<\/p>","protected":false},"excerpt":{"rendered":"<h4>Kit de brassage moteur - C172P - Lycoming O-320-D2J<\/h4>","protected":false},"featured_media":3462,"comment_status":"open","ping_status":"closed","template":"","meta":{"_rtcl_gb_attr":"","ngg_post_thumbnail":0},"product_brand":[],"product_cat":[415],"product_tag":[416,417,418,77,70],"class_list":{"0":"post-3443","1":"product","2":"type-product","3":"status-publish","4":"has-post-thumbnail","6":"product_cat-engine_baffles","7":"product_tag-baffle","8":"product_tag-baffles","9":"product_tag-c172","10":"product_tag-cessna","11":"product_tag-lycomming","13":"first","14":"instock","15":"sale","16":"taxable","17":"shipping-taxable","18":"purchasable","19":"product-type-simple"},"bundled_by":[],"bundle_stock_status":"instock","bundle_stock_quantity":2,"bundle_virtual":false,"bundle_layout":"","bundle_add_to_cart_form_location":"","bundle_editable_in_cart":false,"bundle_sold_individually_context":"","bundle_item_grouping":"","bundle_min_size":"","bundle_max_size":"","bundle_price":[],"bundled_items":[],"bundle_sell_ids":[],"jetpack_sharing_enabled":true,"_links":{"self":[{"href":"https:\/\/www.aps-eb.de\/fr\/wp-json\/wp\/v2\/product\/3443","targetHints":{"allow":["GET"]}}],"collection":[{"href":"https:\/\/www.aps-eb.de\/fr\/wp-json\/wp\/v2\/product"}],"about":[{"href":"https:\/\/www.aps-eb.de\/fr\/wp-json\/wp\/v2\/types\/product"}],"replies":[{"embeddable":true,"href":"https:\/\/www.aps-eb.de\/fr\/wp-json\/wp\/v2\/comments?post=3443"}],"wp:featuredmedia":[{"embeddable":true,"href":"https:\/\/www.aps-eb.de\/fr\/wp-json\/wp\/v2\/media\/3462"}],"wp:attachment":[{"href":"https:\/\/www.aps-eb.de\/fr\/wp-json\/wp\/v2\/media?parent=3443"}],"wp:term":[{"taxonomy":"product_brand","embeddable":true,"href":"https:\/\/www.aps-eb.de\/fr\/wp-json\/wp\/v2\/product_brand?post=3443"},{"taxonomy":"product_cat","embeddable":true,"href":"https:\/\/www.aps-eb.de\/fr\/wp-json\/wp\/v2\/product_cat?post=3443"},{"taxonomy":"product_tag","embeddable":true,"href":"https:\/\/www.aps-eb.de\/fr\/wp-json\/wp\/v2\/product_tag?post=3443"}],"curies":[{"name":"wp","href":"https:\/\/api.w.org\/{rel}","templated":true}]}}