{"id":3468,"date":"2025-11-01T14:11:11","date_gmt":"2025-11-01T14:11:11","guid":{"rendered":"https:\/\/aps-eb.de\/?post_type=product&#038;p=3468"},"modified":"2026-01-01T19:26:31","modified_gmt":"2026-01-01T19:26:31","slug":"holzfaellerjacke-jacke-sherpa","status":"publish","type":"product","link":"https:\/\/www.aps-eb.de\/fr\/categorie\/holzfaellerjacke-jacke-sherpa\/","title":{"rendered":"Veste de b\u00fbcheron Sherpa"},"content":{"rendered":"<h1>Veste de b\u00fbcheron Sherpa<\/h1>\n<p><big>Veste Lumberjack confortable et tendance avec doublure sherpa chaude. Parfait pour les journ\u00e9es plus froides au printemps\/automne ou pour la saison hivernale.<\/big><\/p>\n<p>Con\u00e7u pour les loisirs et les activit\u00e9s de plein air comme le trekking\/bushcraft, mais aussi comme veste de travail gr\u00e2ce aux \u00e9paules renforc\u00e9es en nylon Cordura\u00ae. Le mat\u00e9riau Sherpa \u00e0 l'int\u00e9rieur de la veste est doux et offre un grand confort. Elle est \u00e9galement dot\u00e9e d'une fermeture \u00e0 glissi\u00e8re YKK\u00ae de haute qualit\u00e9 et de plusieurs poches pour ranger des objets.<\/p>\n<p><strong>Caract\u00e9ristiques:<\/strong><\/p>\n<ul>\n<li style=\"list-style-type: none;\">\n<ul>\n<li><big>Nourriture chaude Sherpa<\/big><\/li>\n<li><big>Fermeture \u00e0 glissi\u00e8re YKK\u00ae<\/big><\/li>\n<li><big>Renfort d'\u00e9paule en nylon Cordura\u00ae<\/big><\/li>\n<li><big>Boucle pour lunettes de soleil<\/big><\/li>\n<li><big>Deux poches lat\u00e9rales zipp\u00e9es<\/big><\/li>\n<li><big>Deux poches \u00e0 rabat avec bouton-pression sur la poitrine<\/big><\/li>\n<li><big>Deux poches int\u00e9rieures avec bouton-poussoir (taille smartphone)<\/big><\/li>\n<li><big>Embl\u00e8me Fostex sur la manche en cuir<\/big><\/li>\n<li><big>Manchettes avec bouton-poussoir<\/big><\/li>\n<li><big>Look de b\u00fbcheron classique<\/big><\/li>\n<\/ul>\n<\/li>\n<\/ul>\n<div id=\"heading_10\" class=\"panel-heading\" role=\"tab\">&nbsp;<\/div>\n<div id=\"collapse_10\" class=\"panel-collapse collapse show\" role=\"tabpanel\" aria-labelledby=\"heading_10\">\n<div class=\"info-block full-width\">\n<div class=\"info-block--item\">\n<div>Tige 100% Coton \/ Doublure int\u00e9rieure 100% polyester<\/div>\n<\/div>\n<div class=\"info-block--item\">\n<div>Instructions de lavage<\/div>\n<div><img decoding=\"async\" title=\"Les s\u00e9choirs ne sont pas autoris\u00e9s\" src=\"https:\/\/www.vanosimports.com\/images\/drying_3.png\" alt=\"Les s\u00e9choirs ne sont pas autoris\u00e9s\" width=\"40\"><img decoding=\"async\" title=\"Repassage maximum 110 degr\u00e9s\" src=\"https:\/\/www.vanosimports.com\/images\/ironing_1.png\" alt=\"Repassage maximum 110 degr\u00e9s\" width=\"40\"><img decoding=\"async\" title=\"Le blanchiment n&#039;est pas autoris\u00e9\" src=\"https:\/\/www.vanosimports.com\/images\/bleach_2.png\" alt=\"Le blanchiment n&#039;est pas autoris\u00e9\" width=\"40\"><img decoding=\"async\" title=\"Ne pas nettoyer \u00e0 sec\" src=\"https:\/\/www.vanosimports.com\/images\/professional_cleaning_3.png\" alt=\"Ne pas nettoyer \u00e0 sec\" width=\"40\"><img decoding=\"async\" title=\"Maximum 30 degr\u00e9s\" src=\"https:\/\/www.vanosimports.com\/images\/washing_1.png\" alt=\"Maximum 30 degr\u00e9s\" width=\"40\"><\/div>\n<\/div>\n<\/div>\n<\/div>","protected":false},"excerpt":{"rendered":"<h1>Veste de b\u00fbcheron Sherpa<\/h1>","protected":false},"featured_media":3517,"comment_status":"open","ping_status":"closed","template":"","meta":{"_rtcl_gb_attr":"","ngg_post_thumbnail":0},"product_brand":[],"product_cat":[329],"product_tag":[336,422,421,423,85],"class_list":{"0":"post-3468","1":"product","2":"type-product","3":"status-publish","4":"has-post-thumbnail","6":"product_cat-jacken","7":"product_tag-fostex-garments","8":"product_tag-holzfaeller","9":"product_tag-holzfaellerjacke","10":"product_tag-outdoor","11":"product_tag-us-army","12":"pa_farbe-olive-schwarz","13":"pa_farbe-rot-schwarz","15":"first","16":"instock","17":"taxable","18":"shipping-taxable","19":"purchasable","20":"product-type-variable","21":"has-default-attributes"},"bundled_by":[],"bundle_stock_status":"instock","bundle_stock_quantity":10,"bundle_virtual":false,"bundle_layout":"","bundle_add_to_cart_form_location":"","bundle_editable_in_cart":false,"bundle_sold_individually_context":"","bundle_item_grouping":"","bundle_min_size":"","bundle_max_size":"","bundle_price":[],"bundled_items":[],"bundle_sell_ids":[],"jetpack_sharing_enabled":true,"_links":{"self":[{"href":"https:\/\/www.aps-eb.de\/fr\/wp-json\/wp\/v2\/product\/3468","targetHints":{"allow":["GET"]}}],"collection":[{"href":"https:\/\/www.aps-eb.de\/fr\/wp-json\/wp\/v2\/product"}],"about":[{"href":"https:\/\/www.aps-eb.de\/fr\/wp-json\/wp\/v2\/types\/product"}],"replies":[{"embeddable":true,"href":"https:\/\/www.aps-eb.de\/fr\/wp-json\/wp\/v2\/comments?post=3468"}],"wp:featuredmedia":[{"embeddable":true,"href":"https:\/\/www.aps-eb.de\/fr\/wp-json\/wp\/v2\/media\/3517"}],"wp:attachment":[{"href":"https:\/\/www.aps-eb.de\/fr\/wp-json\/wp\/v2\/media?parent=3468"}],"wp:term":[{"taxonomy":"product_brand","embeddable":true,"href":"https:\/\/www.aps-eb.de\/fr\/wp-json\/wp\/v2\/product_brand?post=3468"},{"taxonomy":"product_cat","embeddable":true,"href":"https:\/\/www.aps-eb.de\/fr\/wp-json\/wp\/v2\/product_cat?post=3468"},{"taxonomy":"product_tag","embeddable":true,"href":"https:\/\/www.aps-eb.de\/fr\/wp-json\/wp\/v2\/product_tag?post=3468"}],"curies":[{"name":"wp","href":"https:\/\/api.w.org\/{rel}","templated":true}]}}