{"id":3535,"date":"2025-11-01T15:01:18","date_gmt":"2025-11-01T15:01:18","guid":{"rendered":"https:\/\/aps-eb.de\/?post_type=product&#038;p=3535"},"modified":"2026-03-10T18:10:53","modified_gmt":"2026-03-10T18:10:53","slug":"holzfaellerhemd-karo-flanell-hemd","status":"publish","type":"product","link":"https:\/\/www.aps-eb.de\/fr\/categorie\/holzfaellerhemd-karo-flanell-hemd\/","title":{"rendered":"Chemise de b\u00fbcheron - chemise en flanelle \u00e0 carreaux"},"content":{"rendered":"<h1>Chemise de b\u00fbcheron - chemise en flanelle \u00e0 carreaux<\/h1>\n<p><big>Cette chemise Houthakkers se compose de 100% Coton et est double couche pour plus de chaleur. De haute qualit\u00e9 et avec un excellent ajustement, il offre confort et style pour les activit\u00e9s de plein air et les v\u00eatements de loisirs. Intemporel dans le design et toujours populaire.<\/big><\/p>\n<p><big><strong>Caract\u00e9ristiques:<\/strong><\/big><\/p>\n<ul>\n<li><big>Mat\u00e9riel : 100% coton<\/big><\/li>\n<li><big>Double couche pour plus de chaleur<\/big><\/li>\n<li><big>Tr\u00e8s bonne qualit\u00e9<\/big><\/li>\n<li><big>Excellent ajustement<\/big><\/li>\n<\/ul>","protected":false},"excerpt":{"rendered":"<h1>Chemise de b\u00fbcheron - chemise en flanelle \u00e0 carreaux<\/h1>","protected":false},"featured_media":3585,"comment_status":"open","ping_status":"closed","template":"","meta":{"_rtcl_gb_attr":"","ngg_post_thumbnail":0},"product_brand":[],"product_cat":[329],"product_tag":[336,422,428,421,423],"class_list":{"0":"post-3535","1":"product","2":"type-product","3":"status-publish","4":"has-post-thumbnail","6":"product_cat-jacken","7":"product_tag-fostex-garments","8":"product_tag-holzfaeller","9":"product_tag-holzfaellerhemd","10":"product_tag-holzfaellerjacke","11":"product_tag-outdoor","12":"pa_farbe-blau-schwarz","13":"pa_farbe-grau-schwarz","14":"pa_farbe-gruen-schwarz","15":"pa_farbe-olive-schwarz","16":"pa_farbe-orange-schwarz","17":"pa_farbe-rot-schwarz","19":"first","20":"instock","21":"taxable","22":"shipping-taxable","23":"purchasable","24":"product-type-variable","25":"has-default-attributes"},"bundled_by":[],"bundle_stock_status":"instock","bundle_stock_quantity":10,"bundle_virtual":false,"bundle_layout":"","bundle_add_to_cart_form_location":"","bundle_editable_in_cart":false,"bundle_sold_individually_context":"","bundle_item_grouping":"","bundle_min_size":"","bundle_max_size":"","bundle_price":[],"bundled_items":[],"bundle_sell_ids":[],"jetpack_sharing_enabled":true,"_links":{"self":[{"href":"https:\/\/www.aps-eb.de\/fr\/wp-json\/wp\/v2\/product\/3535","targetHints":{"allow":["GET"]}}],"collection":[{"href":"https:\/\/www.aps-eb.de\/fr\/wp-json\/wp\/v2\/product"}],"about":[{"href":"https:\/\/www.aps-eb.de\/fr\/wp-json\/wp\/v2\/types\/product"}],"replies":[{"embeddable":true,"href":"https:\/\/www.aps-eb.de\/fr\/wp-json\/wp\/v2\/comments?post=3535"}],"wp:featuredmedia":[{"embeddable":true,"href":"https:\/\/www.aps-eb.de\/fr\/wp-json\/wp\/v2\/media\/3585"}],"wp:attachment":[{"href":"https:\/\/www.aps-eb.de\/fr\/wp-json\/wp\/v2\/media?parent=3535"}],"wp:term":[{"taxonomy":"product_brand","embeddable":true,"href":"https:\/\/www.aps-eb.de\/fr\/wp-json\/wp\/v2\/product_brand?post=3535"},{"taxonomy":"product_cat","embeddable":true,"href":"https:\/\/www.aps-eb.de\/fr\/wp-json\/wp\/v2\/product_cat?post=3535"},{"taxonomy":"product_tag","embeddable":true,"href":"https:\/\/www.aps-eb.de\/fr\/wp-json\/wp\/v2\/product_tag?post=3535"}],"curies":[{"name":"wp","href":"https:\/\/api.w.org\/{rel}","templated":true}]}}