{"id":3592,"date":"2025-11-01T15:52:47","date_gmt":"2025-11-01T15:52:47","guid":{"rendered":"https:\/\/aps-eb.de\/?post_type=product&#038;p=3592"},"modified":"2026-01-01T19:26:04","modified_gmt":"2026-01-01T19:26:04","slug":"boxerhort-82e-division-aeroportee","status":"publish","type":"product","link":"https:\/\/www.aps-eb.de\/fr\/categorie\/boxerhort-82e-division-aeroportee\/","title":{"rendered":"Boxer \u00ab 82e Division a\u00e9roport\u00e9e \u00bb"},"content":{"rendered":"<h1>Boxer \u00ab 82e Division a\u00e9roport\u00e9e \u00bb<\/h1>\n<div>Description :<\/div>\n<div>\n<p><big>Boxer de haute qualit\u00e9 avec un ajustement parfait. Le boxer s'adapte comme coul\u00e9 et vient dans un mod\u00e8le de taille moyenne avec de longues jambes. Les boxers ont une ceinture souple et \u00e9lastique avec du texte et un logo.<\/big><\/p>\n<p><big>Le logo repr\u00e9sente la 82e division a\u00e9roport\u00e9e de l'arm\u00e9e am\u00e9ricaine. La 82e division a\u00e9roport\u00e9e est une unit\u00e9 d'\u00e9lite compos\u00e9e principalement de parachutistes.&nbsp;<\/big><\/p>\n<p><big>Les boxers sont livr\u00e9s dans un emballage tendance et sont parfaits pour offrir!<\/big><\/p>\n<p><strong><big>Caract\u00e9ristiques:<\/big><\/strong><\/p>\n<ul>\n<li><big>\u2013 Bande \u00e9lastique de logo<\/big><\/li>\n<li><big>\u2013 Pied gauche portant le logo de la 82e Airborne<\/big><\/li>\n<li><big>\u2013 V\u00eatements Fostex indispensables pour tous les jours<\/big><\/li>\n<\/ul>\n<\/div>","protected":false},"excerpt":{"rendered":"<h1>Boxer \u00ab 82e Division a\u00e9roport\u00e9e \u00bb<\/h1>","protected":false},"featured_media":3634,"comment_status":"open","ping_status":"closed","template":"","meta":{"_rtcl_gb_attr":"","ngg_post_thumbnail":0},"product_brand":[],"product_cat":[430],"product_tag":[336,429,85],"class_list":{"0":"post-3592","1":"product","2":"type-product","3":"status-publish","4":"has-post-thumbnail","6":"product_cat-geschenkideen","7":"product_tag-fostex-garments","8":"product_tag-unterwaesche","9":"product_tag-us-army","11":"first","12":"instock","13":"taxable","14":"shipping-taxable","15":"purchasable","16":"product-type-variable","17":"has-default-attributes"},"bundled_by":[],"bundle_stock_status":"instock","bundle_stock_quantity":10,"bundle_virtual":false,"bundle_layout":"","bundle_add_to_cart_form_location":"","bundle_editable_in_cart":false,"bundle_sold_individually_context":"","bundle_item_grouping":"","bundle_min_size":"","bundle_max_size":"","bundle_price":[],"bundled_items":[],"bundle_sell_ids":[],"jetpack_sharing_enabled":true,"_links":{"self":[{"href":"https:\/\/www.aps-eb.de\/fr\/wp-json\/wp\/v2\/product\/3592","targetHints":{"allow":["GET"]}}],"collection":[{"href":"https:\/\/www.aps-eb.de\/fr\/wp-json\/wp\/v2\/product"}],"about":[{"href":"https:\/\/www.aps-eb.de\/fr\/wp-json\/wp\/v2\/types\/product"}],"replies":[{"embeddable":true,"href":"https:\/\/www.aps-eb.de\/fr\/wp-json\/wp\/v2\/comments?post=3592"}],"wp:featuredmedia":[{"embeddable":true,"href":"https:\/\/www.aps-eb.de\/fr\/wp-json\/wp\/v2\/media\/3634"}],"wp:attachment":[{"href":"https:\/\/www.aps-eb.de\/fr\/wp-json\/wp\/v2\/media?parent=3592"}],"wp:term":[{"taxonomy":"product_brand","embeddable":true,"href":"https:\/\/www.aps-eb.de\/fr\/wp-json\/wp\/v2\/product_brand?post=3592"},{"taxonomy":"product_cat","embeddable":true,"href":"https:\/\/www.aps-eb.de\/fr\/wp-json\/wp\/v2\/product_cat?post=3592"},{"taxonomy":"product_tag","embeddable":true,"href":"https:\/\/www.aps-eb.de\/fr\/wp-json\/wp\/v2\/product_tag?post=3592"}],"curies":[{"name":"wp","href":"https:\/\/api.w.org\/{rel}","templated":true}]}}