{"id":3656,"date":"2025-11-02T09:01:15","date_gmt":"2025-11-02T09:01:15","guid":{"rendered":"https:\/\/aps-eb.de\/?post_type=product&#038;p=3656"},"modified":"2026-01-01T19:24:25","modified_gmt":"2026-01-01T19:24:25","slug":"air-force-pilotenrucksack-06","status":"publish","type":"product","link":"https:\/\/www.aps-eb.de\/fr\/categorie\/air-force-pilotenrucksack-06\/","title":{"rendered":"Sac \u00e0 dos de pilote de l'arm\u00e9e de l'air 06"},"content":{"rendered":"<h4 id=\"tw-target-text\" class=\"tw-data-text tw-text-large tw-ta\" dir=\"ltr\" data-placeholder=\"Translation\">Sac \u00e0 dos de pilote de l'arm\u00e9e de l'air 06<\/h4>\n<ul>\n<li><span style=\"color: #000000; font-family: Arial; font-size: small;\">Coutures d\u00e9cal\u00e9es de couleur<\/span><\/li>\n<li><span style=\"color: #000000; font-family: Arial; font-size: small;\">Poche zipp\u00e9e \u00e0 l'ext\u00e9rieur<\/span><\/li>\n<li><span style=\"color: #000000; font-family: Arial; font-size: small;\">Ext\u00e9rieur un sac ouvert avec fermeture rapide en m\u00e9tal<\/span><\/li>\n<li><span style=\"color: #000000; font-family: Arial; font-size: small;\">Compartiment lat\u00e9ral avec fermeture zipp\u00e9e<\/span><\/li>\n<li><span style=\"color: #000000; font-family: Arial; font-size: small;\">Compartiment principal avec fermeture \u00e0 glissi\u00e8re continue jusqu'au sol<\/span><\/li>\n<li><span style=\"color: #000000; font-family: Arial; font-size: small;\">Poche int\u00e9rieure dans le dos<\/span><\/li>\n<li><span style=\"color: #000000; font-family: Arial; font-size: small;\">Poign\u00e9e courte et bretelles rembourr\u00e9es r\u00e9glables<\/span><\/li>\n<li><span style=\"color: #000000; font-family: Arial; font-size: small;\">Mat\u00e9riel 100% nylon<\/span><\/li>\n<li><span style=\"color: #000000; font-family: Arial; font-size: small;\">Dimensions : (L x H x P) env. 25 x 16 x 40 cm<\/span><\/li>\n<li><span style=\"color: #000000; font-family: Arial; font-size: small;\">Poids : 0,65 kg<\/span><\/li>\n<\/ul>","protected":false},"excerpt":{"rendered":"<h4 id=\"tw-target-text\" class=\"tw-data-text tw-text-large tw-ta\" dir=\"ltr\" data-placeholder=\"Translation\">Sac \u00e0 dos de pilote de l'arm\u00e9e de l'air 06<\/h4>","protected":false},"featured_media":3659,"comment_status":"open","ping_status":"closed","template":"","meta":{"_rtcl_gb_attr":"","ngg_post_thumbnail":0},"product_brand":[],"product_cat":[330],"product_tag":[134,133,132,85],"class_list":{"0":"post-3656","1":"product","2":"type-product","3":"status-publish","4":"has-post-thumbnail","6":"product_cat-taschen-backpacks","7":"product_tag-kartentasche","8":"product_tag-pilotentasche","9":"product_tag-tragetasche","10":"product_tag-us-army","11":"pa_farbe-olive","12":"pa_farbe-schwarz","14":"first","15":"instock","16":"taxable","17":"shipping-taxable","18":"purchasable","19":"product-type-variable","20":"has-default-attributes"},"bundled_by":[],"bundle_stock_status":"instock","bundle_stock_quantity":10,"bundle_virtual":false,"bundle_layout":"","bundle_add_to_cart_form_location":"","bundle_editable_in_cart":false,"bundle_sold_individually_context":"","bundle_item_grouping":"","bundle_min_size":"","bundle_max_size":"","bundle_price":[],"bundled_items":[],"bundle_sell_ids":[],"jetpack_sharing_enabled":true,"_links":{"self":[{"href":"https:\/\/www.aps-eb.de\/fr\/wp-json\/wp\/v2\/product\/3656","targetHints":{"allow":["GET"]}}],"collection":[{"href":"https:\/\/www.aps-eb.de\/fr\/wp-json\/wp\/v2\/product"}],"about":[{"href":"https:\/\/www.aps-eb.de\/fr\/wp-json\/wp\/v2\/types\/product"}],"replies":[{"embeddable":true,"href":"https:\/\/www.aps-eb.de\/fr\/wp-json\/wp\/v2\/comments?post=3656"}],"wp:featuredmedia":[{"embeddable":true,"href":"https:\/\/www.aps-eb.de\/fr\/wp-json\/wp\/v2\/media\/3659"}],"wp:attachment":[{"href":"https:\/\/www.aps-eb.de\/fr\/wp-json\/wp\/v2\/media?parent=3656"}],"wp:term":[{"taxonomy":"product_brand","embeddable":true,"href":"https:\/\/www.aps-eb.de\/fr\/wp-json\/wp\/v2\/product_brand?post=3656"},{"taxonomy":"product_cat","embeddable":true,"href":"https:\/\/www.aps-eb.de\/fr\/wp-json\/wp\/v2\/product_cat?post=3656"},{"taxonomy":"product_tag","embeddable":true,"href":"https:\/\/www.aps-eb.de\/fr\/wp-json\/wp\/v2\/product_tag?post=3656"}],"curies":[{"name":"wp","href":"https:\/\/api.w.org\/{rel}","templated":true}]}}