{"id":7031,"date":"2025-12-02T11:26:59","date_gmt":"2025-12-02T11:26:59","guid":{"rendered":"https:\/\/www.aps-eb.de\/?post_type=product&#038;p=7031"},"modified":"2025-12-08T15:42:33","modified_gmt":"2025-12-08T15:42:33","slug":"beringer-wheel-rad-ra-005-8-90-12-5","status":"publish","type":"product","link":"https:\/\/www.aps-eb.de\/fr\/categorie\/beringer-wheel-rad-ra-005-8-90-12-5\/","title":{"rendered":"Beringer Wheel &#8211; Rad RA-005 &#8211; 8.90-12.5&#8243;"},"content":{"rendered":"<h2>Beringer Wheel &#8211; Rad RA-005 &#8211; 8.90-12.5&#8243;<\/h2>\n<div id=\"tw-container\" class=\"nev7se\" data-cp=\"1\" data-nnttsvi=\"1\" data-sletp=\"false\" data-sm=\"1\" data-ssbp=\"false\" data-sugg-time=\"500\" data-sugg-url=\"https:\/\/clients1.google.com\/complete\/search\" data-uilc=\"de\" data-vil=\",af,af-ZA,am,am-ET,ar-EG,ar-AE,ar-KW,ar-QA,ar,ar-IL,ar-JO,ar-LB,ar-PS,az,az-AZ,bg,bg-BG,bn,bn-BD,bn-IN,ca,ca-es,cs,cs-CZ,de,de-DE,de-CH,de-AT,de-LI,en,en-US,en-CA,en-AU,en-NZ,en-GB,en-IN,en-KE,en-TZ,en-NG,en-GH,en-PH,en-ZA,es,es-ES,es-AR,es-UY,es-419,es-BO,es-CL,es-CR,es-CO,es-DO,es-EC,es-GT,es-HN,es-NI,es-PA,es-PE,es-PR,es-PY,es-SV,es-VE,es-MX,es-US,eu,eu-ES,fi,fi-FI,fr,fr-FR,fr-CH,fr-BE,gl,gl-ES,gu,gu-IN,he,he-IL,iw,iw-IL,hu,hu-HU,hy,hy-AM,id,id-ID,is,is-IS,it,it-IT,it-CH,ja,ja-JP,jv,jv-ID,ka,ka-GE,km,km-KH,kn,kn-IN,ko,ko-KR,la,lo,lo-LA,lv,lv-LV,ml,ml-IN,mr,mr-IN,ms,ms-MY,nl,nl-NL,nb,nb-NO,ne,ne-NP,pl,pl-PL,pt,pt-BR,pt-PT,ro,ro-RO,ru,ru-RU,si-LK,sk,sk-SK,sr,sr-RS,su,su-ID,sv,sv-SE,sw,sw-TZ,sw-KE,ta,ta-IN,ta-SG,ta-LK,ta-MY,te,te-IN,tr,tr-TR,ur,ur-PK,ur-IN,yue,yue-HK,yue-Hant-HK,zh-HK,zh,zh-CN,zh-cmn,zh-cmn-CN,zh-Hans,zh-Hans-CN,zh-cmn-Hans,zh-cmn-Hans-CN,cmn-CN,cmn-Hans,cmn-Hans-CN,zh-TW,zh-Hant-TW,cmn-TW,cmn-Hant-TW,zh-cmn-TW,zh-cmn-Hant-TW,zu,zu-ZA,hi,hi-IN,tl,tl-PH,pa,pa-IN\">\n<div id=\"tw-ob\" class=\"tw-src-ltr\">\n<div class=\"oSioSc\">\n<div id=\"tw-target\">\n<div id=\"kAz1tf\" class=\"g9WsWb PZPZlf\" data-attrid=\"tw-targetArea\" data-entityname=\"Google Translate\">\n<div id=\"tw-target-text-container\" class=\"tw-ta-container tw-nfl\" tabindex=\"0\" role=\"text\">\n<h5 id=\"tw-target-text\" class=\"tw-data-text tw-text-large tw-ta\" dir=\"ltr\" tabindex=\"-1\" role=\"text\" data-placeholder=\"\u00dcbersetzung\" data-ved=\"2ahUKEwjcocms47yQAxW92wIHHfGDA4QQ3ewLegQICxAV\" aria-label=\"Texte traduit: Caract\u00e9ristiques techniques g\u00e9n\u00e9rales: Roue en deux moiti\u00e9s En aluminium \u00e0 haute r\u00e9sistance, enti\u00e8rement usin\u00e9 Anodisation au soufre Sans chambre \u00e0 air pour plus de s\u00e9curit\u00e9 (joint torique et valve rigide) Roulements \u00e9tanches \u2192 aucun reconditionnement requis (acier inoxydable disponible en option) \u00c9triers de frein brevet\u00e9s, Aerotec avec piston en acier inoxydable Plaquettes de frein en m\u00e9tal fritt\u00e9, fix\u00e9es sur une plaque de support Disque de frein flottant Essieux en acier ou en aluminium Roulements sans chambre \u00e0 air Roulements en acier inoxydable en option\"><span class=\"Y2IQFc\" lang=\"de\">Caract\u00e9ristiques techniques g\u00e9n\u00e9rales:<\/span><\/h5>\n<ul>\n<li class=\"tw-data-text tw-text-large tw-ta\" dir=\"ltr\" tabindex=\"-1\" role=\"text\" data-placeholder=\"\u00dcbersetzung\" data-ved=\"2ahUKEwjcocms47yQAxW92wIHHfGDA4QQ3ewLegQICxAV\" aria-label=\"Texte traduit: Caract\u00e9ristiques techniques g\u00e9n\u00e9rales: Roue en deux moiti\u00e9s En aluminium \u00e0 haute r\u00e9sistance, enti\u00e8rement usin\u00e9 Anodisation au soufre Sans chambre \u00e0 air pour plus de s\u00e9curit\u00e9 (joint torique et valve rigide) Roulements \u00e9tanches \u2192 aucun reconditionnement requis (acier inoxydable disponible en option) \u00c9triers de frein brevet\u00e9s, Aerotec avec piston en acier inoxydable Plaquettes de frein en m\u00e9tal fritt\u00e9, fix\u00e9es sur une plaque de support Disque de frein flottant Essieux en acier ou en aluminium Roulements sans chambre \u00e0 air Roulements en acier inoxydable en option\"><span class=\"Y2IQFc\" lang=\"de\">Roue en deux moiti\u00e9s <\/span><\/li>\n<li class=\"tw-data-text tw-text-large tw-ta\" dir=\"ltr\" tabindex=\"-1\" role=\"text\" data-placeholder=\"\u00dcbersetzung\" data-ved=\"2ahUKEwjcocms47yQAxW92wIHHfGDA4QQ3ewLegQICxAV\" aria-label=\"Texte traduit: Caract\u00e9ristiques techniques g\u00e9n\u00e9rales: Roue en deux moiti\u00e9s En aluminium \u00e0 haute r\u00e9sistance, enti\u00e8rement usin\u00e9 Anodisation au soufre Sans chambre \u00e0 air pour plus de s\u00e9curit\u00e9 (joint torique et valve rigide) Roulements \u00e9tanches \u2192 aucun reconditionnement requis (acier inoxydable disponible en option) \u00c9triers de frein brevet\u00e9s, Aerotec avec piston en acier inoxydable Plaquettes de frein en m\u00e9tal fritt\u00e9, fix\u00e9es sur une plaque de support Disque de frein flottant Essieux en acier ou en aluminium Roulements sans chambre \u00e0 air Roulements en acier inoxydable en option\"><span class=\"Y2IQFc\" lang=\"de\">En aluminium \u00e0 haute r\u00e9sistance, frais\u00e9 \u00e0 l'\u00e9tat solide<\/span><\/li>\n<li class=\"tw-data-text tw-text-large tw-ta\" dir=\"ltr\" tabindex=\"-1\" role=\"text\" data-placeholder=\"\u00dcbersetzung\" data-ved=\"2ahUKEwjcocms47yQAxW92wIHHfGDA4QQ3ewLegQICxAV\" aria-label=\"Texte traduit: Caract\u00e9ristiques techniques g\u00e9n\u00e9rales: Roue en deux moiti\u00e9s En aluminium \u00e0 haute r\u00e9sistance, enti\u00e8rement usin\u00e9 Anodisation au soufre Sans chambre \u00e0 air pour plus de s\u00e9curit\u00e9 (joint torique et valve rigide) Roulements \u00e9tanches \u2192 aucun reconditionnement requis (acier inoxydable disponible en option) \u00c9triers de frein brevet\u00e9s, Aerotec avec piston en acier inoxydable Plaquettes de frein en m\u00e9tal fritt\u00e9, fix\u00e9es sur une plaque de support Disque de frein flottant Essieux en acier ou en aluminium Roulements sans chambre \u00e0 air Roulements en acier inoxydable en option\"><span class=\"Y2IQFc\" lang=\"de\">Anodis\u00e9 au soufre<\/span><\/li>\n<li class=\"tw-data-text tw-text-large tw-ta\" dir=\"ltr\" tabindex=\"-1\" role=\"text\" data-placeholder=\"\u00dcbersetzung\" data-ved=\"2ahUKEwjcocms47yQAxW92wIHHfGDA4QQ3ewLegQICxAV\" aria-label=\"Texte traduit: Caract\u00e9ristiques techniques g\u00e9n\u00e9rales: Roue en deux moiti\u00e9s En aluminium \u00e0 haute r\u00e9sistance, enti\u00e8rement usin\u00e9 Anodisation au soufre Sans chambre \u00e0 air pour plus de s\u00e9curit\u00e9 (joint torique et valve rigide) Roulements \u00e9tanches \u2192 aucun reconditionnement requis (acier inoxydable disponible en option) \u00c9triers de frein brevet\u00e9s, Aerotec avec piston en acier inoxydable Plaquettes de frein en m\u00e9tal fritt\u00e9, fix\u00e9es sur une plaque de support Disque de frein flottant Essieux en acier ou en aluminium Roulements sans chambre \u00e0 air Roulements en acier inoxydable en option\"><span class=\"Y2IQFc\" lang=\"de\">Sans chambre \u00e0 air pour plus de s\u00e9curit\u00e9 (joint torique et vanne rigide)<\/span><\/li>\n<li class=\"tw-data-text tw-text-large tw-ta\" dir=\"ltr\" tabindex=\"-1\" role=\"text\" data-placeholder=\"\u00dcbersetzung\" data-ved=\"2ahUKEwjcocms47yQAxW92wIHHfGDA4QQ3ewLegQICxAV\" aria-label=\"Texte traduit: Caract\u00e9ristiques techniques g\u00e9n\u00e9rales: Roue en deux moiti\u00e9s En aluminium \u00e0 haute r\u00e9sistance, enti\u00e8rement usin\u00e9 Anodisation au soufre Sans chambre \u00e0 air pour plus de s\u00e9curit\u00e9 (joint torique et valve rigide) Roulements \u00e9tanches \u2192 aucun reconditionnement requis (acier inoxydable disponible en option) \u00c9triers de frein brevet\u00e9s, Aerotec avec piston en acier inoxydable Plaquettes de frein en m\u00e9tal fritt\u00e9, fix\u00e9es sur une plaque de support Disque de frein flottant Essieux en acier ou en aluminium Roulements sans chambre \u00e0 air Roulements en acier inoxydable en option\"><span class=\"Y2IQFc\" lang=\"de\">Roulements \u00e9tanches \u2192 aucun reconditionnement requis (acier inoxydable disponible en option)<\/span><\/li>\n<li class=\"tw-data-text tw-text-large tw-ta\" dir=\"ltr\" tabindex=\"-1\" role=\"text\" data-placeholder=\"\u00dcbersetzung\" data-ved=\"2ahUKEwjcocms47yQAxW92wIHHfGDA4QQ3ewLegQICxAV\" aria-label=\"Texte traduit: Caract\u00e9ristiques techniques g\u00e9n\u00e9rales: Roue en deux moiti\u00e9s En aluminium \u00e0 haute r\u00e9sistance, enti\u00e8rement usin\u00e9 Anodisation au soufre Sans chambre \u00e0 air pour plus de s\u00e9curit\u00e9 (joint torique et valve rigide) Roulements \u00e9tanches \u2192 aucun reconditionnement requis (acier inoxydable disponible en option) \u00c9triers de frein brevet\u00e9s, Aerotec avec piston en acier inoxydable Plaquettes de frein en m\u00e9tal fritt\u00e9, fix\u00e9es sur une plaque de support Disque de frein flottant Essieux en acier ou en aluminium Roulements sans chambre \u00e0 air Roulements en acier inoxydable en option\"><span class=\"Y2IQFc\" lang=\"de\">\u00c9triers de frein brevet\u00e9s<\/span><\/li>\n<li class=\"tw-data-text tw-text-large tw-ta\" dir=\"ltr\" tabindex=\"-1\" role=\"text\" data-placeholder=\"\u00dcbersetzung\" data-ved=\"2ahUKEwjcocms47yQAxW92wIHHfGDA4QQ3ewLegQICxAV\" aria-label=\"Texte traduit: Caract\u00e9ristiques techniques g\u00e9n\u00e9rales: Roue en deux moiti\u00e9s En aluminium \u00e0 haute r\u00e9sistance, enti\u00e8rement usin\u00e9 Anodisation au soufre Sans chambre \u00e0 air pour plus de s\u00e9curit\u00e9 (joint torique et valve rigide) Roulements \u00e9tanches \u2192 aucun reconditionnement requis (acier inoxydable disponible en option) \u00c9triers de frein brevet\u00e9s, Aerotec avec piston en acier inoxydable Plaquettes de frein en m\u00e9tal fritt\u00e9, fix\u00e9es sur une plaque de support Disque de frein flottant Essieux en acier ou en aluminium Roulements sans chambre \u00e0 air Roulements en acier inoxydable en option\"><span class=\"Y2IQFc\" lang=\"de\">Aerotec avec piston en acier inoxydable<\/span><\/li>\n<li class=\"tw-data-text tw-text-large tw-ta\" dir=\"ltr\" tabindex=\"-1\" role=\"text\" data-placeholder=\"\u00dcbersetzung\" data-ved=\"2ahUKEwjcocms47yQAxW92wIHHfGDA4QQ3ewLegQICxAV\" aria-label=\"Texte traduit: Caract\u00e9ristiques techniques g\u00e9n\u00e9rales: Roue en deux moiti\u00e9s En aluminium \u00e0 haute r\u00e9sistance, enti\u00e8rement usin\u00e9 Anodisation au soufre Sans chambre \u00e0 air pour plus de s\u00e9curit\u00e9 (joint torique et valve rigide) Roulements \u00e9tanches \u2192 aucun reconditionnement requis (acier inoxydable disponible en option) \u00c9triers de frein brevet\u00e9s, Aerotec avec piston en acier inoxydable Plaquettes de frein en m\u00e9tal fritt\u00e9, fix\u00e9es sur une plaque de support Disque de frein flottant Essieux en acier ou en aluminium Roulements sans chambre \u00e0 air Roulements en acier inoxydable en option\"><span class=\"Y2IQFc\" lang=\"de\">Garnitures de frein en m\u00e9tal fritt\u00e9 fix\u00e9es sur une plaque de support<\/span><\/li>\n<li class=\"tw-data-text tw-text-large tw-ta\" dir=\"ltr\" tabindex=\"-1\" role=\"text\" data-placeholder=\"\u00dcbersetzung\" data-ved=\"2ahUKEwjcocms47yQAxW92wIHHfGDA4QQ3ewLegQICxAV\" aria-label=\"Texte traduit: Caract\u00e9ristiques techniques g\u00e9n\u00e9rales: Roue en deux moiti\u00e9s En aluminium \u00e0 haute r\u00e9sistance, enti\u00e8rement usin\u00e9 Anodisation au soufre Sans chambre \u00e0 air pour plus de s\u00e9curit\u00e9 (joint torique et valve rigide) Roulements \u00e9tanches \u2192 aucun reconditionnement requis (acier inoxydable disponible en option) \u00c9triers de frein brevet\u00e9s, Aerotec avec piston en acier inoxydable Plaquettes de frein en m\u00e9tal fritt\u00e9, fix\u00e9es sur une plaque de support Disque de frein flottant Essieux en acier ou en aluminium Roulements sans chambre \u00e0 air Roulements en acier inoxydable en option\"><span class=\"Y2IQFc\" lang=\"de\">Disque de frein flottant<\/span><\/li>\n<li class=\"tw-data-text tw-text-large tw-ta\" dir=\"ltr\" tabindex=\"-1\" role=\"text\" data-placeholder=\"\u00dcbersetzung\" data-ved=\"2ahUKEwjcocms47yQAxW92wIHHfGDA4QQ3ewLegQICxAV\" aria-label=\"Texte traduit: Caract\u00e9ristiques techniques g\u00e9n\u00e9rales: Roue en deux moiti\u00e9s En aluminium \u00e0 haute r\u00e9sistance, enti\u00e8rement usin\u00e9 Anodisation au soufre Sans chambre \u00e0 air pour plus de s\u00e9curit\u00e9 (joint torique et valve rigide) Roulements \u00e9tanches \u2192 aucun reconditionnement requis (acier inoxydable disponible en option) \u00c9triers de frein brevet\u00e9s, Aerotec avec piston en acier inoxydable Plaquettes de frein en m\u00e9tal fritt\u00e9, fix\u00e9es sur une plaque de support Disque de frein flottant Essieux en acier ou en aluminium Roulements sans chambre \u00e0 air Roulements en acier inoxydable en option\"><span class=\"Y2IQFc\" lang=\"de\">Essieux en acier ou en aluminium<\/span><\/li>\n<li class=\"tw-data-text tw-text-large tw-ta\" dir=\"ltr\" tabindex=\"-1\" role=\"text\" data-placeholder=\"\u00dcbersetzung\" data-ved=\"2ahUKEwjcocms47yQAxW92wIHHfGDA4QQ3ewLegQICxAV\" aria-label=\"Texte traduit: Caract\u00e9ristiques techniques g\u00e9n\u00e9rales: Roue en deux moiti\u00e9s En aluminium \u00e0 haute r\u00e9sistance, enti\u00e8rement usin\u00e9 Anodisation au soufre Sans chambre \u00e0 air pour plus de s\u00e9curit\u00e9 (joint torique et valve rigide) Roulements \u00e9tanches \u2192 aucun reconditionnement requis (acier inoxydable disponible en option) \u00c9triers de frein brevet\u00e9s, Aerotec avec piston en acier inoxydable Plaquettes de frein en m\u00e9tal fritt\u00e9, fix\u00e9es sur une plaque de support Disque de frein flottant Essieux en acier ou en aluminium Roulements sans chambre \u00e0 air Roulements en acier inoxydable en option\"><span class=\"Y2IQFc\" lang=\"de\">Pneus sans chambre \u00e0 air<\/span><\/li>\n<li class=\"tw-data-text tw-text-large tw-ta\" dir=\"ltr\" tabindex=\"-1\" role=\"text\" data-placeholder=\"\u00dcbersetzung\" data-ved=\"2ahUKEwjcocms47yQAxW92wIHHfGDA4QQ3ewLegQICxAV\" aria-label=\"Texte traduit: Caract\u00e9ristiques techniques g\u00e9n\u00e9rales: Roue en deux moiti\u00e9s En aluminium \u00e0 haute r\u00e9sistance, enti\u00e8rement usin\u00e9 Anodisation au soufre Sans chambre \u00e0 air pour plus de s\u00e9curit\u00e9 (joint torique et valve rigide) Roulements \u00e9tanches \u2192 aucun reconditionnement requis (acier inoxydable disponible en option) \u00c9triers de frein brevet\u00e9s, Aerotec avec piston en acier inoxydable Plaquettes de frein en m\u00e9tal fritt\u00e9, fix\u00e9es sur une plaque de support Disque de frein flottant Essieux en acier ou en aluminium Roulements sans chambre \u00e0 air Roulements en acier inoxydable en option\"><span class=\"Y2IQFc\" lang=\"de\">Roulement en acier inoxydable facultatif<\/span><\/li>\n<\/ul>\n<p>&nbsp;<\/p>\n<table>\n<tbody>\n<tr>\n<td width=\"42\"><strong>roue<\/strong><strong> P\/N<\/strong><\/td>\n<td width=\"60\"><strong>Dimension<\/strong><\/td>\n<td width=\"33\"><strong>\u00f8<\/strong><\/td>\n<td width=\"78\"><strong>Lager <\/strong><strong>(Achse)<\/strong><\/td>\n<td width=\"66\"><strong>Ruhende<\/strong><strong> Belastung<\/strong><\/p>\n<p><strong>lbs <\/strong><strong>(Kg)<\/strong><\/td>\n<td width=\"108\"><strong>Hochgewichtbelastung<\/strong><strong> lbs (Kg)<\/strong><\/td>\n<td width=\"75\"><strong>roue<\/strong> <strong>Gewicht<\/strong> <strong>lbs (Kg)<\/strong><\/td>\n<\/tr>\n<tr>\n<td width=\"42\">RA-008<\/td>\n<td width=\"60\">8.90-12.5&#8243;<\/td>\n<td width=\"33\">12.5&#8243;<\/td>\n<td width=\"78\">\u00f841.28-\u00f841.28<\/td>\n<td width=\"66\">2023 (917)<\/td>\n<td width=\"108\">9103 (4128)<\/td>\n<td width=\"75\">16.43 (7.45)<\/td>\n<\/tr>\n<\/tbody>\n<\/table>\n<\/div>\n<\/div>\n<\/div>\n<div data-attrid=\"tw-targetArea\" data-entityname=\"Google Translate\">&nbsp;<\/div>\n<\/div>\n<\/div>\n<\/div>","protected":false},"excerpt":{"rendered":"<h2>Beringer Wheel &#8211; Rad RA-005 &#8211; 8.90-12.5&#8243;<\/h2>","protected":false},"featured_media":6975,"comment_status":"open","ping_status":"closed","template":"","meta":{"_rtcl_gb_attr":"","ngg_post_thumbnail":0},"product_brand":[431],"product_cat":[390],"product_tag":[391,387,122,118,389,386],"class_list":{"0":"post-7031","1":"product","2":"type-product","3":"status-publish","4":"has-post-thumbnail","6":"product_brand-beringer","7":"product_cat-beringer_wheel","8":"product_tag-beringer","9":"product_tag-breakpad","10":"product_tag-bremsbelag","11":"product_tag-bremsscheibe","12":"product_tag-felge","13":"product_tag-rad","15":"first","16":"instock","17":"taxable","18":"shipping-taxable","19":"purchasable","20":"product-type-bundle"},"bundled_by":[],"bundle_stock_status":"instock","bundle_stock_quantity":"","bundle_virtual":false,"bundle_layout":"grid","bundle_add_to_cart_form_location":"default","bundle_editable_in_cart":true,"bundle_sold_individually_context":"product","bundle_item_grouping":"parent","bundle_min_size":1,"bundle_max_size":"","bundle_price":{"price":{"min":{"incl_tax":"0.00","excl_tax":"0.00"},"max":{"incl_tax":"0.00","excl_tax":"0.00"}},"regular_price":{"min":{"incl_tax":"0.00","excl_tax":"0.00"},"max":{"incl_tax":"0.00","excl_tax":"0.00"}}},"bundled_items":[{"bundled_item_id":335,"product_id":5784,"menu_order":0,"quantity_min":1,"quantity_max":30,"quantity_default":1,"priced_individually":true,"shipped_individually":false,"override_title":true,"title":"Pos. 01","override_description":false,"description":"","optional":true,"hide_thumbnail":true,"discount":"","override_variations":false,"allowed_variations":[],"override_default_variation_attributes":false,"default_variation_attributes":[],"single_product_visibility":"visible","cart_visibility":"visible","order_visibility":"visible","single_product_price_visibility":"visible","cart_price_visibility":"visible","order_price_visibility":"visible","stock_status":"in_stock"},{"bundled_item_id":336,"product_id":5252,"menu_order":1,"quantity_min":1,"quantity_max":30,"quantity_default":2,"priced_individually":true,"shipped_individually":false,"override_title":true,"title":"Pos. 02","override_description":false,"description":"","optional":true,"hide_thumbnail":true,"discount":"","override_variations":false,"allowed_variations":[],"override_default_variation_attributes":false,"default_variation_attributes":[],"single_product_visibility":"visible","cart_visibility":"visible","order_visibility":"visible","single_product_price_visibility":"visible","cart_price_visibility":"visible","order_price_visibility":"visible","stock_status":"in_stock"},{"bundled_item_id":337,"product_id":5838,"menu_order":2,"quantity_min":1,"quantity_max":30,"quantity_default":2,"priced_individually":true,"shipped_individually":false,"override_title":true,"title":"Pos. 03","override_description":false,"description":"","optional":true,"hide_thumbnail":true,"discount":"","override_variations":false,"allowed_variations":[],"override_default_variation_attributes":false,"default_variation_attributes":[],"single_product_visibility":"visible","cart_visibility":"visible","order_visibility":"visible","single_product_price_visibility":"visible","cart_price_visibility":"visible","order_price_visibility":"visible","stock_status":"in_stock"},{"bundled_item_id":338,"product_id":5814,"menu_order":3,"quantity_min":1,"quantity_max":30,"quantity_default":1,"priced_individually":true,"shipped_individually":false,"override_title":true,"title":"Pos. 04","override_description":false,"description":"","optional":true,"hide_thumbnail":true,"discount":"","override_variations":false,"allowed_variations":[],"override_default_variation_attributes":false,"default_variation_attributes":[],"single_product_visibility":"visible","cart_visibility":"visible","order_visibility":"visible","single_product_price_visibility":"visible","cart_price_visibility":"visible","order_price_visibility":"visible","stock_status":"in_stock"},{"bundled_item_id":339,"product_id":3950,"menu_order":4,"quantity_min":1,"quantity_max":30,"quantity_default":1,"priced_individually":true,"shipped_individually":false,"override_title":true,"title":"Pos. 05","override_description":false,"description":"","optional":true,"hide_thumbnail":true,"discount":"","override_variations":false,"allowed_variations":[],"override_default_variation_attributes":false,"default_variation_attributes":[],"single_product_visibility":"visible","cart_visibility":"visible","order_visibility":"visible","single_product_price_visibility":"visible","cart_price_visibility":"visible","order_price_visibility":"visible","stock_status":"in_stock"},{"bundled_item_id":340,"product_id":5854,"menu_order":5,"quantity_min":1,"quantity_max":30,"quantity_default":1,"priced_individually":true,"shipped_individually":false,"override_title":true,"title":"Pos. 08","override_description":false,"description":"","optional":true,"hide_thumbnail":true,"discount":"","override_variations":false,"allowed_variations":[],"override_default_variation_attributes":false,"default_variation_attributes":[],"single_product_visibility":"visible","cart_visibility":"visible","order_visibility":"visible","single_product_price_visibility":"visible","cart_price_visibility":"visible","order_price_visibility":"visible","stock_status":"in_stock"},{"bundled_item_id":341,"product_id":5848,"menu_order":6,"quantity_min":1,"quantity_max":30,"quantity_default":1,"priced_individually":true,"shipped_individually":false,"override_title":true,"title":"Pos. 09","override_description":false,"description":"","optional":true,"hide_thumbnail":true,"discount":"","override_variations":false,"allowed_variations":[],"override_default_variation_attributes":false,"default_variation_attributes":[],"single_product_visibility":"visible","cart_visibility":"visible","order_visibility":"visible","single_product_price_visibility":"visible","cart_price_visibility":"visible","order_price_visibility":"visible","stock_status":"in_stock"},{"bundled_item_id":342,"product_id":5853,"menu_order":7,"quantity_min":1,"quantity_max":30,"quantity_default":1,"priced_individually":true,"shipped_individually":false,"override_title":true,"title":"Pos. 10","override_description":false,"description":"","optional":true,"hide_thumbnail":true,"discount":"","override_variations":false,"allowed_variations":[],"override_default_variation_attributes":false,"default_variation_attributes":[],"single_product_visibility":"visible","cart_visibility":"visible","order_visibility":"visible","single_product_price_visibility":"visible","cart_price_visibility":"visible","order_price_visibility":"visible","stock_status":"in_stock"},{"bundled_item_id":343,"product_id":6693,"menu_order":8,"quantity_min":1,"quantity_max":200,"quantity_default":24,"priced_individually":true,"shipped_individually":false,"override_title":true,"title":"Pos. 11","override_description":false,"description":"","optional":true,"hide_thumbnail":true,"discount":"","override_variations":false,"allowed_variations":[],"override_default_variation_attributes":false,"default_variation_attributes":[],"single_product_visibility":"visible","cart_visibility":"visible","order_visibility":"visible","single_product_price_visibility":"visible","cart_price_visibility":"visible","order_price_visibility":"visible","stock_status":"in_stock"},{"bundled_item_id":344,"product_id":6324,"menu_order":9,"quantity_min":1,"quantity_max":30,"quantity_default":1,"priced_individually":true,"shipped_individually":false,"override_title":true,"title":"Komplettrad","override_description":false,"description":"","optional":true,"hide_thumbnail":true,"discount":"","override_variations":false,"allowed_variations":[],"override_default_variation_attributes":false,"default_variation_attributes":[],"single_product_visibility":"visible","cart_visibility":"visible","order_visibility":"visible","single_product_price_visibility":"visible","cart_price_visibility":"visible","order_price_visibility":"visible","stock_status":"in_stock"}],"bundle_sell_ids":[],"jetpack_sharing_enabled":true,"_links":{"self":[{"href":"https:\/\/www.aps-eb.de\/fr\/wp-json\/wp\/v2\/product\/7031","targetHints":{"allow":["GET"]}}],"collection":[{"href":"https:\/\/www.aps-eb.de\/fr\/wp-json\/wp\/v2\/product"}],"about":[{"href":"https:\/\/www.aps-eb.de\/fr\/wp-json\/wp\/v2\/types\/product"}],"replies":[{"embeddable":true,"href":"https:\/\/www.aps-eb.de\/fr\/wp-json\/wp\/v2\/comments?post=7031"}],"wp:featuredmedia":[{"embeddable":true,"href":"https:\/\/www.aps-eb.de\/fr\/wp-json\/wp\/v2\/media\/6975"}],"wp:attachment":[{"href":"https:\/\/www.aps-eb.de\/fr\/wp-json\/wp\/v2\/media?parent=7031"}],"wp:term":[{"taxonomy":"product_brand","embeddable":true,"href":"https:\/\/www.aps-eb.de\/fr\/wp-json\/wp\/v2\/product_brand?post=7031"},{"taxonomy":"product_cat","embeddable":true,"href":"https:\/\/www.aps-eb.de\/fr\/wp-json\/wp\/v2\/product_cat?post=7031"},{"taxonomy":"product_tag","embeddable":true,"href":"https:\/\/www.aps-eb.de\/fr\/wp-json\/wp\/v2\/product_tag?post=7031"}],"curies":[{"name":"wp","href":"https:\/\/api.w.org\/{rel}","templated":true}]}}