{"id":807,"date":"2023-06-01T12:04:12","date_gmt":"2023-06-01T12:04:12","guid":{"rendered":"https:\/\/aps-eb.de\/?post_type=product&#038;p=807"},"modified":"2025-11-17T10:37:25","modified_gmt":"2025-11-17T10:37:25","slug":"propper-series-100-8-boot-herren-serie-100-stiefel-203-cm-mit-seitlichem-reissverschluss-springerstiefel","status":"publish","type":"product","link":"https:\/\/www.aps-eb.de\/fr\/categorie\/propper-series-100-8-boot-herren-serie-100-stiefel-203-cm-mit-seitlichem-reissverschluss-springerstiefel\/","title":{"rendered":"Propper Series 100\u2122 ORIGINAL US-KAMPFSTIEFEL US-ARMEE US-EINSATZSTIEFEL mit seitlichem Rei\u00dfverschluss"},"content":{"rendered":"<h4>Propper Series 100\u2122 ORIGINAL US-KAMPFSTIEFEL US-ARMEE US-EINSATZSTIEFEL mit seitlichem Rei\u00dfverschluss<\/h4>\n<p>Les semelles int\u00e9rieures PREMIUM MEMORY FOAM offrent un confort optimal pour une utilisation toute la journ\u00e9e, tandis que les inserts lavables et amovibles inclus ajoutent un rembourrage et une forme suppl\u00e9mentaires \u00e0 vos pieds pour soutenir la vo\u00fbte plantaire et r\u00e9partir le poids. Les bottes Coyote de la s\u00e9rie Propper 100 sont conformes \u00e0 la norme militaire AR-670 et sont bas\u00e9es sur de vraies tailles am\u00e9ricaines. La conception de l'arc r\u00e9siste \u00e0 l'usure des \u00e9chelles et \u00e0 la descente en rappel rapide. Le syst\u00e8me de la\u00e7age rapide permet d'enfiler et de retirer rapidement. Une doublure antimicrobienne favorise la respirabilit\u00e9 et bloque les bact\u00e9ries responsables des odeurs pour augmenter la fra\u00eecheur et prolonger la dur\u00e9e de vie des bottes. Les mat\u00e9riaux de haute qualit\u00e9 en cuir de b\u0153uf et en nylon r\u00e9sistent au fil du temps et vous maintiennent en mouvement.<\/p>\n<ul>\n<li>Semelle int\u00e9rieure en mousse \u00e0 m\u00e9moire de forme premium<\/li>\n<li>Con\u00e7u dans de vraies tailles am\u00e9ricaines pour un ajustement exceptionnel avec une excellente r\u00e9partition du poids pour un confort toute la journ\u00e9e<\/li>\n<li>Tige en cuir de vachette selon AR 670-1 et 1000D-Nylon<\/li>\n<li>Syst\u00e8me de la\u00e7age rapide r\u00e9sistant au frottement avec 550 la\u00e7ages en paracorde<\/li>\n<li>La conception de l'arc r\u00e9siste \u00e0 l'usure des \u00e9chelles et \u00e0 la descente en rappel rapide<\/li>\n<li>La mousse \u00e0 mailles d'air \u00e0 cellules ouvertes assure une circulation compl\u00e8te de l'air au pied et un confort maximal<\/li>\n<li>Doublure respirante \u00e9vacue l'humidit\u00e9 et r\u00e9gule la temp\u00e9rature, trait\u00e9e avec Aegis\u00ae pour pr\u00e9venir les odeurs<\/li>\n<li>Semelle ext\u00e9rieure en caoutchouc antid\u00e9rapante et antid\u00e9rapante pour une excellente traction et absorption des chocs<\/li>\n<li>Test\u00e9 et approuv\u00e9 par les membres de l'OTAN<\/li>\n<li>Inserts facultatifs GRATUITS de forme de passeport inclus<\/li>\n<li>Import\u00e9<\/li>\n<\/ul>\n<p>Les chaussures Propper\u00ae sont con\u00e7ues pour un confort et une durabilit\u00e9 durables. Toutes nos bottes sont bas\u00e9es sur de vraies tailles am\u00e9ricaines pour assurer un ajustement parfait. La tige en cuir et en nylon 1000D peut \u00eatre serr\u00e9e avec un syst\u00e8me de la\u00e7age rapide rapide rapide et facile. Notre fondation en caoutchouc \u00e0 triple densit\u00e9 et un arc d'un m\u00e9lange durable r\u00e9sistent aux rigueurs de la corde rapide. La s\u00e9rie 100\u00ae offre un excellent rapport qualit\u00e9-prix pour les chaussures.<\/p>\n<p><b>Remarque:<\/b>&nbsp;M = regular width | W = wide width<\/p>","protected":false},"excerpt":{"rendered":"<h4>Propper Series 100\u2122 ORIGINAL US-KAMPFSTIEFEL US-ARMEE US-EINSATZSTIEFEL mit seitlichem Rei\u00dfverschluss<\/h4>\n<p>Les semelles int\u00e9rieures PREMIUM MEMORY FOAM offrent un confort optimal pour une utilisation toute la journ\u00e9e, tandis que les inserts lavables et amovibles inclus ajoutent un rembourrage et une forme suppl\u00e9mentaires \u00e0 vos pieds pour soutenir la vo\u00fbte plantaire et r\u00e9partir le poids. Les bottes Coyote de la s\u00e9rie Propper 100 sont conformes \u00e0 la norme militaire AR-670 et sont bas\u00e9es sur de vraies tailles am\u00e9ricaines. La conception de l'arc r\u00e9siste \u00e0 l'usure des \u00e9chelles et \u00e0 la descente en rappel rapide. Le syst\u00e8me de la\u00e7age rapide permet d'enfiler et de retirer rapidement. Une doublure antimicrobienne favorise la respirabilit\u00e9 et bloque les bact\u00e9ries responsables des odeurs pour augmenter la fra\u00eecheur et prolonger la dur\u00e9e de vie des bottes. Les mat\u00e9riaux de haute qualit\u00e9 en cuir de b\u0153uf et en nylon r\u00e9sistent au fil du temps et vous maintiennent en mouvement.<\/p>","protected":false},"featured_media":847,"comment_status":"open","ping_status":"closed","template":"","meta":{"_rtcl_gb_attr":"","ngg_post_thumbnail":0},"product_brand":[],"product_cat":[333],"product_tag":[154,147,155,85,153],"class_list":{"0":"post-807","1":"product","2":"type-product","3":"status-publish","4":"has-post-thumbnail","6":"product_cat-schuhe","7":"product_tag-kampfstiefel","8":"product_tag-propper","9":"product_tag-springerstiefel","10":"product_tag-us-army","11":"product_tag-us-boots","13":"first","14":"instock","15":"taxable","16":"shipping-taxable","17":"purchasable","18":"product-type-variable"},"bundled_by":[],"bundle_stock_status":"instock","bundle_stock_quantity":null,"bundle_virtual":false,"bundle_layout":"","bundle_add_to_cart_form_location":"","bundle_editable_in_cart":false,"bundle_sold_individually_context":"","bundle_item_grouping":"","bundle_min_size":"","bundle_max_size":"","bundle_price":[],"bundled_items":[],"bundle_sell_ids":[],"jetpack_sharing_enabled":true,"_links":{"self":[{"href":"https:\/\/www.aps-eb.de\/fr\/wp-json\/wp\/v2\/product\/807","targetHints":{"allow":["GET"]}}],"collection":[{"href":"https:\/\/www.aps-eb.de\/fr\/wp-json\/wp\/v2\/product"}],"about":[{"href":"https:\/\/www.aps-eb.de\/fr\/wp-json\/wp\/v2\/types\/product"}],"replies":[{"embeddable":true,"href":"https:\/\/www.aps-eb.de\/fr\/wp-json\/wp\/v2\/comments?post=807"}],"wp:featuredmedia":[{"embeddable":true,"href":"https:\/\/www.aps-eb.de\/fr\/wp-json\/wp\/v2\/media\/847"}],"wp:attachment":[{"href":"https:\/\/www.aps-eb.de\/fr\/wp-json\/wp\/v2\/media?parent=807"}],"wp:term":[{"taxonomy":"product_brand","embeddable":true,"href":"https:\/\/www.aps-eb.de\/fr\/wp-json\/wp\/v2\/product_brand?post=807"},{"taxonomy":"product_cat","embeddable":true,"href":"https:\/\/www.aps-eb.de\/fr\/wp-json\/wp\/v2\/product_cat?post=807"},{"taxonomy":"product_tag","embeddable":true,"href":"https:\/\/www.aps-eb.de\/fr\/wp-json\/wp\/v2\/product_tag?post=807"}],"curies":[{"name":"wp","href":"https:\/\/api.w.org\/{rel}","templated":true}]}}